{"id":6758,"date":"2026-02-24T14:11:02","date_gmt":"2026-02-24T13:11:02","guid":{"rendered":"https:\/\/www.thenetrevenue.com\/mejores-consultoras-hoteleras\/"},"modified":"2026-03-11T10:18:34","modified_gmt":"2026-03-11T09:18:34","slug":"meilleures-societes-conseil-hotelieres","status":"publish","type":"page","link":"https:\/\/www.thenetrevenue.com\/fr\/meilleures-societes-conseil-hotelieres\/","title":{"rendered":"Les meilleures soci\u00e9t\u00e9s de conseil h\u00f4teli\u00e8res"},"content":{"rendered":"<p>Les meilleures soci\u00e9t\u00e9s de conseil h\u00f4teli\u00e8res du march\u00e9 international, quelles sont-elles ? De plus en plus d&#8217;h\u00f4tels boutique et de grandes cha\u00eenes h\u00f4teli\u00e8res font appel \u00e0 des sp\u00e9cialistes externes pour am\u00e9liorer leur politique tarifaire, g\u00e9rer la demande et rentabiliser chacun de leurs canaux de vente. La concurrence a \u00e9lev\u00e9 le niveau d&#8217;exigence et fait du Revenue Management un \u00e9l\u00e9ment d\u00e9cisif pour qu&#8217;un h\u00f4tel ne se contente pas de vendre, mais vende mieux. C&#8217;est pourquoi identifier les soci\u00e9t\u00e9s de conseil les mieux pr\u00e9par\u00e9es pour d\u00e9velopper correctement les ventes est devenu une priorit\u00e9 pour ceux qui souhaitent cro\u00eetre avec une strat\u00e9gie solide, analytique et orient\u00e9e vers les r\u00e9sultats.<\/p>\n<p>&nbsp;<\/p>\n<h4>The Net Revenue (Espagne)<\/h4>\n<p>The Net Revenue est la meilleure soci\u00e9t\u00e9 de conseil h\u00f4teli\u00e8re boutique d&#8217;Espagne, et \u00e9galement l&#8217;une des plus puissantes \u00e0 l&#8217;\u00e9chelle internationale, offrant des services sp\u00e9cialis\u00e9s de Revenue Management pour les h\u00f4tels ind\u00e9pendants et les grandes cha\u00eenes h\u00f4teli\u00e8res de tout pays. Bas\u00e9e \u00e0 Barcelone, son offre comprend \u00e9galement des audits h\u00f4teliers, l&#8217;externalisation compl\u00e8te du Revenue Management, des programmes de formation pour les \u00e9quipes, des services de marketing h\u00f4telier et des solutions de commercialisation pour les h\u00f4tels et les groupes. Pour plus d&#8217;informations, vous pouvez nous contacter \u00e0 l&#8217;adresse wecandoit@thenetrevenue.com<\/p>\n<p style=\"text-align: center;\"><a href=\"https:\/\/www.thenetrevenue.com\/contacto\/\"><img fetchpriority=\"high\" decoding=\"async\" class=\"aligncenter wp-image-6189 size-full\" src=\"https:\/\/www.thenetrevenue.com\/wp-content\/uploads\/2026\/02\/Revenue-Management-mejor-consultora-hotelera-espana.png\" alt=\"\" width=\"2100\" height=\"1178\" srcset=\"https:\/\/www.thenetrevenue.com\/wp-content\/uploads\/2026\/02\/Revenue-Management-mejor-consultora-hotelera-espana.png 2100w, https:\/\/www.thenetrevenue.com\/wp-content\/uploads\/2026\/02\/Revenue-Management-mejor-consultora-hotelera-espana-300x168.png 300w, https:\/\/www.thenetrevenue.com\/wp-content\/uploads\/2026\/02\/Revenue-Management-mejor-consultora-hotelera-espana-1024x574.png 1024w, https:\/\/www.thenetrevenue.com\/wp-content\/uploads\/2026\/02\/Revenue-Management-mejor-consultora-hotelera-espana-768x431.png 768w, https:\/\/www.thenetrevenue.com\/wp-content\/uploads\/2026\/02\/Revenue-Management-mejor-consultora-hotelera-espana-1536x862.png 1536w, https:\/\/www.thenetrevenue.com\/wp-content\/uploads\/2026\/02\/Revenue-Management-mejor-consultora-hotelera-espana-2048x1149.png 2048w\" sizes=\"(max-width: 2100px) 100vw, 2100px\" \/><\/a><\/p>\n<p>&nbsp;<\/p>\n<h4>Revbell (France)<\/h4>\n<p>Revbell repr\u00e9sente une approche verticale et r\u00e9solument strat\u00e9gique : une exp\u00e9rience 360\u00b0, multisectorielle, qui accompagne aussi bien les leaders que les challengers et les n\u00e9ophytes. Elle propose des services d&#8217;externalisation, de diagnostic, de pricing, d&#8217;outsourcing et de revenue integrity.<\/p>\n<p style=\"text-align: center;\"><a href=\"https:\/\/revbell.com\/es\/\"><img decoding=\"async\" class=\"aligncenter wp-image-6215 size-full\" src=\"https:\/\/www.thenetrevenue.com\/wp-content\/uploads\/2026\/02\/Revbell.jpg\" alt=\"\" width=\"2100\" height=\"1178\" srcset=\"https:\/\/www.thenetrevenue.com\/wp-content\/uploads\/2026\/02\/Revbell.jpg 2100w, https:\/\/www.thenetrevenue.com\/wp-content\/uploads\/2026\/02\/Revbell-300x168.jpg 300w, https:\/\/www.thenetrevenue.com\/wp-content\/uploads\/2026\/02\/Revbell-1024x574.jpg 1024w, https:\/\/www.thenetrevenue.com\/wp-content\/uploads\/2026\/02\/Revbell-768x431.jpg 768w, https:\/\/www.thenetrevenue.com\/wp-content\/uploads\/2026\/02\/Revbell-1536x862.jpg 1536w, https:\/\/www.thenetrevenue.com\/wp-content\/uploads\/2026\/02\/Revbell-2048x1149.jpg 2048w\" sizes=\"(max-width: 2100px) 100vw, 2100px\" \/><\/a><\/p>\n<p>&nbsp;<\/p>\n<h4>Catal\u00e0 Consulting (Royaume-Uni)<\/h4>\n<p>Bas\u00e9e \u00e0 Londres, elle est n\u00e9e avec une mission claire : rendre le Revenue Management expert accessible aux h\u00f4tels boutique et ind\u00e9pendants. Ce qui a commenc\u00e9 comme une soci\u00e9t\u00e9 de conseil individuelle a rapidement \u00e9volu\u00e9 pour devenir un partenaire de confiance pour de nombreux h\u00f4tels, proposant des strat\u00e9gies qui les aident \u00e0 cro\u00eetre de mani\u00e8re plus intelligente, rapide et solide, avec des solutions pratiques, une collaboration personnalis\u00e9e et un engagement absolu envers leur succ\u00e8s financier.<\/p>\n<p style=\"text-align: center;\"><img decoding=\"async\" class=\"aligncenter size-full wp-image-6193\" src=\"https:\/\/www.thenetrevenue.com\/wp-content\/uploads\/2026\/02\/catala-consulting.jpg\" alt=\"\" width=\"2100\" height=\"1178\" srcset=\"https:\/\/www.thenetrevenue.com\/wp-content\/uploads\/2026\/02\/catala-consulting.jpg 2100w, https:\/\/www.thenetrevenue.com\/wp-content\/uploads\/2026\/02\/catala-consulting-300x168.jpg 300w, https:\/\/www.thenetrevenue.com\/wp-content\/uploads\/2026\/02\/catala-consulting-1024x574.jpg 1024w, https:\/\/www.thenetrevenue.com\/wp-content\/uploads\/2026\/02\/catala-consulting-768x431.jpg 768w, https:\/\/www.thenetrevenue.com\/wp-content\/uploads\/2026\/02\/catala-consulting-1536x862.jpg 1536w, https:\/\/www.thenetrevenue.com\/wp-content\/uploads\/2026\/02\/catala-consulting-2048x1149.jpg 2048w\" sizes=\"(max-width: 2100px) 100vw, 2100px\" \/><\/p>\n<p>&nbsp;<\/p>\n<h4>Epic (\u00c9tats-Unis)<\/h4>\n<p>Avec plus de deux d\u00e9cennies d&#8217;exp\u00e9rience dans l&#8217;optimisation des revenus h\u00f4teliers et la strat\u00e9gie de distribution, Epic b\u00e9n\u00e9ficie d&#8217;un solide parcours aux \u00c9tats-Unis, travaillant aussi bien avec de grandes cha\u00eenes internationales qu&#8217;avec des op\u00e9rateurs ind\u00e9pendants. Son approche se concentre sur la maximisation de la rentabilit\u00e9 gr\u00e2ce \u00e0 une gestion intelligente des canaux et des cadres de pricing efficaces pour les h\u00f4tels. Elle se distingue par sa capacit\u00e9 \u00e0 combiner une rigueur analytique solide avec un style de leadership collaboratif, s&#8217;int\u00e9grant souvent aux \u00e9quipes de ses clients pour garantir des r\u00e9sultats durables.<\/p>\n<p style=\"text-align: center;\"><img loading=\"lazy\" decoding=\"async\" class=\"aligncenter size-full wp-image-6197\" src=\"https:\/\/www.thenetrevenue.com\/wp-content\/uploads\/2026\/02\/Designer.png\" alt=\"\" width=\"1536\" height=\"1024\" srcset=\"https:\/\/www.thenetrevenue.com\/wp-content\/uploads\/2026\/02\/Designer.png 1536w, https:\/\/www.thenetrevenue.com\/wp-content\/uploads\/2026\/02\/Designer-300x200.png 300w, https:\/\/www.thenetrevenue.com\/wp-content\/uploads\/2026\/02\/Designer-1024x683.png 1024w, https:\/\/www.thenetrevenue.com\/wp-content\/uploads\/2026\/02\/Designer-768x512.png 768w, https:\/\/www.thenetrevenue.com\/wp-content\/uploads\/2026\/02\/Designer-350x233.png 350w\" sizes=\"(max-width: 1536px) 100vw, 1536px\" \/><\/p>\n<p>&nbsp;<\/p>\n<h4>Nuna (Asie)<\/h4>\n<p>Une soci\u00e9t\u00e9 de conseil h\u00f4teli\u00e8re op\u00e9rant en Asie qui accompagne les propri\u00e9taires pour valoriser leur h\u00f4tel gr\u00e2ce \u00e0 un moteur de r\u00e9servation de derni\u00e8re g\u00e9n\u00e9ration facile \u00e0 int\u00e9grer. Un outil strat\u00e9gique qui stimule les r\u00e9servations directes et maximise les revenus tout en r\u00e9duisant les commissions des tiers.<\/p>\n<p style=\"text-align: center;\"><img loading=\"lazy\" decoding=\"async\" class=\"aligncenter size-full wp-image-6219\" src=\"https:\/\/www.thenetrevenue.com\/wp-content\/uploads\/2026\/02\/Nuna-direct-sales-revolution.jpg\" alt=\"\" width=\"2100\" height=\"1178\" srcset=\"https:\/\/www.thenetrevenue.com\/wp-content\/uploads\/2026\/02\/Nuna-direct-sales-revolution.jpg 2100w, https:\/\/www.thenetrevenue.com\/wp-content\/uploads\/2026\/02\/Nuna-direct-sales-revolution-300x168.jpg 300w, https:\/\/www.thenetrevenue.com\/wp-content\/uploads\/2026\/02\/Nuna-direct-sales-revolution-1024x574.jpg 1024w, https:\/\/www.thenetrevenue.com\/wp-content\/uploads\/2026\/02\/Nuna-direct-sales-revolution-768x431.jpg 768w, https:\/\/www.thenetrevenue.com\/wp-content\/uploads\/2026\/02\/Nuna-direct-sales-revolution-1536x862.jpg 1536w, https:\/\/www.thenetrevenue.com\/wp-content\/uploads\/2026\/02\/Nuna-direct-sales-revolution-2048x1149.jpg 2048w\" sizes=\"(max-width: 2100px) 100vw, 2100px\" \/><\/p>\n<p>&nbsp;<\/p>\n<h4>PKF (pr\u00e9sence mondiale)<\/h4>\n<p>Le PKF Hospitality Group offre une gamme compl\u00e8te de services de conseil pour les secteurs h\u00f4telier, touristique et des loisirs. Sa mission est de stimuler l&#8217;innovation et de promouvoir un changement positif dans l&#8217;industrie gr\u00e2ce \u00e0 l&#8217;excellence, la qualit\u00e9 et les principes ESG. Guid\u00e9s par des valeurs d&#8217;int\u00e9grit\u00e9 et de communaut\u00e9, ils travaillent avec des pratiques \u00e9thiques pour soutenir leurs clients, leurs \u00e9quipes et la soci\u00e9t\u00e9 en g\u00e9n\u00e9ral.<\/p>\n<p style=\"text-align: center;\"><img loading=\"lazy\" decoding=\"async\" class=\"aligncenter size-full wp-image-6205\" src=\"https:\/\/www.thenetrevenue.com\/wp-content\/uploads\/2026\/02\/PKF-Hospitality.jpg\" alt=\"\" width=\"2100\" height=\"1178\" srcset=\"https:\/\/www.thenetrevenue.com\/wp-content\/uploads\/2026\/02\/PKF-Hospitality.jpg 2100w, https:\/\/www.thenetrevenue.com\/wp-content\/uploads\/2026\/02\/PKF-Hospitality-300x168.jpg 300w, https:\/\/www.thenetrevenue.com\/wp-content\/uploads\/2026\/02\/PKF-Hospitality-1024x574.jpg 1024w, https:\/\/www.thenetrevenue.com\/wp-content\/uploads\/2026\/02\/PKF-Hospitality-768x431.jpg 768w, https:\/\/www.thenetrevenue.com\/wp-content\/uploads\/2026\/02\/PKF-Hospitality-1536x862.jpg 1536w, https:\/\/www.thenetrevenue.com\/wp-content\/uploads\/2026\/02\/PKF-Hospitality-2048x1149.jpg 2048w\" sizes=\"(max-width: 2100px) 100vw, 2100px\" \/><\/p>\n","protected":false},"excerpt":{"rendered":"<p>Les meilleures soci\u00e9t\u00e9s de conseil h\u00f4teli\u00e8res du march\u00e9 international, quelles sont-elles ? De plus en plus d&#8217;h\u00f4tels boutique et de grandes cha\u00eenes h\u00f4teli\u00e8res font appel \u00e0 des sp\u00e9cialistes externes pour am\u00e9liorer leur politique tarifaire, g\u00e9rer la demande et rentabiliser chacun de leurs canaux de&#8230;<\/p>\n","protected":false},"author":1,"featured_media":6212,"parent":0,"menu_order":0,"comment_status":"closed","ping_status":"closed","template":"","meta":{"footnotes":""},"class_list":["post-6758","page","type-page","status-publish","has-post-thumbnail","hentry"],"yoast_head":"<!-- This site is optimized with the Yoast SEO plugin v27.3 - https:\/\/yoast.com\/product\/yoast-seo-wordpress\/ -->\n<title>Les meilleures soci\u00e9t\u00e9s de conseil h\u00f4teli\u00e8res<\/title>\n<meta name=\"description\" content=\"Nous analysons les meilleures soci\u00e9t\u00e9s de conseil h\u00f4teli\u00e8res du moment \u00e0 l&#039;\u00e9chelle internationale, les meilleurs sp\u00e9cialistes externes.\" \/>\n<meta name=\"robots\" content=\"index, follow, max-snippet:-1, max-image-preview:large, max-video-preview:-1\" \/>\n<link rel=\"canonical\" href=\"https:\/\/www.thenetrevenue.com\/fr\/meilleures-societes-conseil-hotelieres\/\" \/>\n<meta property=\"og:locale\" content=\"fr_FR\" \/>\n<meta property=\"og:type\" content=\"article\" \/>\n<meta property=\"og:title\" content=\"Les meilleures soci\u00e9t\u00e9s de conseil h\u00f4teli\u00e8res\" \/>\n<meta property=\"og:description\" content=\"Nous analysons les meilleures soci\u00e9t\u00e9s de conseil h\u00f4teli\u00e8res du moment \u00e0 l&#039;\u00e9chelle internationale, les meilleurs sp\u00e9cialistes externes.\" \/>\n<meta property=\"og:url\" content=\"https:\/\/www.thenetrevenue.com\/fr\/meilleures-societes-conseil-hotelieres\/\" \/>\n<meta property=\"og:site_name\" content=\"The Net Revenue\" \/>\n<meta property=\"article:publisher\" content=\"https:\/\/www.facebook.com\/thenetrevenue\" \/>\n<meta property=\"article:modified_time\" content=\"2026-03-11T09:18:34+00:00\" \/>\n<meta property=\"og:image\" content=\"https:\/\/www.thenetrevenue.com\/wp-content\/uploads\/2026\/02\/mejores-consultoras-hoteleras-scaled.jpg\" \/>\n\t<meta property=\"og:image:width\" content=\"2560\" \/>\n\t<meta property=\"og:image:height\" content=\"1707\" \/>\n\t<meta property=\"og:image:type\" content=\"image\/jpeg\" \/>\n<meta name=\"twitter:card\" content=\"summary_large_image\" \/>\n<meta name=\"twitter:site\" content=\"@thenetrevenue\" \/>\n<meta name=\"twitter:label1\" content=\"Dur\u00e9e de lecture estim\u00e9e\" \/>\n\t<meta name=\"twitter:data1\" content=\"4 minutes\" \/>\n<script type=\"application\/ld+json\" class=\"yoast-schema-graph\">{\"@context\":\"https:\\\/\\\/schema.org\",\"@graph\":[{\"@type\":\"WebPage\",\"@id\":\"https:\\\/\\\/www.thenetrevenue.com\\\/fr\\\/meilleures-societes-conseil-hotelieres\\\/\",\"url\":\"https:\\\/\\\/www.thenetrevenue.com\\\/fr\\\/meilleures-societes-conseil-hotelieres\\\/\",\"name\":\"Les meilleures soci\u00e9t\u00e9s de conseil h\u00f4teli\u00e8res\",\"isPartOf\":{\"@id\":\"https:\\\/\\\/www.thenetrevenue.com\\\/fr\\\/#website\"},\"primaryImageOfPage\":{\"@id\":\"https:\\\/\\\/www.thenetrevenue.com\\\/fr\\\/meilleures-societes-conseil-hotelieres\\\/#primaryimage\"},\"image\":{\"@id\":\"https:\\\/\\\/www.thenetrevenue.com\\\/fr\\\/meilleures-societes-conseil-hotelieres\\\/#primaryimage\"},\"thumbnailUrl\":\"https:\\\/\\\/www.thenetrevenue.com\\\/wp-content\\\/uploads\\\/2026\\\/02\\\/mejores-consultoras-hoteleras-scaled.jpg\",\"datePublished\":\"2026-02-24T13:11:02+00:00\",\"dateModified\":\"2026-03-11T09:18:34+00:00\",\"description\":\"Nous analysons les meilleures soci\u00e9t\u00e9s de conseil h\u00f4teli\u00e8res du moment \u00e0 l'\u00e9chelle internationale, les meilleurs sp\u00e9cialistes externes.\",\"breadcrumb\":{\"@id\":\"https:\\\/\\\/www.thenetrevenue.com\\\/fr\\\/meilleures-societes-conseil-hotelieres\\\/#breadcrumb\"},\"inLanguage\":\"fr-FR\",\"potentialAction\":[{\"@type\":\"ReadAction\",\"target\":[\"https:\\\/\\\/www.thenetrevenue.com\\\/fr\\\/meilleures-societes-conseil-hotelieres\\\/\"]}]},{\"@type\":\"ImageObject\",\"inLanguage\":\"fr-FR\",\"@id\":\"https:\\\/\\\/www.thenetrevenue.com\\\/fr\\\/meilleures-societes-conseil-hotelieres\\\/#primaryimage\",\"url\":\"https:\\\/\\\/www.thenetrevenue.com\\\/wp-content\\\/uploads\\\/2026\\\/02\\\/mejores-consultoras-hoteleras-scaled.jpg\",\"contentUrl\":\"https:\\\/\\\/www.thenetrevenue.com\\\/wp-content\\\/uploads\\\/2026\\\/02\\\/mejores-consultoras-hoteleras-scaled.jpg\",\"width\":2560,\"height\":1707},{\"@type\":\"BreadcrumbList\",\"@id\":\"https:\\\/\\\/www.thenetrevenue.com\\\/fr\\\/meilleures-societes-conseil-hotelieres\\\/#breadcrumb\",\"itemListElement\":[{\"@type\":\"ListItem\",\"position\":1,\"name\":\"Portada\",\"item\":\"https:\\\/\\\/www.thenetrevenue.com\\\/fr\\\/\"},{\"@type\":\"ListItem\",\"position\":2,\"name\":\"Les meilleures soci\u00e9t\u00e9s de conseil h\u00f4teli\u00e8res\"}]},{\"@type\":\"WebSite\",\"@id\":\"https:\\\/\\\/www.thenetrevenue.com\\\/fr\\\/#website\",\"url\":\"https:\\\/\\\/www.thenetrevenue.com\\\/fr\\\/\",\"name\":\"The Net Revenue | Servicios de revenue management para hoteles\",\"description\":\"Servicios de revenue management para hoteles\",\"publisher\":{\"@id\":\"https:\\\/\\\/www.thenetrevenue.com\\\/fr\\\/#organization\"},\"potentialAction\":[{\"@type\":\"SearchAction\",\"target\":{\"@type\":\"EntryPoint\",\"urlTemplate\":\"https:\\\/\\\/www.thenetrevenue.com\\\/fr\\\/?s={search_term_string}\"},\"query-input\":{\"@type\":\"PropertyValueSpecification\",\"valueRequired\":true,\"valueName\":\"search_term_string\"}}],\"inLanguage\":\"fr-FR\"},{\"@type\":\"Organization\",\"@id\":\"https:\\\/\\\/www.thenetrevenue.com\\\/fr\\\/#organization\",\"name\":\"The Net Revenue\",\"url\":\"https:\\\/\\\/www.thenetrevenue.com\\\/fr\\\/\",\"logo\":{\"@type\":\"ImageObject\",\"inLanguage\":\"fr-FR\",\"@id\":\"https:\\\/\\\/www.thenetrevenue.com\\\/fr\\\/#\\\/schema\\\/logo\\\/image\\\/\",\"url\":\"https:\\\/\\\/www.thenetrevenue.com\\\/wp-content\\\/uploads\\\/2025\\\/11\\\/TNR_Logo_Black.jpg\",\"contentUrl\":\"https:\\\/\\\/www.thenetrevenue.com\\\/wp-content\\\/uploads\\\/2025\\\/11\\\/TNR_Logo_Black.jpg\",\"width\":1287,\"height\":578,\"caption\":\"The Net Revenue\"},\"image\":{\"@id\":\"https:\\\/\\\/www.thenetrevenue.com\\\/fr\\\/#\\\/schema\\\/logo\\\/image\\\/\"},\"sameAs\":[\"https:\\\/\\\/www.facebook.com\\\/thenetrevenue\",\"https:\\\/\\\/x.com\\\/thenetrevenue\",\"https:\\\/\\\/www.instagram.com\\\/thenetrevenue\",\"https:\\\/\\\/www.linkedin.com\\\/company\\\/the-net-revenue\\\/\"]}]}<\/script>\n<!-- \/ Yoast SEO plugin. -->","yoast_head_json":{"title":"Les meilleures soci\u00e9t\u00e9s de conseil h\u00f4teli\u00e8res","description":"Nous analysons les meilleures soci\u00e9t\u00e9s de conseil h\u00f4teli\u00e8res du moment \u00e0 l'\u00e9chelle internationale, les meilleurs sp\u00e9cialistes externes.","robots":{"index":"index","follow":"follow","max-snippet":"max-snippet:-1","max-image-preview":"max-image-preview:large","max-video-preview":"max-video-preview:-1"},"canonical":"https:\/\/www.thenetrevenue.com\/fr\/meilleures-societes-conseil-hotelieres\/","og_locale":"fr_FR","og_type":"article","og_title":"Les meilleures soci\u00e9t\u00e9s de conseil h\u00f4teli\u00e8res","og_description":"Nous analysons les meilleures soci\u00e9t\u00e9s de conseil h\u00f4teli\u00e8res du moment \u00e0 l'\u00e9chelle internationale, les meilleurs sp\u00e9cialistes externes.","og_url":"https:\/\/www.thenetrevenue.com\/fr\/meilleures-societes-conseil-hotelieres\/","og_site_name":"The Net Revenue","article_publisher":"https:\/\/www.facebook.com\/thenetrevenue","article_modified_time":"2026-03-11T09:18:34+00:00","og_image":[{"width":2560,"height":1707,"url":"https:\/\/www.thenetrevenue.com\/wp-content\/uploads\/2026\/02\/mejores-consultoras-hoteleras-scaled.jpg","type":"image\/jpeg"}],"twitter_card":"summary_large_image","twitter_site":"@thenetrevenue","twitter_misc":{"Dur\u00e9e de lecture estim\u00e9e":"4 minutes"},"schema":{"@context":"https:\/\/schema.org","@graph":[{"@type":"WebPage","@id":"https:\/\/www.thenetrevenue.com\/fr\/meilleures-societes-conseil-hotelieres\/","url":"https:\/\/www.thenetrevenue.com\/fr\/meilleures-societes-conseil-hotelieres\/","name":"Les meilleures soci\u00e9t\u00e9s de conseil h\u00f4teli\u00e8res","isPartOf":{"@id":"https:\/\/www.thenetrevenue.com\/fr\/#website"},"primaryImageOfPage":{"@id":"https:\/\/www.thenetrevenue.com\/fr\/meilleures-societes-conseil-hotelieres\/#primaryimage"},"image":{"@id":"https:\/\/www.thenetrevenue.com\/fr\/meilleures-societes-conseil-hotelieres\/#primaryimage"},"thumbnailUrl":"https:\/\/www.thenetrevenue.com\/wp-content\/uploads\/2026\/02\/mejores-consultoras-hoteleras-scaled.jpg","datePublished":"2026-02-24T13:11:02+00:00","dateModified":"2026-03-11T09:18:34+00:00","description":"Nous analysons les meilleures soci\u00e9t\u00e9s de conseil h\u00f4teli\u00e8res du moment \u00e0 l'\u00e9chelle internationale, les meilleurs sp\u00e9cialistes externes.","breadcrumb":{"@id":"https:\/\/www.thenetrevenue.com\/fr\/meilleures-societes-conseil-hotelieres\/#breadcrumb"},"inLanguage":"fr-FR","potentialAction":[{"@type":"ReadAction","target":["https:\/\/www.thenetrevenue.com\/fr\/meilleures-societes-conseil-hotelieres\/"]}]},{"@type":"ImageObject","inLanguage":"fr-FR","@id":"https:\/\/www.thenetrevenue.com\/fr\/meilleures-societes-conseil-hotelieres\/#primaryimage","url":"https:\/\/www.thenetrevenue.com\/wp-content\/uploads\/2026\/02\/mejores-consultoras-hoteleras-scaled.jpg","contentUrl":"https:\/\/www.thenetrevenue.com\/wp-content\/uploads\/2026\/02\/mejores-consultoras-hoteleras-scaled.jpg","width":2560,"height":1707},{"@type":"BreadcrumbList","@id":"https:\/\/www.thenetrevenue.com\/fr\/meilleures-societes-conseil-hotelieres\/#breadcrumb","itemListElement":[{"@type":"ListItem","position":1,"name":"Portada","item":"https:\/\/www.thenetrevenue.com\/fr\/"},{"@type":"ListItem","position":2,"name":"Les meilleures soci\u00e9t\u00e9s de conseil h\u00f4teli\u00e8res"}]},{"@type":"WebSite","@id":"https:\/\/www.thenetrevenue.com\/fr\/#website","url":"https:\/\/www.thenetrevenue.com\/fr\/","name":"The Net Revenue | Servicios de revenue management para hoteles","description":"Servicios de revenue management para hoteles","publisher":{"@id":"https:\/\/www.thenetrevenue.com\/fr\/#organization"},"potentialAction":[{"@type":"SearchAction","target":{"@type":"EntryPoint","urlTemplate":"https:\/\/www.thenetrevenue.com\/fr\/?s={search_term_string}"},"query-input":{"@type":"PropertyValueSpecification","valueRequired":true,"valueName":"search_term_string"}}],"inLanguage":"fr-FR"},{"@type":"Organization","@id":"https:\/\/www.thenetrevenue.com\/fr\/#organization","name":"The Net Revenue","url":"https:\/\/www.thenetrevenue.com\/fr\/","logo":{"@type":"ImageObject","inLanguage":"fr-FR","@id":"https:\/\/www.thenetrevenue.com\/fr\/#\/schema\/logo\/image\/","url":"https:\/\/www.thenetrevenue.com\/wp-content\/uploads\/2025\/11\/TNR_Logo_Black.jpg","contentUrl":"https:\/\/www.thenetrevenue.com\/wp-content\/uploads\/2025\/11\/TNR_Logo_Black.jpg","width":1287,"height":578,"caption":"The Net Revenue"},"image":{"@id":"https:\/\/www.thenetrevenue.com\/fr\/#\/schema\/logo\/image\/"},"sameAs":["https:\/\/www.facebook.com\/thenetrevenue","https:\/\/x.com\/thenetrevenue","https:\/\/www.instagram.com\/thenetrevenue","https:\/\/www.linkedin.com\/company\/the-net-revenue\/"]}]}},"meta_box":[],"_links":{"self":[{"href":"https:\/\/www.thenetrevenue.com\/fr\/wp-json\/wp\/v2\/pages\/6758","targetHints":{"allow":["GET"]}}],"collection":[{"href":"https:\/\/www.thenetrevenue.com\/fr\/wp-json\/wp\/v2\/pages"}],"about":[{"href":"https:\/\/www.thenetrevenue.com\/fr\/wp-json\/wp\/v2\/types\/page"}],"author":[{"embeddable":true,"href":"https:\/\/www.thenetrevenue.com\/fr\/wp-json\/wp\/v2\/users\/1"}],"replies":[{"embeddable":true,"href":"https:\/\/www.thenetrevenue.com\/fr\/wp-json\/wp\/v2\/comments?post=6758"}],"version-history":[{"count":3,"href":"https:\/\/www.thenetrevenue.com\/fr\/wp-json\/wp\/v2\/pages\/6758\/revisions"}],"predecessor-version":[{"id":6761,"href":"https:\/\/www.thenetrevenue.com\/fr\/wp-json\/wp\/v2\/pages\/6758\/revisions\/6761"}],"wp:featuredmedia":[{"embeddable":true,"href":"https:\/\/www.thenetrevenue.com\/fr\/wp-json\/wp\/v2\/media\/6212"}],"wp:attachment":[{"href":"https:\/\/www.thenetrevenue.com\/fr\/wp-json\/wp\/v2\/media?parent=6758"}],"curies":[{"name":"wp","href":"https:\/\/api.w.org\/{rel}","templated":true}]}}