{"id":4212,"date":"2025-08-25T15:48:56","date_gmt":"2025-08-25T13:48:56","guid":{"rendered":"https:\/\/www.thenetrevenue.com\/services\/servicios-marketing-hoteles\/"},"modified":"2025-11-04T11:15:07","modified_gmt":"2025-11-04T10:15:07","slug":"services-marketing-hotels","status":"publish","type":"page","link":"https:\/\/www.thenetrevenue.com\/fr\/services\/services-marketing-hotels\/","title":{"rendered":"Services de marketing pour h\u00f4tels"},"content":{"rendered":"\t\t<div data-elementor-type=\"wp-page\" data-elementor-id=\"4212\" class=\"elementor elementor-4212\">\n\t\t\t\t<div class=\"elementor-element elementor-element-7b502b0 e-con-full e-flex e-con e-parent\" data-id=\"7b502b0\" data-element_type=\"container\" data-e-type=\"container\">\n\t\t\t\t<div class=\"elementor-element elementor-element-50b346cf elementor-widget elementor-widget-archex-banner-simple\" data-id=\"50b346cf\" data-element_type=\"widget\" data-e-type=\"widget\" data-widget_type=\"archex-banner-simple.default\">\n\t\t\t\t<div class=\"elementor-widget-container\">\n\t\t\t\t\t\t\t<section class=\"banner-header section-padding bg-img-c bg-img bg-fixed \" data-overlay-dark=\"5\" data-background=\"https:\/\/www.thenetrevenue.com\/wp-content\/uploads\/2024\/11\/4-1.jpg\" data-position=\"center center\">\n        <div class=\"v-middle\">\n            <div class=\"container\">\n                <div class=\"row\">\n                    <div class=\"col-md-12 offset-md-0 text-left\">\n                        \t\t\t\t\t\t<h6 class=\"arx-df-page-banner-subtitle\">Services<\/h6 >\n\t\t\t\t\t\t                        \t\t\t\t\t\t<h1 class=\"arx-df-page-banner-title\">\n\t\t\t\t\t\tMarketing pour h\u00f4tels\t\t\t\t\t\t<\/h1>\n\t\t\t\t\t\t\t\t\t\t\t\t                    <\/div>\n                <\/div>\n            <\/div>\n        <\/div>\n\t\t<\/section>\t\n\t\t\t\t\t\t<\/div>\n\t\t\t\t<\/div>\n\t\t\t\t<\/div>\n\t\t<div class=\"elementor-element elementor-element-1501ccab e-flex e-con-boxed e-con e-parent\" data-id=\"1501ccab\" data-element_type=\"container\" data-e-type=\"container\">\n\t\t\t\t\t<div class=\"e-con-inner\">\n\t\t<div class=\"elementor-element elementor-element-603fb191 e-con-full e-flex e-con e-child\" data-id=\"603fb191\" data-element_type=\"container\" data-e-type=\"container\">\n\t\t\t\t<div class=\"elementor-element elementor-element-5459f6a6 elementor-widget elementor-widget-archex-simple-title\" data-id=\"5459f6a6\" data-element_type=\"widget\" data-e-type=\"widget\" data-widget_type=\"archex-simple-title.default\">\n\t\t\t\t<div class=\"elementor-widget-container\">\n\t\t\t\t\t\t\t<div class=\"clear text-left \">\n\t\t\t            <div class=\"arx-simple-title black\">La m\u00e9thode TNR\n<\/div>\n\t\t\t\t\t<\/div>\n\t\t\t\t\t\t<\/div>\n\t\t\t\t<\/div>\n\t\t\t\t<div class=\"elementor-element elementor-element-2b9048ed elementor-widget elementor-widget-text-editor\" data-id=\"2b9048ed\" data-element_type=\"widget\" data-e-type=\"widget\" data-widget_type=\"text-editor.default\">\n\t\t\t\t\t\t\t\t\t<div><p>Nous savons parfaitement que chaque h\u00f4tel ou cha\u00eene h\u00f4teli\u00e8re poss\u00e8de une identit\u00e9 unique. C\u2019est pourquoi nous proposons \u00e9galement la possibilit\u00e9 de combiner notre service de marketing h\u00f4telier avec nos services de revenue management.<\/p><p>Vous pouvez opter pour un audit afin d\u2019\u00e9valuer la situation actuelle de votre d\u00e9partement marketing, pour notre plan sp\u00e9cial de conseil visant \u00e0 renforcer votre \u00e9quipe interne, ou pour l\u2019externalisation compl\u00e8te du d\u00e9partement.<\/p><\/div>\t\t\t\t\t\t\t\t<\/div>\n\t\t\t\t<div class=\"elementor-element elementor-element-35f2dc9 elementor-widget elementor-widget-archex-simple-title\" data-id=\"35f2dc9\" data-element_type=\"widget\" data-e-type=\"widget\" data-widget_type=\"archex-simple-title.default\">\n\t\t\t\t<div class=\"elementor-widget-container\">\n\t\t\t\t\t\t\t<div class=\"clear text-left \">\n\t\t\t            <div class=\"arx-simple-title black\">Que pouvons-nous vous offrir ?\n<\/div>\n\t\t\t\t\t<\/div>\n\t\t\t\t\t\t<\/div>\n\t\t\t\t<\/div>\n\t\t\t\t<div class=\"elementor-element elementor-element-fee6a94 elementor-widget elementor-widget-text-editor\" data-id=\"fee6a94\" data-element_type=\"widget\" data-e-type=\"widget\" data-widget_type=\"text-editor.default\">\n\t\t\t\t\t\t\t\t\t<p>\u2714\ufe0f Conception de sites web<br \/>\u2714\ufe0f SEM\/SEO<br \/>\u2714\ufe0f R\u00e9seaux sociaux<br \/>\u2714\ufe0f Communication<br \/>\u2714\ufe0f \u00c9v\u00e9nements<\/p>\t\t\t\t\t\t\t\t<\/div>\n\t\t\t\t<\/div>\n\t\t<div class=\"elementor-element elementor-element-42453671 e-con-full e-flex e-con e-child\" data-id=\"42453671\" data-element_type=\"container\" data-e-type=\"container\">\n\t\t\t\t<\/div>\n\t\t\t\t\t<\/div>\n\t\t\t\t<\/div>\n\t\t<div class=\"elementor-element elementor-element-a406563 e-flex e-con-boxed e-con e-parent\" data-id=\"a406563\" data-element_type=\"container\" data-e-type=\"container\" data-settings=\"{&quot;background_background&quot;:&quot;classic&quot;}\">\n\t\t\t\t\t<div class=\"e-con-inner\">\n\t\t<div class=\"elementor-element elementor-element-489cf5a e-con-full e-flex e-con e-child\" data-id=\"489cf5a\" data-element_type=\"container\" data-e-type=\"container\">\n\t\t<div class=\"elementor-element elementor-element-712049b e-con-full e-flex e-con e-child\" data-id=\"712049b\" data-element_type=\"container\" data-e-type=\"container\">\n\t\t\t\t<div class=\"elementor-element elementor-element-3988b60 elementor-widget elementor-widget-archex-sec-title\" data-id=\"3988b60\" data-element_type=\"widget\" data-e-type=\"widget\" data-widget_type=\"archex-sec-title.default\">\n\t\t\t\t<div class=\"elementor-widget-container\">\n\t\t\t\t\t\t\t<div class=\"about text-left\">\n\t\t\t\t\t\t<div class=\"section-subtitle\">Contactez-nous sans engagement\n<\/div>\n\t\t\t\t\t\t            <div class=\"section-title black\">Let\u2019s talk.\n<br>Un projet en t\u00eate?\n\n<\/div>\n\t\t\t\t\t\t\t\t<\/div>\n\t\t\t\t\t\t<\/div>\n\t\t\t\t<\/div>\n\t\t\t\t<div class=\"elementor-element elementor-element-e4fcf15 elementor-widget__width-auto elementor-absolute elementor-widget elementor-widget-archex-social-icon\" data-id=\"e4fcf15\" data-element_type=\"widget\" data-e-type=\"widget\" data-settings=\"{&quot;_position&quot;:&quot;absolute&quot;}\" data-widget_type=\"archex-social-icon.default\">\n\t\t\t\t<div class=\"elementor-widget-container\">\n\t\t\t\t\t\t\t\n\t\t<div class=\"sec-social lets-talk\">\n\t\t\t<div class=\"wrap white\">\n\t\t\t\t<div class=\"social\">\n\t\t\t\t\t\t\t\t\t\t\t\t\t\t\t\t\t<a href=\"https:\/\/www.facebook.com\/TheNetRevenue\/\" target=\"_self\" rel=\"noopener noreferrer\" class=\"icon\">\n\t\t\t\t\t\t\t\t\t\t\t\t\t\n\t\t\t\t\t\t\t\t<svg aria-hidden=\"true\" class=\"e-font-icon-svg e-fab-facebook\" viewBox=\"0 0 512 512\" xmlns=\"http:\/\/www.w3.org\/2000\/svg\"><path d=\"M504 256C504 119 393 8 256 8S8 119 8 256c0 123.78 90.69 226.38 209.25 245V327.69h-63V256h63v-54.64c0-62.15 37-96.48 93.67-96.48 27.14 0 55.52 4.84 55.52 4.84v61h-31.28c-30.8 0-40.41 19.12-40.41 38.73V256h68.78l-11 71.69h-57.78V501C413.31 482.38 504 379.78 504 256z\"><\/path><\/svg>\t\t\t\t\t\t\t\t\t\t\t\n\t\t\t\t\t\t<\/a>\n\t\t\t\t\t\t\t\t\t\t\t\t\t\n\t\t\t\t\t\t\t\t\t\t\t\t\t\t\t\t\t<a href=\"http:\/\/instagram.com\/thenetrevenue\" target=\"_self\" rel=\"noopener noreferrer\" class=\"icon\">\n\t\t\t\t\t\t\t\t\t\t\t\t\t\n\t\t\t\t\t\t\t\t<svg aria-hidden=\"true\" class=\"e-font-icon-svg e-fab-instagram\" viewBox=\"0 0 448 512\" xmlns=\"http:\/\/www.w3.org\/2000\/svg\"><path d=\"M224.1 141c-63.6 0-114.9 51.3-114.9 114.9s51.3 114.9 114.9 114.9S339 319.5 339 255.9 287.7 141 224.1 141zm0 189.6c-41.1 0-74.7-33.5-74.7-74.7s33.5-74.7 74.7-74.7 74.7 33.5 74.7 74.7-33.6 74.7-74.7 74.7zm146.4-194.3c0 14.9-12 26.8-26.8 26.8-14.9 0-26.8-12-26.8-26.8s12-26.8 26.8-26.8 26.8 12 26.8 26.8zm76.1 27.2c-1.7-35.9-9.9-67.7-36.2-93.9-26.2-26.2-58-34.4-93.9-36.2-37-2.1-147.9-2.1-184.9 0-35.8 1.7-67.6 9.9-93.9 36.1s-34.4 58-36.2 93.9c-2.1 37-2.1 147.9 0 184.9 1.7 35.9 9.9 67.7 36.2 93.9s58 34.4 93.9 36.2c37 2.1 147.9 2.1 184.9 0 35.9-1.7 67.7-9.9 93.9-36.2 26.2-26.2 34.4-58 36.2-93.9 2.1-37 2.1-147.8 0-184.8zM398.8 388c-7.8 19.6-22.9 34.7-42.6 42.6-29.5 11.7-99.5 9-132.1 9s-102.7 2.6-132.1-9c-19.6-7.8-34.7-22.9-42.6-42.6-11.7-29.5-9-99.5-9-132.1s-2.6-102.7 9-132.1c7.8-19.6 22.9-34.7 42.6-42.6 29.5-11.7 99.5-9 132.1-9s102.7-2.6 132.1 9c19.6 7.8 34.7 22.9 42.6 42.6 11.7 29.5 9 99.5 9 132.1s2.7 102.7-9 132.1z\"><\/path><\/svg>\t\t\t\t\t\t\t\t\t\t\t\n\t\t\t\t\t\t<\/a>\n\t\t\t\t\t\t\t\t\t\t\t\t\t\n\t\t\t\t\t\t\t\t\t\t\t\t\t\t\t\t\t<a href=\"http:\/\/x.com\/thenetrevenue\" target=\"_self\" rel=\"noopener noreferrer\" class=\"icon\">\n\t\t\t\t\t\t\t\t\t\t\t\t\t\n\t\t\t\t\t\t\t\t<svg aria-hidden=\"true\" class=\"e-font-icon-svg e-fab-x-twitter\" viewBox=\"0 0 512 512\" xmlns=\"http:\/\/www.w3.org\/2000\/svg\"><path d=\"M389.2 48h70.6L305.6 224.2 487 464H345L233.7 318.6 106.5 464H35.8L200.7 275.5 26.8 48H172.4L272.9 180.9 389.2 48zM364.4 421.8h39.1L151.1 88h-42L364.4 421.8z\"><\/path><\/svg>\t\t\t\t\t\t\t\t\t\t\t\n\t\t\t\t\t\t<\/a>\n\t\t\t\t\t\t\t\t\t\t\t\t\t\n\t\t\t\t\t\t\t\t\t\t\t\t\t\t\t\t\t<a href=\"https:\/\/www.linkedin.com\/company\/the-net-revenue\/\" target=\"_self\" rel=\"noopener noreferrer\" class=\"icon\">\n\t\t\t\t\t\t\t\t\t\t\t\t\t\n\t\t\t\t\t\t\t\t<svg aria-hidden=\"true\" class=\"e-font-icon-svg e-fab-linkedin\" viewBox=\"0 0 448 512\" xmlns=\"http:\/\/www.w3.org\/2000\/svg\"><path d=\"M416 32H31.9C14.3 32 0 46.5 0 64.3v383.4C0 465.5 14.3 480 31.9 480H416c17.6 0 32-14.5 32-32.3V64.3c0-17.8-14.4-32.3-32-32.3zM135.4 416H69V202.2h66.5V416zm-33.2-243c-21.3 0-38.5-17.3-38.5-38.5S80.9 96 102.2 96c21.2 0 38.5 17.3 38.5 38.5 0 21.3-17.2 38.5-38.5 38.5zm282.1 243h-66.4V312c0-24.8-.5-56.7-34.5-56.7-34.6 0-39.9 27-39.9 54.9V416h-66.4V202.2h63.7v29.2h.9c8.9-16.8 30.6-34.5 62.9-34.5 67.2 0 79.7 44.3 79.7 101.9V416z\"><\/path><\/svg>\t\t\t\t\t\t\t\t\t\t\t\n\t\t\t\t\t\t<\/a>\n\t\t\t\t\t\t\t\t\t\t\t\t\t\n\t\t\t\t\t\t\t\t\t\t\t\t\n\t\t\t\t<\/div>\n\t\t\t<\/div>\n\t\t<\/div>\n\t\t\n\t\t\t\n        \t\t\t\t<\/div>\n\t\t\t\t<\/div>\n\t\t\t\t<div class=\"elementor-element elementor-element-6a4d3d6 elementor-widget__width-auto elementor-absolute elementor-widget elementor-widget-archex-contact\" data-id=\"6a4d3d6\" data-element_type=\"widget\" data-e-type=\"widget\" data-settings=\"{&quot;_position&quot;:&quot;absolute&quot;}\" data-widget_type=\"archex-contact.default\">\n\t\t\t\t<div class=\"elementor-widget-container\">\n\t\t\t\t\t\t\t\t\t<div class=\"lets-talk\">\n\t\t\t<div class=\"wrap white\">\n\t\t\t\t<div class=\"dv\"><\/div>\t\t\t\t\n\t\t\t\t\t\t\t\t\n\t\t\t\t<a \n\t\t\t\t\t\t\t\thref=\"mailto:wecandoit@thenetrevenue.com\"\n\t\t\t\t\t\t\t\t target=\"_self\" rel=\"noopener noreferrer\">\n\t\t\t\t\t\t\t\twecandoit@thenetrevenue.com\t\t\t\t\t\t\t\t\t\t\t\t<\/a>\n\t\t\t\t\t\t\t<\/div>\n        <\/div>\n\t\t        \t\t\t\t<\/div>\n\t\t\t\t<\/div>\n\t\t\t\t<div class=\"elementor-element elementor-element-739b0ff elementor-widget__width-auto elementor-absolute elementor-widget elementor-widget-archex-contact\" data-id=\"739b0ff\" data-element_type=\"widget\" data-e-type=\"widget\" data-settings=\"{&quot;_position&quot;:&quot;absolute&quot;}\" data-widget_type=\"archex-contact.default\">\n\t\t\t\t<div class=\"elementor-widget-container\">\n\t\t\t\t\t\t\t\t\t<div class=\"lets-talk\">\n\t\t\t<div class=\"wrap white\">\n\t\t\t\t<div class=\"dv\"><\/div>\t\t\t\t\n\t\t\t\t\t\t\t\t\n\t\t\t\t<a \n\t\t\t\t\t\t\t\thref=\"tel:+34930181627 \"\n\t\t\t\t\t\t\t\t target=\"_self\" rel=\"noopener noreferrer\">\n\t\t\t\t\t\t\t\t+34930181627\t\t\t\t\t\t\t\t\t\t\t\t<\/a>\n\t\t\t\t\t\t\t<\/div>\n        <\/div>\n\t\t        \t\t\t\t<\/div>\n\t\t\t\t<\/div>\n\t\t\t\t<div class=\"elementor-element elementor-element-b1e6575 elementor-widget__width-auto elementor-absolute elementor-widget elementor-widget-archex-contact\" data-id=\"b1e6575\" data-element_type=\"widget\" data-e-type=\"widget\" data-settings=\"{&quot;_position&quot;:&quot;absolute&quot;}\" data-widget_type=\"archex-contact.default\">\n\t\t\t\t<div class=\"elementor-widget-container\">\n\t\t\t\t\t\t\t\t\t<div class=\"lets-talk\">\n\t\t\t<div class=\"wrap white\">\n\t\t\t\t<div class=\"dv\"><\/div>\t\t\t\t\n\t\t\t\t\t\t\t\t\n\t\t\t\t<a \n\t\t\t\t\t\t\t\n\t\t\t\thref=\"https:\/\/www.thenetrevenue.com\/fr\/contact\/\" \n\t\t\t\t\t\t\t\t target=\"_self\" rel=\"noopener noreferrer\">\n\t\t\t\t\t\t\t\tContact\t\t\t\t\t\t\t\t\t\t\t\t<i class=\"icon-right fa-light fa-arrow-up-right\"><\/i>\n\t\t\t\t\t\t\t\t<\/a>\n\t\t\t\t\t\t\t<\/div>\n        <\/div>\n\t\t        \t\t\t\t<\/div>\n\t\t\t\t<\/div>\n\t\t\t\t<\/div>\n\t\t\t\t<\/div>\n\t\t\t\t\t<\/div>\n\t\t\t\t<\/div>\n\t\t\t\t<\/div>\n\t\t","protected":false},"excerpt":{"rendered":"<p>Services Marketing pour h\u00f4tels La m\u00e9thode TNR Nous savons parfaitement que chaque h\u00f4tel ou cha\u00eene h\u00f4teli\u00e8re poss\u00e8de une identit\u00e9 unique. C\u2019est pourquoi nous proposons \u00e9galement la possibilit\u00e9 de combiner notre service de marketing h\u00f4telier avec nos services de revenue management. Vous pouvez opter pour&#8230;<\/p>\n","protected":false},"author":1,"featured_media":0,"parent":3765,"menu_order":0,"comment_status":"closed","ping_status":"closed","template":"","meta":{"footnotes":""},"class_list":["post-4212","page","type-page","status-publish","hentry"],"yoast_head":"<!-- This site is optimized with the Yoast SEO plugin v27.5 - https:\/\/yoast.com\/product\/yoast-seo-wordpress\/ -->\n<title>Services de marketing pour h\u00f4tels | The Net Revenue<\/title>\n<meta name=\"description\" content=\"Services de marketing complets pour h\u00f4tels et cha\u00eenes h\u00f4teli\u00e8res. Conception de sites web, SEO, r\u00e9seaux sociaux, image de marque.\" \/>\n<meta name=\"robots\" content=\"index, follow, max-snippet:-1, max-image-preview:large, max-video-preview:-1\" \/>\n<link rel=\"canonical\" href=\"https:\/\/www.thenetrevenue.com\/fr\/services\/services-marketing-hotels\/\" \/>\n<meta property=\"og:locale\" content=\"fr_FR\" \/>\n<meta property=\"og:type\" content=\"article\" \/>\n<meta property=\"og:title\" content=\"Services de marketing pour h\u00f4tels | The Net Revenue\" \/>\n<meta property=\"og:description\" content=\"Services de marketing complets pour h\u00f4tels et cha\u00eenes h\u00f4teli\u00e8res. Conception de sites web, SEO, r\u00e9seaux sociaux, image de marque.\" \/>\n<meta property=\"og:url\" content=\"https:\/\/www.thenetrevenue.com\/fr\/services\/services-marketing-hotels\/\" \/>\n<meta property=\"og:site_name\" content=\"The Net Revenue\" \/>\n<meta property=\"article:publisher\" content=\"https:\/\/www.facebook.com\/thenetrevenue\" \/>\n<meta property=\"article:modified_time\" content=\"2025-11-04T10:15:07+00:00\" \/>\n<meta property=\"og:image\" content=\"https:\/\/www.thenetrevenue.com\/wp-content\/uploads\/2025\/11\/TNR_Logo_Black.jpg\" \/>\n\t<meta property=\"og:image:width\" content=\"1287\" \/>\n\t<meta property=\"og:image:height\" content=\"578\" \/>\n\t<meta property=\"og:image:type\" content=\"image\/jpeg\" \/>\n<meta name=\"twitter:card\" content=\"summary_large_image\" \/>\n<meta name=\"twitter:site\" content=\"@thenetrevenue\" \/>\n<meta name=\"twitter:label1\" content=\"Dur\u00e9e de lecture estim\u00e9e\" \/>\n\t<meta name=\"twitter:data1\" content=\"1 minute\" \/>\n<script type=\"application\/ld+json\" class=\"yoast-schema-graph\">{\"@context\":\"https:\\\/\\\/schema.org\",\"@graph\":[{\"@type\":\"WebPage\",\"@id\":\"https:\\\/\\\/www.thenetrevenue.com\\\/fr\\\/services\\\/services-marketing-hotels\\\/\",\"url\":\"https:\\\/\\\/www.thenetrevenue.com\\\/fr\\\/services\\\/services-marketing-hotels\\\/\",\"name\":\"Services de marketing pour h\u00f4tels | The Net Revenue\",\"isPartOf\":{\"@id\":\"https:\\\/\\\/www.thenetrevenue.com\\\/fr\\\/#website\"},\"datePublished\":\"2025-08-25T13:48:56+00:00\",\"dateModified\":\"2025-11-04T10:15:07+00:00\",\"description\":\"Services de marketing complets pour h\u00f4tels et cha\u00eenes h\u00f4teli\u00e8res. Conception de sites web, SEO, r\u00e9seaux sociaux, image de marque.\",\"breadcrumb\":{\"@id\":\"https:\\\/\\\/www.thenetrevenue.com\\\/fr\\\/services\\\/services-marketing-hotels\\\/#breadcrumb\"},\"inLanguage\":\"fr-FR\",\"potentialAction\":[{\"@type\":\"ReadAction\",\"target\":[\"https:\\\/\\\/www.thenetrevenue.com\\\/fr\\\/services\\\/services-marketing-hotels\\\/\"]}]},{\"@type\":\"BreadcrumbList\",\"@id\":\"https:\\\/\\\/www.thenetrevenue.com\\\/fr\\\/services\\\/services-marketing-hotels\\\/#breadcrumb\",\"itemListElement\":[{\"@type\":\"ListItem\",\"position\":1,\"name\":\"Portada\",\"item\":\"https:\\\/\\\/www.thenetrevenue.com\\\/fr\\\/\"},{\"@type\":\"ListItem\",\"position\":2,\"name\":\"Services\",\"item\":\"https:\\\/\\\/www.thenetrevenue.com\\\/fr\\\/services\\\/\"},{\"@type\":\"ListItem\",\"position\":3,\"name\":\"Services de marketing pour h\u00f4tels\"}]},{\"@type\":\"WebSite\",\"@id\":\"https:\\\/\\\/www.thenetrevenue.com\\\/fr\\\/#website\",\"url\":\"https:\\\/\\\/www.thenetrevenue.com\\\/fr\\\/\",\"name\":\"The Net Revenue | Servicios de revenue management para hoteles\",\"description\":\"Servicios de revenue management para hoteles\",\"publisher\":{\"@id\":\"https:\\\/\\\/www.thenetrevenue.com\\\/fr\\\/#organization\"},\"potentialAction\":[{\"@type\":\"SearchAction\",\"target\":{\"@type\":\"EntryPoint\",\"urlTemplate\":\"https:\\\/\\\/www.thenetrevenue.com\\\/fr\\\/?s={search_term_string}\"},\"query-input\":{\"@type\":\"PropertyValueSpecification\",\"valueRequired\":true,\"valueName\":\"search_term_string\"}}],\"inLanguage\":\"fr-FR\"},{\"@type\":\"Organization\",\"@id\":\"https:\\\/\\\/www.thenetrevenue.com\\\/fr\\\/#organization\",\"name\":\"The Net Revenue\",\"url\":\"https:\\\/\\\/www.thenetrevenue.com\\\/fr\\\/\",\"logo\":{\"@type\":\"ImageObject\",\"inLanguage\":\"fr-FR\",\"@id\":\"https:\\\/\\\/www.thenetrevenue.com\\\/fr\\\/#\\\/schema\\\/logo\\\/image\\\/\",\"url\":\"https:\\\/\\\/www.thenetrevenue.com\\\/wp-content\\\/uploads\\\/2025\\\/11\\\/TNR_Logo_Black.jpg\",\"contentUrl\":\"https:\\\/\\\/www.thenetrevenue.com\\\/wp-content\\\/uploads\\\/2025\\\/11\\\/TNR_Logo_Black.jpg\",\"width\":1287,\"height\":578,\"caption\":\"The Net Revenue\"},\"image\":{\"@id\":\"https:\\\/\\\/www.thenetrevenue.com\\\/fr\\\/#\\\/schema\\\/logo\\\/image\\\/\"},\"sameAs\":[\"https:\\\/\\\/www.facebook.com\\\/thenetrevenue\",\"https:\\\/\\\/x.com\\\/thenetrevenue\",\"https:\\\/\\\/www.instagram.com\\\/thenetrevenue\",\"https:\\\/\\\/www.linkedin.com\\\/company\\\/the-net-revenue\\\/\"]}]}<\/script>\n<!-- \/ Yoast SEO plugin. -->","yoast_head_json":{"title":"Services de marketing pour h\u00f4tels | The Net Revenue","description":"Services de marketing complets pour h\u00f4tels et cha\u00eenes h\u00f4teli\u00e8res. Conception de sites web, SEO, r\u00e9seaux sociaux, image de marque.","robots":{"index":"index","follow":"follow","max-snippet":"max-snippet:-1","max-image-preview":"max-image-preview:large","max-video-preview":"max-video-preview:-1"},"canonical":"https:\/\/www.thenetrevenue.com\/fr\/services\/services-marketing-hotels\/","og_locale":"fr_FR","og_type":"article","og_title":"Services de marketing pour h\u00f4tels | The Net Revenue","og_description":"Services de marketing complets pour h\u00f4tels et cha\u00eenes h\u00f4teli\u00e8res. Conception de sites web, SEO, r\u00e9seaux sociaux, image de marque.","og_url":"https:\/\/www.thenetrevenue.com\/fr\/services\/services-marketing-hotels\/","og_site_name":"The Net Revenue","article_publisher":"https:\/\/www.facebook.com\/thenetrevenue","article_modified_time":"2025-11-04T10:15:07+00:00","og_image":[{"width":1287,"height":578,"url":"https:\/\/www.thenetrevenue.com\/wp-content\/uploads\/2025\/11\/TNR_Logo_Black.jpg","type":"image\/jpeg"}],"twitter_card":"summary_large_image","twitter_site":"@thenetrevenue","twitter_misc":{"Dur\u00e9e de lecture estim\u00e9e":"1 minute"},"schema":{"@context":"https:\/\/schema.org","@graph":[{"@type":"WebPage","@id":"https:\/\/www.thenetrevenue.com\/fr\/services\/services-marketing-hotels\/","url":"https:\/\/www.thenetrevenue.com\/fr\/services\/services-marketing-hotels\/","name":"Services de marketing pour h\u00f4tels | The Net Revenue","isPartOf":{"@id":"https:\/\/www.thenetrevenue.com\/fr\/#website"},"datePublished":"2025-08-25T13:48:56+00:00","dateModified":"2025-11-04T10:15:07+00:00","description":"Services de marketing complets pour h\u00f4tels et cha\u00eenes h\u00f4teli\u00e8res. Conception de sites web, SEO, r\u00e9seaux sociaux, image de marque.","breadcrumb":{"@id":"https:\/\/www.thenetrevenue.com\/fr\/services\/services-marketing-hotels\/#breadcrumb"},"inLanguage":"fr-FR","potentialAction":[{"@type":"ReadAction","target":["https:\/\/www.thenetrevenue.com\/fr\/services\/services-marketing-hotels\/"]}]},{"@type":"BreadcrumbList","@id":"https:\/\/www.thenetrevenue.com\/fr\/services\/services-marketing-hotels\/#breadcrumb","itemListElement":[{"@type":"ListItem","position":1,"name":"Portada","item":"https:\/\/www.thenetrevenue.com\/fr\/"},{"@type":"ListItem","position":2,"name":"Services","item":"https:\/\/www.thenetrevenue.com\/fr\/services\/"},{"@type":"ListItem","position":3,"name":"Services de marketing pour h\u00f4tels"}]},{"@type":"WebSite","@id":"https:\/\/www.thenetrevenue.com\/fr\/#website","url":"https:\/\/www.thenetrevenue.com\/fr\/","name":"The Net Revenue | Servicios de revenue management para hoteles","description":"Servicios de revenue management para hoteles","publisher":{"@id":"https:\/\/www.thenetrevenue.com\/fr\/#organization"},"potentialAction":[{"@type":"SearchAction","target":{"@type":"EntryPoint","urlTemplate":"https:\/\/www.thenetrevenue.com\/fr\/?s={search_term_string}"},"query-input":{"@type":"PropertyValueSpecification","valueRequired":true,"valueName":"search_term_string"}}],"inLanguage":"fr-FR"},{"@type":"Organization","@id":"https:\/\/www.thenetrevenue.com\/fr\/#organization","name":"The Net Revenue","url":"https:\/\/www.thenetrevenue.com\/fr\/","logo":{"@type":"ImageObject","inLanguage":"fr-FR","@id":"https:\/\/www.thenetrevenue.com\/fr\/#\/schema\/logo\/image\/","url":"https:\/\/www.thenetrevenue.com\/wp-content\/uploads\/2025\/11\/TNR_Logo_Black.jpg","contentUrl":"https:\/\/www.thenetrevenue.com\/wp-content\/uploads\/2025\/11\/TNR_Logo_Black.jpg","width":1287,"height":578,"caption":"The Net Revenue"},"image":{"@id":"https:\/\/www.thenetrevenue.com\/fr\/#\/schema\/logo\/image\/"},"sameAs":["https:\/\/www.facebook.com\/thenetrevenue","https:\/\/x.com\/thenetrevenue","https:\/\/www.instagram.com\/thenetrevenue","https:\/\/www.linkedin.com\/company\/the-net-revenue\/"]}]}},"meta_box":[],"_links":{"self":[{"href":"https:\/\/www.thenetrevenue.com\/fr\/wp-json\/wp\/v2\/pages\/4212","targetHints":{"allow":["GET"]}}],"collection":[{"href":"https:\/\/www.thenetrevenue.com\/fr\/wp-json\/wp\/v2\/pages"}],"about":[{"href":"https:\/\/www.thenetrevenue.com\/fr\/wp-json\/wp\/v2\/types\/page"}],"author":[{"embeddable":true,"href":"https:\/\/www.thenetrevenue.com\/fr\/wp-json\/wp\/v2\/users\/1"}],"replies":[{"embeddable":true,"href":"https:\/\/www.thenetrevenue.com\/fr\/wp-json\/wp\/v2\/comments?post=4212"}],"version-history":[{"count":0,"href":"https:\/\/www.thenetrevenue.com\/fr\/wp-json\/wp\/v2\/pages\/4212\/revisions"}],"up":[{"embeddable":true,"href":"https:\/\/www.thenetrevenue.com\/fr\/wp-json\/wp\/v2\/pages\/3765"}],"wp:attachment":[{"href":"https:\/\/www.thenetrevenue.com\/fr\/wp-json\/wp\/v2\/media?parent=4212"}],"curies":[{"name":"wp","href":"https:\/\/api.w.org\/{rel}","templated":true}]}}