{"id":3743,"date":"2025-08-19T16:44:13","date_gmt":"2025-08-19T14:44:13","guid":{"rendered":"https:\/\/staging.thenetrevenue.com\/thenetrevenue\/politica-cookies\/"},"modified":"2025-10-02T08:22:42","modified_gmt":"2025-10-02T06:22:42","slug":"politique-cookies","status":"publish","type":"page","link":"https:\/\/www.thenetrevenue.com\/fr\/politique-cookies\/","title":{"rendered":"Politique de Cookies"},"content":{"rendered":"\r\n<p class=\"text\">Le responsable du site web <a href=\"https:\/\/www.thenetrevenue.com\/\">https:\/\/www.thenetrevenue.com<\/a> (le \u00ab Site Web \u00bb) est THE NET REVENUE, SL. qui peut utiliser une technologie appel\u00e9e \u00ab cookies \u00bb dans le but de recueillir des informations sur l&#8217;utilisation du Site Web. Nous vous informons que nous pourrions utiliser des cookies afin de faciliter votre navigation sur le Site Web, vous distinguer des autres utilisateurs, vous offrir une meilleure exp\u00e9rience d&#8217;utilisation et identifier les probl\u00e8mes pour am\u00e9liorer notre Site Web. De m\u00eame, si vous donnez votre consentement, nous pourrions utiliser des cookies qui nous permettraient d&#8217;obtenir plus d&#8217;informations sur vos pr\u00e9f\u00e9rences et de personnaliser notre Site Web en fonction de vos int\u00e9r\u00eats individuels.<\/p>\r\n<p class=\"text\">La pr\u00e9sente politique de cookies a pour but de vous informer de mani\u00e8re claire et pr\u00e9cise sur les cookies utilis\u00e9s sur notre Site Web \u00e0 tout moment. Si vous souhaitez obtenir plus d&#8217;informations sur les cookies que nous utilisons sur le Site Web, vous pouvez envoyer un e-mail \u00e0 l&#8217;adresse suivante : <a href=\"mailto:gdpr@yurbban.com%20\">gdpr@yurbban.com<\/a><\/p>\r\n<p>&nbsp;<\/p>\r\n<h2 class=\"title wp-block-heading\"><strong>Cookies<\/strong><\/h2>\r\n<p class=\"text\">Un cookie est un fichier qui est t\u00e9l\u00e9charg\u00e9 sur votre \u00e9quipement (ordinateur ou appareil mobile) dans le but de stocker des donn\u00e9es qui pourront \u00eatre mises \u00e0 jour et r\u00e9cup\u00e9r\u00e9es par l&#8217;entit\u00e9 responsable de son installation. Les informations recueillies par le biais des cookies peuvent inclure la date et l&#8217;heure des visites sur le Site Web, les pages consult\u00e9es, le temps que vous avez pass\u00e9 sur notre Site Web et les sites visit\u00e9s juste avant et apr\u00e8s celui-ci.<\/p>\r\n<p>&nbsp;<\/p>\r\n<h2 class=\"title\"><strong>Types de cookies pouvant \u00eatre utilis\u00e9s sur notre site web<\/strong><\/h2>\r\n<h3 class=\"title\"><strong>Cookies techniques<\/strong><\/h3>\r\n<p class=\"text\">Ce sont des cookies qui sont envoy\u00e9s \u00e0 votre ordinateur et g\u00e9r\u00e9s exclusivement par nous pour le bon fonctionnement du Site Web. Les informations que nous recueillons sont utilis\u00e9es pour am\u00e9liorer la qualit\u00e9 de notre service et votre exp\u00e9rience en tant qu&#8217;utilisateur.<\/p>\r\n<p>&nbsp;<\/p>\r\n<h3 class=\"title\"><strong>Cookies de session<\/strong><\/h3>\r\n<p class=\"text\">Ce sont des cookies qui sont t\u00e9l\u00e9charg\u00e9s lorsque vous utilisez notre site web mais qui sont supprim\u00e9s une fois votre session termin\u00e9e, de sorte qu&#8217;ils ne resteront pas stock\u00e9s sur votre ordinateur une fois que vous aurez cess\u00e9 de naviguer sur notre site web.<\/p>\r\n<p>&nbsp;<\/p>\r\n<h3 class=\"title\"><strong>Cookies persistants<\/strong><\/h3>\r\n<p class=\"text\">Ces cookies restent dans votre navigateur plus longtemps, nous permettant de vous reconna\u00eetre comme visiteur r\u00e9current du Site Web et d&#8217;adapter le contenu pour vous offrir des contenus qui correspondent \u00e0 vos pr\u00e9f\u00e9rences.<\/p>\r\n<p>&nbsp;<\/p>\r\n<h3 class=\"title\"><strong>Cookies fonctionnels<\/strong><\/h3>\r\n<p class=\"text\">Ces cookies permettent la navigation de l&#8217;utilisateur sur le Site Web et l&#8217;utilisation des diff\u00e9rentes options ou services qui y existent, comme par exemple contr\u00f4ler le trafic et la communication de donn\u00e9es, identifier la session, compter les visites, utiliser des \u00e9l\u00e9ments de s\u00e9curit\u00e9 pendant la navigation.<\/p>\r\n<p>&nbsp;<\/p>\r\n<h3 class=\"title\"><strong>Cookies de pr\u00e9f\u00e9rences ou de personnalisation<\/strong><\/h3>\r\n<p class=\"text\">Ces cookies permettent de m\u00e9moriser des informations afin que l&#8217;utilisateur acc\u00e8de au service avec certaines caract\u00e9ristiques qui peuvent diff\u00e9rencier son exp\u00e9rience de celle des autres utilisateurs, comme par exemple la langue, l&#8217;apparence ou le contenu du service en fonction du type de navigateur par lequel l&#8217;utilisateur acc\u00e8de au service ou de la r\u00e9gion depuis laquelle il acc\u00e8de.<\/p>\r\n<p>&nbsp;<\/p>\r\n<h3 class=\"title\"><strong>Cookies analytiques ou de mesure<\/strong><\/h3>\r\n<p class=\"text\">Ce sont des cookies qui, trait\u00e9s par nous ou par des tiers, nous permettent de quantifier le nombre d&#8217;utilisateurs et ainsi de r\u00e9aliser la mesure et l&#8217;analyse statistique de l&#8217;utilisation que font les utilisateurs des services propos\u00e9s. Pour cela, votre navigation sur notre Site Web est analys\u00e9e afin d&#8217;am\u00e9liorer l&#8217;offre de nos produits ou services que nous vous proposons.<\/p>\r\n<p>&nbsp;<\/p>\r\n<h3 class=\"title\"><strong>Cookies de marketing ou autres<\/strong><\/h3>\r\n<p class=\"text\">Ce sont des cookies qui, trait\u00e9s par nous ou par des tiers, nous permettent d&#8217;analyser vos habitudes de navigation sur Internet afin que nous puissions vous montrer de la publicit\u00e9 li\u00e9e \u00e0 votre profil de navigation.<\/p>\r\n<p class=\"text\">Concr\u00e8tement, nous utilisons actuellement les cookies suivants :<\/p>\r\n<p><a href=\"https:\/\/www.thenetrevenue.com\/\">https:\/\/www.thenetrevenue.com<\/a><\/p>\r\n<p>&nbsp;<\/p>\r\n<h2 class=\"title\"><strong>Cookies tiers<\/strong><\/h2>\r\n<p class=\"text\">Actuellement, notre site web ne t\u00e9l\u00e9charge pas de cookies tiers.<\/p>\r\n<p>&nbsp;<\/p>\r\n<h2 class=\"title\"><strong>Consentement<\/strong><\/h2>\r\n<p class=\"text\">Lorsque vous entrez pour la premi\u00e8re fois sur notre site web, une banni\u00e8re appara\u00eetra pour que vous puissiez acc\u00e9der et conna\u00eetre les cookies que notre site web utilise et, le cas \u00e9ch\u00e9ant, consentir \u00e0 leur utilisation. Si vous n&#8217;acceptez pas les cookies, seuls les cookies Fonctionnels qui sont strictement n\u00e9cessaires au fonctionnement du Site Web ou des applications ou services que vous utilisez seront install\u00e9s sur votre \u00e9quipement.<\/p>\r\n<p>&nbsp;<\/p>\r\n<h2 class=\"title\"><strong>D\u00e9sactiver et bloquer les cookies ou retirer mon consentement<\/strong><\/h2>\r\n<p>Dans tous les cas, nous vous informons que, \u00e9tant donn\u00e9 que les cookies ne sont pas indispensables \u00e0 l&#8217;utilisation de notre Site Web, vous pouvez les bloquer ou les d\u00e9sactiver en activant la configuration de votre navigateur qui vous permet de refuser l&#8217;installation de tous les cookies ou de certains d&#8217;entre eux. La grande majorit\u00e9 des navigateurs permettent d&#8217;\u00eatre averti de la pr\u00e9sence de cookies ou de les refuser automatiquement. Si vous les refusez, vous pourrez continuer \u00e0 utiliser notre Site Web, bien que l&#8217;utilisation de certains de ses services puisse \u00eatre limit\u00e9e et, par cons\u00e9quent, votre exp\u00e9rience sur notre Site Web moins satisfaisante. Pour plus d&#8217;informations sur la suppression, la d\u00e9sactivation ou le blocage des cookies, veuillez visiter :<\/p>\r\n<p><a href=\"http:\/\/www.aboutcookies.org\/Default.aspx?page=2\">http:\/\/www.aboutcookies.org\/Default.aspx?page=2<\/a><\/p>\r\n<p>&nbsp;<\/p>\r\n<p>De m\u00eame, vous pouvez trouver des informations sur la mani\u00e8re de proc\u00e9der aux liens suivants en fonction du navigateur que vous utilisez :<\/p>\r\n<p><a href=\"https:\/\/support.mozilla.org\/es\/kb\/habilitar-y-deshabilitar-cookies-sitios-web-rastrear-preferencias\">https:\/\/support.mozilla.org\/es\/kb\/habilitar-y-deshabilitar-cookies-sitios-web-rastrear-preferencias<\/a><\/p>\r\n<p><a href=\"http:\/\/support.google.com\/chrome\/bin\/answer.py?hl=es&amp;amp;answer=95647\">http:\/\/support.google.com\/chrome\/bin\/answer.py?hl=es&amp;answer=95647<\/a><\/p>\r\n<p><a href=\"http:\/\/windows.microsoft.com\/es-es\/windows7\/how-to-manage-cookies-in-internet-explorer-9\">http:\/\/windows.microsoft.com\/es-es\/windows7\/how-to-manage-cookies-in-internet-explorer-9<\/a><\/p>\r\n<p><a href=\"http:\/\/support.apple.com\/kb\/ph5042\">http:\/\/support.apple.com\/kb\/ph5042<\/a><\/p>\r\n<p><a href=\"http:\/\/help.opera.com\/Windows\/11.50\/es-ES\/cookies.html\">http:\/\/help.opera.com\/Windows\/11.50\/es-ES\/cookies.html<\/a><\/p>\r\n<p class=\"text\">Si vous le souhaitez, vous pouvez consulter les vid\u00e9os d\u00e9velopp\u00e9es par l&#8217;Agence espagnole de protection des donn\u00e9es afin d&#8217;expliquer comment configurer les options de confidentialit\u00e9 depuis diff\u00e9rentes plateformes et \u00e9quipements. <a href=\"https:\/\/www.aepd.es\/\">https:\/\/www.aepd.es\/<\/a><\/p>\r\n<p>&nbsp;<\/p>\r\n<h2 class=\"title\"><strong>Modifications de la politique de cookies<\/strong><\/h2>\r\n<p>Il est possible que nous mettions \u00e0 jour la Politique de Cookies de notre Site Web, c&#8217;est pourquoi nous vous recommandons de consulter cette politique chaque fois que vous acc\u00e9dez \u00e0 notre Site Web afin d&#8217;\u00eatre correctement inform\u00e9 sur la mani\u00e8re et les raisons pour lesquelles nous utilisons les cookies.<\/p>\r\n<p class=\"text\">La Politique de Cookies a \u00e9t\u00e9 mise \u00e0 jour pour la derni\u00e8re fois en <u>novembre 2024<\/u><\/p>","protected":false},"excerpt":{"rendered":"<p>Le responsable du site web https:\/\/www.thenetrevenue.com (le \u00ab Site Web \u00bb) est THE NET REVENUE, SL. qui peut utiliser une technologie appel\u00e9e \u00ab cookies \u00bb dans le but de recueillir des informations sur l&#8217;utilisation du Site Web. Nous vous informons que nous pourrions utiliser&#8230;<\/p>\n","protected":false},"author":1,"featured_media":0,"parent":0,"menu_order":0,"comment_status":"closed","ping_status":"open","template":"","meta":{"footnotes":""},"class_list":["post-3743","page","type-page","status-publish","hentry"],"yoast_head":"<!-- This site is optimized with the Yoast SEO plugin v27.5 - https:\/\/yoast.com\/product\/yoast-seo-wordpress\/ -->\n<title>Politique de Cookies | The Net Revenue<\/title>\n<meta name=\"description\" content=\"Services de revenue management pour h\u00f4tels. Nous optimisons les revenus et la rentabilit\u00e9 avec le meilleur service client.\" \/>\n<meta name=\"robots\" content=\"index, follow, max-snippet:-1, max-image-preview:large, max-video-preview:-1\" \/>\n<link rel=\"canonical\" href=\"https:\/\/www.thenetrevenue.com\/fr\/politique-cookies\/\" \/>\n<meta property=\"og:locale\" content=\"fr_FR\" \/>\n<meta property=\"og:type\" content=\"article\" \/>\n<meta property=\"og:title\" content=\"Politique de Cookies | The Net Revenue\" \/>\n<meta property=\"og:description\" content=\"Services de revenue management pour h\u00f4tels. Nous optimisons les revenus et la rentabilit\u00e9 avec le meilleur service client.\" \/>\n<meta property=\"og:url\" content=\"https:\/\/www.thenetrevenue.com\/fr\/politique-cookies\/\" \/>\n<meta property=\"og:site_name\" content=\"The Net Revenue\" \/>\n<meta property=\"article:publisher\" content=\"https:\/\/www.facebook.com\/thenetrevenue\" \/>\n<meta property=\"article:modified_time\" content=\"2025-10-02T06:22:42+00:00\" \/>\n<meta property=\"og:image\" content=\"https:\/\/www.thenetrevenue.com\/wp-content\/uploads\/2025\/11\/TNR_Logo_Black.jpg\" \/>\n\t<meta property=\"og:image:width\" content=\"1287\" \/>\n\t<meta property=\"og:image:height\" content=\"578\" \/>\n\t<meta property=\"og:image:type\" content=\"image\/jpeg\" \/>\n<meta name=\"twitter:card\" content=\"summary_large_image\" \/>\n<meta name=\"twitter:site\" content=\"@thenetrevenue\" \/>\n<meta name=\"twitter:label1\" content=\"Dur\u00e9e de lecture estim\u00e9e\" \/>\n\t<meta name=\"twitter:data1\" content=\"5 minutes\" \/>\n<script type=\"application\/ld+json\" class=\"yoast-schema-graph\">{\"@context\":\"https:\\\/\\\/schema.org\",\"@graph\":[{\"@type\":\"WebPage\",\"@id\":\"https:\\\/\\\/www.thenetrevenue.com\\\/fr\\\/politique-cookies\\\/\",\"url\":\"https:\\\/\\\/www.thenetrevenue.com\\\/fr\\\/politique-cookies\\\/\",\"name\":\"Politique de Cookies | The Net Revenue\",\"isPartOf\":{\"@id\":\"https:\\\/\\\/www.thenetrevenue.com\\\/fr\\\/#website\"},\"datePublished\":\"2025-08-19T14:44:13+00:00\",\"dateModified\":\"2025-10-02T06:22:42+00:00\",\"description\":\"Services de revenue management pour h\u00f4tels. Nous optimisons les revenus et la rentabilit\u00e9 avec le meilleur service client.\",\"breadcrumb\":{\"@id\":\"https:\\\/\\\/www.thenetrevenue.com\\\/fr\\\/politique-cookies\\\/#breadcrumb\"},\"inLanguage\":\"fr-FR\",\"potentialAction\":[{\"@type\":\"ReadAction\",\"target\":[\"https:\\\/\\\/www.thenetrevenue.com\\\/fr\\\/politique-cookies\\\/\"]}]},{\"@type\":\"BreadcrumbList\",\"@id\":\"https:\\\/\\\/www.thenetrevenue.com\\\/fr\\\/politique-cookies\\\/#breadcrumb\",\"itemListElement\":[{\"@type\":\"ListItem\",\"position\":1,\"name\":\"Portada\",\"item\":\"https:\\\/\\\/www.thenetrevenue.com\\\/fr\\\/\"},{\"@type\":\"ListItem\",\"position\":2,\"name\":\"Politique de Cookies\"}]},{\"@type\":\"WebSite\",\"@id\":\"https:\\\/\\\/www.thenetrevenue.com\\\/fr\\\/#website\",\"url\":\"https:\\\/\\\/www.thenetrevenue.com\\\/fr\\\/\",\"name\":\"The Net Revenue | Servicios de revenue management para hoteles\",\"description\":\"Servicios de revenue management para hoteles\",\"publisher\":{\"@id\":\"https:\\\/\\\/www.thenetrevenue.com\\\/fr\\\/#organization\"},\"potentialAction\":[{\"@type\":\"SearchAction\",\"target\":{\"@type\":\"EntryPoint\",\"urlTemplate\":\"https:\\\/\\\/www.thenetrevenue.com\\\/fr\\\/?s={search_term_string}\"},\"query-input\":{\"@type\":\"PropertyValueSpecification\",\"valueRequired\":true,\"valueName\":\"search_term_string\"}}],\"inLanguage\":\"fr-FR\"},{\"@type\":\"Organization\",\"@id\":\"https:\\\/\\\/www.thenetrevenue.com\\\/fr\\\/#organization\",\"name\":\"The Net Revenue\",\"url\":\"https:\\\/\\\/www.thenetrevenue.com\\\/fr\\\/\",\"logo\":{\"@type\":\"ImageObject\",\"inLanguage\":\"fr-FR\",\"@id\":\"https:\\\/\\\/www.thenetrevenue.com\\\/fr\\\/#\\\/schema\\\/logo\\\/image\\\/\",\"url\":\"https:\\\/\\\/www.thenetrevenue.com\\\/wp-content\\\/uploads\\\/2025\\\/11\\\/TNR_Logo_Black.jpg\",\"contentUrl\":\"https:\\\/\\\/www.thenetrevenue.com\\\/wp-content\\\/uploads\\\/2025\\\/11\\\/TNR_Logo_Black.jpg\",\"width\":1287,\"height\":578,\"caption\":\"The Net Revenue\"},\"image\":{\"@id\":\"https:\\\/\\\/www.thenetrevenue.com\\\/fr\\\/#\\\/schema\\\/logo\\\/image\\\/\"},\"sameAs\":[\"https:\\\/\\\/www.facebook.com\\\/thenetrevenue\",\"https:\\\/\\\/x.com\\\/thenetrevenue\",\"https:\\\/\\\/www.instagram.com\\\/thenetrevenue\",\"https:\\\/\\\/www.linkedin.com\\\/company\\\/the-net-revenue\\\/\"]}]}<\/script>\n<!-- \/ Yoast SEO plugin. -->","yoast_head_json":{"title":"Politique de Cookies | The Net Revenue","description":"Services de revenue management pour h\u00f4tels. Nous optimisons les revenus et la rentabilit\u00e9 avec le meilleur service client.","robots":{"index":"index","follow":"follow","max-snippet":"max-snippet:-1","max-image-preview":"max-image-preview:large","max-video-preview":"max-video-preview:-1"},"canonical":"https:\/\/www.thenetrevenue.com\/fr\/politique-cookies\/","og_locale":"fr_FR","og_type":"article","og_title":"Politique de Cookies | The Net Revenue","og_description":"Services de revenue management pour h\u00f4tels. Nous optimisons les revenus et la rentabilit\u00e9 avec le meilleur service client.","og_url":"https:\/\/www.thenetrevenue.com\/fr\/politique-cookies\/","og_site_name":"The Net Revenue","article_publisher":"https:\/\/www.facebook.com\/thenetrevenue","article_modified_time":"2025-10-02T06:22:42+00:00","og_image":[{"width":1287,"height":578,"url":"https:\/\/www.thenetrevenue.com\/wp-content\/uploads\/2025\/11\/TNR_Logo_Black.jpg","type":"image\/jpeg"}],"twitter_card":"summary_large_image","twitter_site":"@thenetrevenue","twitter_misc":{"Dur\u00e9e de lecture estim\u00e9e":"5 minutes"},"schema":{"@context":"https:\/\/schema.org","@graph":[{"@type":"WebPage","@id":"https:\/\/www.thenetrevenue.com\/fr\/politique-cookies\/","url":"https:\/\/www.thenetrevenue.com\/fr\/politique-cookies\/","name":"Politique de Cookies | The Net Revenue","isPartOf":{"@id":"https:\/\/www.thenetrevenue.com\/fr\/#website"},"datePublished":"2025-08-19T14:44:13+00:00","dateModified":"2025-10-02T06:22:42+00:00","description":"Services de revenue management pour h\u00f4tels. Nous optimisons les revenus et la rentabilit\u00e9 avec le meilleur service client.","breadcrumb":{"@id":"https:\/\/www.thenetrevenue.com\/fr\/politique-cookies\/#breadcrumb"},"inLanguage":"fr-FR","potentialAction":[{"@type":"ReadAction","target":["https:\/\/www.thenetrevenue.com\/fr\/politique-cookies\/"]}]},{"@type":"BreadcrumbList","@id":"https:\/\/www.thenetrevenue.com\/fr\/politique-cookies\/#breadcrumb","itemListElement":[{"@type":"ListItem","position":1,"name":"Portada","item":"https:\/\/www.thenetrevenue.com\/fr\/"},{"@type":"ListItem","position":2,"name":"Politique de Cookies"}]},{"@type":"WebSite","@id":"https:\/\/www.thenetrevenue.com\/fr\/#website","url":"https:\/\/www.thenetrevenue.com\/fr\/","name":"The Net Revenue | Servicios de revenue management para hoteles","description":"Servicios de revenue management para hoteles","publisher":{"@id":"https:\/\/www.thenetrevenue.com\/fr\/#organization"},"potentialAction":[{"@type":"SearchAction","target":{"@type":"EntryPoint","urlTemplate":"https:\/\/www.thenetrevenue.com\/fr\/?s={search_term_string}"},"query-input":{"@type":"PropertyValueSpecification","valueRequired":true,"valueName":"search_term_string"}}],"inLanguage":"fr-FR"},{"@type":"Organization","@id":"https:\/\/www.thenetrevenue.com\/fr\/#organization","name":"The Net Revenue","url":"https:\/\/www.thenetrevenue.com\/fr\/","logo":{"@type":"ImageObject","inLanguage":"fr-FR","@id":"https:\/\/www.thenetrevenue.com\/fr\/#\/schema\/logo\/image\/","url":"https:\/\/www.thenetrevenue.com\/wp-content\/uploads\/2025\/11\/TNR_Logo_Black.jpg","contentUrl":"https:\/\/www.thenetrevenue.com\/wp-content\/uploads\/2025\/11\/TNR_Logo_Black.jpg","width":1287,"height":578,"caption":"The Net Revenue"},"image":{"@id":"https:\/\/www.thenetrevenue.com\/fr\/#\/schema\/logo\/image\/"},"sameAs":["https:\/\/www.facebook.com\/thenetrevenue","https:\/\/x.com\/thenetrevenue","https:\/\/www.instagram.com\/thenetrevenue","https:\/\/www.linkedin.com\/company\/the-net-revenue\/"]}]}},"meta_box":[],"_links":{"self":[{"href":"https:\/\/www.thenetrevenue.com\/fr\/wp-json\/wp\/v2\/pages\/3743","targetHints":{"allow":["GET"]}}],"collection":[{"href":"https:\/\/www.thenetrevenue.com\/fr\/wp-json\/wp\/v2\/pages"}],"about":[{"href":"https:\/\/www.thenetrevenue.com\/fr\/wp-json\/wp\/v2\/types\/page"}],"author":[{"embeddable":true,"href":"https:\/\/www.thenetrevenue.com\/fr\/wp-json\/wp\/v2\/users\/1"}],"replies":[{"embeddable":true,"href":"https:\/\/www.thenetrevenue.com\/fr\/wp-json\/wp\/v2\/comments?post=3743"}],"version-history":[{"count":0,"href":"https:\/\/www.thenetrevenue.com\/fr\/wp-json\/wp\/v2\/pages\/3743\/revisions"}],"wp:attachment":[{"href":"https:\/\/www.thenetrevenue.com\/fr\/wp-json\/wp\/v2\/media?parent=3743"}],"curies":[{"name":"wp","href":"https:\/\/api.w.org\/{rel}","templated":true}]}}