{"id":3598,"date":"2025-08-19T16:51:02","date_gmt":"2025-08-19T14:51:02","guid":{"rendered":"https:\/\/staging.thenetrevenue.com\/thenetrevenue\/condicions-us-web\/"},"modified":"2025-10-03T13:28:34","modified_gmt":"2025-10-03T11:28:34","slug":"conditions-utilisation-du-site-web","status":"publish","type":"page","link":"https:\/\/www.thenetrevenue.com\/fr\/conditions-utilisation-du-site-web\/","title":{"rendered":"Conditions d&#8217;utilisation"},"content":{"rendered":"<h2><strong>1. Port\u00e9e<\/strong><\/h2>\n<section class=\"mt mb bg-grey basic-page\">\n<div class=\"container\">\n<div class=\"row\">\n<div class=\"col-12\">\n<p class=\"text\">Les pr\u00e9sentes Conditions d&#8217;Utilisation du Site \u00e9tablissent les conditions g\u00e9n\u00e9rales qui r\u00e9gissent tant l&#8217;acc\u00e8s, que la navigation, ainsi que l&#8217;utilisation des contenus du pr\u00e9sent site web.<\/p>\n<p class=\"text\">Les informations contenues dans ce site web font r\u00e9f\u00e9rence aux services offerts par The Net Revenue, SL (ci-apr\u00e8s The Net Revenue). Ces informations ne sont qu&#8217;\u00e0 titre indicatif et ne constituent en aucun cas une offre contraignante obligeant l&#8217;utilisateur \u00e0 contracter les services pr\u00e9sent\u00e9s. The Net Revenue se r\u00e9serve le droit de modifier les informations contenues ici quand elle le jugera opportun et sans pr\u00e9avis, n&#8217;\u00e9tant pas responsable de l&#8217;exactitude, de l&#8217;insuffisance ou de l&#8217;authenticit\u00e9 des informations fournies.<\/p>\n<p class=\"text\">En m\u00eame temps, elle se r\u00e9serve le droit de modifier le contenu du pr\u00e9sent document d&#8217;utilisation du site web. Par cons\u00e9quent, l&#8217;Utilisateur doit lire attentivement ce document \u00e0 chaque fois qu&#8217;il se propose d&#8217;utiliser le site web, car celui-ci et ses conditions d&#8217;utilisation recueillies dans la pr\u00e9sente Utilisation du site web peuvent subir des modifications.<\/p>\n<p class=\"text\">La prestation du service de ce site web a une dur\u00e9e limit\u00e9e au moment o\u00f9 l&#8217;Utilisateur se trouve connect\u00e9 au site web ou \u00e0 l&#8217;un des services qui y sont fournis.<\/p>\n<h2 class=\"title\"><strong>2. Conditions d&#8217;utilisation du site web<\/strong><\/h2>\n<p class=\"text\">Par le simple acc\u00e8s, la navigation ou l&#8217;utilisation du site web, on acquiert la condition d&#8217;utilisateur. L&#8217;utilisateur accepte pleinement et sans aucune r\u00e9serve les conditions contenues dans l&#8217;Avis L\u00e9gal du site web.<\/p>\n<p class=\"text\">L&#8217;utilisateur s&#8217;engage \u00e0 utiliser le site web ainsi que ses services et contenus, de mani\u00e8re licite, conform\u00e9ment \u00e0 la l\u00e9gislation en vigueur, aux usages g\u00e9n\u00e9ralement accept\u00e9s, \u00e0 la bonne foi et \u00e0 l&#8217;ordre public.<\/p>\n<p class=\"text\">L&#8217;utilisateur s&#8217;engage \u00e0 ne pas r\u00e9aliser d&#8217;actions pouvant causer des dommages au site web, en le rendant inutilisable, en le surchargeant ou en le d\u00e9t\u00e9riorant de quelque mani\u00e8re que ce soit, ou en emp\u00eachant les autres utilisateurs d&#8217;acc\u00e9der librement au site web, de l&#8217;utiliser ou d&#8217;en jouir.<\/p>\n<h3 class=\"title\">Mineurs<\/h3>\n<p class=\"text\">La souscription aux services qu&#8217;offre THE NET REVENUE est destin\u00e9e aux personnes majeures de 18 ans. En utilisant ce site web et en effectuant une r\u00e9servation, l&#8217;utilisateur d\u00e9clare et garantit qu&#8217;il est majeur dans son pays de r\u00e9sidence pour former un contrat contraignant avec nous et respecter toutes les conditions \u00e9tablies. S&#8217;il ne remplit pas toutes ces conditions, il ne doit effectuer aucune r\u00e9servation de nos services.<\/p>\n<p class=\"text\">Pour l&#8217;utilisation des services web, les mineurs doivent toujours et pr\u00e9alablement obtenir le consentement des parents, tuteurs ou repr\u00e9sentants l\u00e9gaux, responsables ultimes de tous les actes r\u00e9alis\u00e9s par les mineurs sous leur charge. La responsabilit\u00e9 dans la d\u00e9termination des contenus concrets auxquels acc\u00e8dent les mineurs correspond \u00e0 ceux-ci, c&#8217;est pourquoi, s&#8217;ils acc\u00e8dent \u00e0 des contenus inappropri\u00e9s sur Internet, il faudra \u00e9tablir sur leurs ordinateurs des m\u00e9canismes, notamment des programmes informatiques, filtres et blocages, qui permettent de limiter les contenus disponibles et, bien qu&#8217;ils ne soient pas infaillibles, ils sont d&#8217;une utilit\u00e9 particuli\u00e8re pour contr\u00f4ler et restreindre les mat\u00e9riaux auxquels peuvent acc\u00e9der les mineurs.<\/p>\n<h2 class=\"title\"><strong>3. Propri\u00e9t\u00e9 intellectuelle et utilisation des contenus<\/strong><\/h2>\n<p class=\"text\">The Net Revenue est titulaire des droits de propri\u00e9t\u00e9 intellectuelle et industrielle de ce site web et de tous ses contenus (\u00e0 titre purement indicatif : marque et logo de The Net Revenue, textes, photographies et autres contenus audiovisuels, logiciel, design graphique, etc.) ou dispose de la licence ou autorisation correspondante pour leur utilisation. L&#8217;acc\u00e8s \u00e0 la navigation et l&#8217;utilisation de ce site web par l&#8217;utilisateur n&#8217;impliquent en aucun cas renonciation, transmission, licence ni cession totale ou partielle de ceux-ci.<\/p>\n<p class=\"text\">Il est express\u00e9ment interdit de reproduire, modifier, r\u00e9utiliser, exploiter, communiquer publiquement, t\u00e9l\u00e9charger des fichiers, envoyer par courrier, transmettre, utiliser, traiter ou distribuer de quelque mani\u00e8re que ce soit la totalit\u00e9 ou une partie des contenus inclus dans ce site web, y compris toute reproduction totale ou partielle du catalogue de services commercialis\u00e9s \u00e0 des fins publiques ou commerciales, sans l&#8217;autorisation expresse et \u00e9crite de The Net Revenue.<\/p>\n<h2 class=\"title\"><strong>4. Liens<\/strong><\/h2>\n<h3 class=\"title\">4.1. Liens vers d&#8217;autres sites web externes<\/h3>\n<p class=\"text\">The Net Revenue d\u00e9cline toute responsabilit\u00e9 concernant toute information pr\u00e9sente sur le World Wide Web non \u00e9labor\u00e9e par The Net Revenue ou non publi\u00e9e sous son nom. Le site web peut contenir des liens hypertexte vers d&#8217;autres pages du World Wide Web qui sont compl\u00e8tement ind\u00e9pendantes de ce site web. The Net Revenue ne r\u00e9pondra ni ne garantira, en aucune mani\u00e8re, l&#8217;exactitude, l&#8217;insuffisance ou l&#8217;authenticit\u00e9 des informations fournies par toute personne ou entit\u00e9, physique ou morale, avec ou sans personnalit\u00e9 juridique propre, \u00e0 travers ces liens hypertexte.<\/p>\n<h3 class=\"title\">4.2. Liens externes \u00e0 destination des sites web de The Net Revenue<\/h3>\n<p class=\"text\">Si tout autre site web, utilisateur ou entit\u00e9, souhaitait \u00e9tablir un lien \u00e0 destination de <a href=\"https:\/\/www.thenetrevenue.com\/\">https:\/\/www.thenetrevenue.com<\/a>, ce lien devra se soumettre aux conditions d\u00e9taill\u00e9es ci-apr\u00e8s :<\/p>\n<ol>\n<li>\n<p class=\"text\">Le lien sera dirig\u00e9 vers la page principale ou vers n&#8217;importe laquelle de ses sections. Le lien, en tout cas, doit \u00eatre absolu et complet conduisant l&#8217;utilisateur en un seul clic \u00e0 l&#8217;URL de la page principale ou \u00e0 l&#8217;URL de n&#8217;importe laquelle de ses sections. Le lien devra couvrir toute l&#8217;\u00e9tendue de l&#8217;\u00e9cran de notre site web <a href=\"https:\/\/www.thenetrevenue.com\/\">https:\/\/www.thenetrevenue.com<\/a><\/p>\n<\/li>\n<li>\n<p class=\"text\">En aucun cas, sauf autorisation expresse \u00e9crite de la part de The Net Revenue, le site web qui \u00e9tablit le lien ne pourra reproduire de quelque mani\u00e8re que ce soit <a href=\"https:\/\/www.thenetrevenue.com\/\">https:\/\/www.thenetrevenue.com<\/a>, en l&#8217;incluant comme partie int\u00e9grante de son site web, en utilisant des cadres, des redirections ou toute autre mesure qui supposerait occulter l&#8217;origine de l&#8217;information.<\/p>\n<\/li>\n<li>\n<p class=\"text\">L&#8217;\u00e9tablissement d&#8217;un lien vers <a href=\"https:\/\/www.thenetrevenue.com\/\">https:\/\/www.thenetrevenue.com<\/a> n&#8217;est pas autoris\u00e9 depuis des sites web contenant des contenus illicites, ill\u00e9gaux, d\u00e9gradants ou obsc\u00e8nes, contrevenant \u00e0 la morale ou \u00e0 l&#8217;ordre public.<\/p>\n<\/li>\n<\/ol>\n<p class=\"text\">Le service d&#8217;acc\u00e8s au site web inclut des dispositifs techniques de liaison, des r\u00e9pertoires et m\u00eame des instruments de recherche qui permettent \u00e0 l&#8217;Utilisateur d&#8217;acc\u00e9der \u00e0 d&#8217;autres pages et portails d&#8217;Internet (ci-apr\u00e8s, &#8216;Sites Li\u00e9s&#8217;). Dans ces cas, The Net Revenue agit comme prestataire de services d&#8217;interm\u00e9diation conform\u00e9ment \u00e0 la Loi sur les Services de la Soci\u00e9t\u00e9 de l&#8217;Information et du Commerce \u00e9lectronique et ne sera responsable des contenus et services fournis aux Sites Li\u00e9s que dans la mesure o\u00f9 elle aura une connaissance effective de l&#8217;illic\u00e9it\u00e9 et n&#8217;aura pas d\u00e9sactiv\u00e9 le lien avec la diligence requise. Dans l&#8217;hypoth\u00e8se o\u00f9 l&#8217;Utilisateur consid\u00e9rerait qu&#8217;il existe un Site Li\u00e9 avec des contenus illicites ou inad\u00e9quats, il pourra le communiquer \u00e0 The Net Revenue en envoyant un message \u00e0 <a href=\"mailto:gdpr@thenetrevenue.com\">gdpr@thenetrevenue.com<\/a>, sans qu&#8217;en aucun cas cette communication ne comporte l&#8217;obligation de retirer le lien correspondant.<\/p>\n<p class=\"text\">En aucun cas, l&#8217;existence de Sites Li\u00e9s ne doit pr\u00e9supposer l&#8217;existence d&#8217;accords avec les responsables ou titulaires de ceux-ci, ni la recommandation, promotion ou identification de The Net Revenue avec les manifestations, contenus ou services fournis.<\/p>\n<p class=\"text\">The Net Revenue ne conna\u00eet pas les contenus et services des Sites Li\u00e9s et, par cons\u00e9quent, ne se tient pas responsable des dommages produits par l&#8217;illic\u00e9it\u00e9, la qualit\u00e9, l&#8217;obsolescence, l&#8217;indisponibilit\u00e9, l&#8217;erreur et l&#8217;inutilit\u00e9 des contenus et\/ou services des Sites Li\u00e9s ni pour tout autre dommage qui ne serait pas directement imputable \u00e0 The Net Revenue.<\/p>\n<h2 class=\"title\"><strong>5. Exclusion de responsabilit\u00e9<\/strong><\/h2>\n<p class=\"text\">La responsabilit\u00e9 dans l&#8217;utilisation de ce Site Web correspond de mani\u00e8re unique et exclusive \u00e0 l&#8217;Utilisateur.<\/p>\n<p class=\"text\">The Net Revenue ne se tient pas responsable, en aucun cas, des dommages et pr\u00e9judices de toute nature qui pourraient \u00eatre caus\u00e9s par :<\/p>\n<p class=\"text\">1. La non-disponibilit\u00e9, la maintenance et le fonctionnement du Site web ou de ses services ou contenus, car ils requi\u00e8rent des fournitures et services de tiers.<\/p>\n<p class=\"text\">2. Les erreurs et omissions dans les informations publi\u00e9es, ainsi que le manque d&#8217;utilit\u00e9, d&#8217;ad\u00e9quation ou de validit\u00e9 du site web ou de ses services ou contenus pour satisfaire des besoins, activit\u00e9s ou r\u00e9sultats concrets ou attentes des Utilisateurs.<\/p>\n<p class=\"text\">L&#8217;acc\u00e8s \u00e0 notre site web n&#8217;implique pas l&#8217;obligation de la part de The Net Revenue de contr\u00f4ler l&#8217;absence de virus ou tout autre \u00e9l\u00e9ment informatique nuisible. Il appartient \u00e0 l&#8217;Utilisateur, en tout cas, de disposer d&#8217;outils ad\u00e9quats pour la d\u00e9tection et la d\u00e9sinfection de programmes informatiques nuisibles. The Net Revenue ne se tient pas responsable des dommages produits sur les \u00e9quipements informatiques des Utilisateurs ou de tiers durant l&#8217;utilisation du site web.<\/p>\n<h2 class=\"title\"><strong>6. L\u00e9gislation<\/strong><\/h2>\n<p class=\"text\">Le pr\u00e9sent Avis L\u00e9gal est r\u00e9gi dans tous ses aspects par la r\u00e9glementation europ\u00e9enne applicable.<\/p>\n<h2 class=\"title\"><strong>7. Mise \u00e0 jour<\/strong><\/h2>\n<p class=\"text\">La pr\u00e9sente utilisation du site web a \u00e9t\u00e9 r\u00e9vis\u00e9e pour la derni\u00e8re fois en <strong><u>novembre 2024<\/u><\/strong><\/p>\n<\/div>\n<\/div>\n<\/div>\n<\/section>\n<footer class=\"mb-0 position-relative\">\n<div class=\"container\">\n<div class=\"row\">\n<div class=\"col-12\"><\/div>\n<\/div>\n<\/div>\n<\/footer>\n","protected":false},"excerpt":{"rendered":"<p>1. Port\u00e9e Les pr\u00e9sentes Conditions d&#8217;Utilisation du Site \u00e9tablissent les conditions g\u00e9n\u00e9rales qui r\u00e9gissent tant l&#8217;acc\u00e8s, que la navigation, ainsi que l&#8217;utilisation des contenus du pr\u00e9sent site web. Les informations contenues dans ce site web font r\u00e9f\u00e9rence aux services offerts par The Net Revenue,&#8230;<\/p>\n","protected":false},"author":1,"featured_media":0,"parent":0,"menu_order":0,"comment_status":"closed","ping_status":"closed","template":"","meta":{"footnotes":""},"class_list":["post-3598","page","type-page","status-publish","hentry"],"yoast_head":"<!-- This site is optimized with the Yoast SEO plugin v27.5 - https:\/\/yoast.com\/product\/yoast-seo-wordpress\/ -->\n<title>Conditions d&#039;utilisation du site web | The Net Revenue<\/title>\n<meta name=\"description\" content=\"Services de revenue management pour h\u00f4tels. Nous optimisons les revenus et la rentabilit\u00e9 avec le meilleur service client.\" \/>\n<meta name=\"robots\" content=\"index, follow, max-snippet:-1, max-image-preview:large, max-video-preview:-1\" \/>\n<link rel=\"canonical\" href=\"https:\/\/www.thenetrevenue.com\/fr\/conditions-utilisation-du-site-web\/\" \/>\n<meta property=\"og:locale\" content=\"fr_FR\" \/>\n<meta property=\"og:type\" content=\"article\" \/>\n<meta property=\"og:title\" content=\"Conditions d&#039;utilisation du site web | The Net Revenue\" \/>\n<meta property=\"og:description\" content=\"Services de revenue management pour h\u00f4tels. Nous optimisons les revenus et la rentabilit\u00e9 avec le meilleur service client.\" \/>\n<meta property=\"og:url\" content=\"https:\/\/www.thenetrevenue.com\/fr\/conditions-utilisation-du-site-web\/\" \/>\n<meta property=\"og:site_name\" content=\"The Net Revenue\" \/>\n<meta property=\"article:publisher\" content=\"https:\/\/www.facebook.com\/thenetrevenue\" \/>\n<meta property=\"article:modified_time\" content=\"2025-10-03T11:28:34+00:00\" \/>\n<meta property=\"og:image\" content=\"https:\/\/www.thenetrevenue.com\/wp-content\/uploads\/2025\/11\/TNR_Logo_Black.jpg\" \/>\n\t<meta property=\"og:image:width\" content=\"1287\" \/>\n\t<meta property=\"og:image:height\" content=\"578\" \/>\n\t<meta property=\"og:image:type\" content=\"image\/jpeg\" \/>\n<meta name=\"twitter:card\" content=\"summary_large_image\" \/>\n<meta name=\"twitter:site\" content=\"@thenetrevenue\" \/>\n<meta name=\"twitter:label1\" content=\"Dur\u00e9e de lecture estim\u00e9e\" \/>\n\t<meta name=\"twitter:data1\" content=\"7 minutes\" \/>\n<script type=\"application\/ld+json\" class=\"yoast-schema-graph\">{\"@context\":\"https:\\\/\\\/schema.org\",\"@graph\":[{\"@type\":\"WebPage\",\"@id\":\"https:\\\/\\\/www.thenetrevenue.com\\\/fr\\\/conditions-utilisation-du-site-web\\\/\",\"url\":\"https:\\\/\\\/www.thenetrevenue.com\\\/fr\\\/conditions-utilisation-du-site-web\\\/\",\"name\":\"Conditions d'utilisation du site web | The Net Revenue\",\"isPartOf\":{\"@id\":\"https:\\\/\\\/www.thenetrevenue.com\\\/fr\\\/#website\"},\"datePublished\":\"2025-08-19T14:51:02+00:00\",\"dateModified\":\"2025-10-03T11:28:34+00:00\",\"description\":\"Services de revenue management pour h\u00f4tels. Nous optimisons les revenus et la rentabilit\u00e9 avec le meilleur service client.\",\"breadcrumb\":{\"@id\":\"https:\\\/\\\/www.thenetrevenue.com\\\/fr\\\/conditions-utilisation-du-site-web\\\/#breadcrumb\"},\"inLanguage\":\"fr-FR\",\"potentialAction\":[{\"@type\":\"ReadAction\",\"target\":[\"https:\\\/\\\/www.thenetrevenue.com\\\/fr\\\/conditions-utilisation-du-site-web\\\/\"]}]},{\"@type\":\"BreadcrumbList\",\"@id\":\"https:\\\/\\\/www.thenetrevenue.com\\\/fr\\\/conditions-utilisation-du-site-web\\\/#breadcrumb\",\"itemListElement\":[{\"@type\":\"ListItem\",\"position\":1,\"name\":\"Portada\",\"item\":\"https:\\\/\\\/www.thenetrevenue.com\\\/fr\\\/\"},{\"@type\":\"ListItem\",\"position\":2,\"name\":\"Conditions d&#8217;utilisation\"}]},{\"@type\":\"WebSite\",\"@id\":\"https:\\\/\\\/www.thenetrevenue.com\\\/fr\\\/#website\",\"url\":\"https:\\\/\\\/www.thenetrevenue.com\\\/fr\\\/\",\"name\":\"The Net Revenue | Servicios de revenue management para hoteles\",\"description\":\"Servicios de revenue management para hoteles\",\"publisher\":{\"@id\":\"https:\\\/\\\/www.thenetrevenue.com\\\/fr\\\/#organization\"},\"potentialAction\":[{\"@type\":\"SearchAction\",\"target\":{\"@type\":\"EntryPoint\",\"urlTemplate\":\"https:\\\/\\\/www.thenetrevenue.com\\\/fr\\\/?s={search_term_string}\"},\"query-input\":{\"@type\":\"PropertyValueSpecification\",\"valueRequired\":true,\"valueName\":\"search_term_string\"}}],\"inLanguage\":\"fr-FR\"},{\"@type\":\"Organization\",\"@id\":\"https:\\\/\\\/www.thenetrevenue.com\\\/fr\\\/#organization\",\"name\":\"The Net Revenue\",\"url\":\"https:\\\/\\\/www.thenetrevenue.com\\\/fr\\\/\",\"logo\":{\"@type\":\"ImageObject\",\"inLanguage\":\"fr-FR\",\"@id\":\"https:\\\/\\\/www.thenetrevenue.com\\\/fr\\\/#\\\/schema\\\/logo\\\/image\\\/\",\"url\":\"https:\\\/\\\/www.thenetrevenue.com\\\/wp-content\\\/uploads\\\/2025\\\/11\\\/TNR_Logo_Black.jpg\",\"contentUrl\":\"https:\\\/\\\/www.thenetrevenue.com\\\/wp-content\\\/uploads\\\/2025\\\/11\\\/TNR_Logo_Black.jpg\",\"width\":1287,\"height\":578,\"caption\":\"The Net Revenue\"},\"image\":{\"@id\":\"https:\\\/\\\/www.thenetrevenue.com\\\/fr\\\/#\\\/schema\\\/logo\\\/image\\\/\"},\"sameAs\":[\"https:\\\/\\\/www.facebook.com\\\/thenetrevenue\",\"https:\\\/\\\/x.com\\\/thenetrevenue\",\"https:\\\/\\\/www.instagram.com\\\/thenetrevenue\",\"https:\\\/\\\/www.linkedin.com\\\/company\\\/the-net-revenue\\\/\"]}]}<\/script>\n<!-- \/ Yoast SEO plugin. -->","yoast_head_json":{"title":"Conditions d'utilisation du site web | The Net Revenue","description":"Services de revenue management pour h\u00f4tels. Nous optimisons les revenus et la rentabilit\u00e9 avec le meilleur service client.","robots":{"index":"index","follow":"follow","max-snippet":"max-snippet:-1","max-image-preview":"max-image-preview:large","max-video-preview":"max-video-preview:-1"},"canonical":"https:\/\/www.thenetrevenue.com\/fr\/conditions-utilisation-du-site-web\/","og_locale":"fr_FR","og_type":"article","og_title":"Conditions d'utilisation du site web | The Net Revenue","og_description":"Services de revenue management pour h\u00f4tels. Nous optimisons les revenus et la rentabilit\u00e9 avec le meilleur service client.","og_url":"https:\/\/www.thenetrevenue.com\/fr\/conditions-utilisation-du-site-web\/","og_site_name":"The Net Revenue","article_publisher":"https:\/\/www.facebook.com\/thenetrevenue","article_modified_time":"2025-10-03T11:28:34+00:00","og_image":[{"width":1287,"height":578,"url":"https:\/\/www.thenetrevenue.com\/wp-content\/uploads\/2025\/11\/TNR_Logo_Black.jpg","type":"image\/jpeg"}],"twitter_card":"summary_large_image","twitter_site":"@thenetrevenue","twitter_misc":{"Dur\u00e9e de lecture estim\u00e9e":"7 minutes"},"schema":{"@context":"https:\/\/schema.org","@graph":[{"@type":"WebPage","@id":"https:\/\/www.thenetrevenue.com\/fr\/conditions-utilisation-du-site-web\/","url":"https:\/\/www.thenetrevenue.com\/fr\/conditions-utilisation-du-site-web\/","name":"Conditions d'utilisation du site web | The Net Revenue","isPartOf":{"@id":"https:\/\/www.thenetrevenue.com\/fr\/#website"},"datePublished":"2025-08-19T14:51:02+00:00","dateModified":"2025-10-03T11:28:34+00:00","description":"Services de revenue management pour h\u00f4tels. Nous optimisons les revenus et la rentabilit\u00e9 avec le meilleur service client.","breadcrumb":{"@id":"https:\/\/www.thenetrevenue.com\/fr\/conditions-utilisation-du-site-web\/#breadcrumb"},"inLanguage":"fr-FR","potentialAction":[{"@type":"ReadAction","target":["https:\/\/www.thenetrevenue.com\/fr\/conditions-utilisation-du-site-web\/"]}]},{"@type":"BreadcrumbList","@id":"https:\/\/www.thenetrevenue.com\/fr\/conditions-utilisation-du-site-web\/#breadcrumb","itemListElement":[{"@type":"ListItem","position":1,"name":"Portada","item":"https:\/\/www.thenetrevenue.com\/fr\/"},{"@type":"ListItem","position":2,"name":"Conditions d&#8217;utilisation"}]},{"@type":"WebSite","@id":"https:\/\/www.thenetrevenue.com\/fr\/#website","url":"https:\/\/www.thenetrevenue.com\/fr\/","name":"The Net Revenue | Servicios de revenue management para hoteles","description":"Servicios de revenue management para hoteles","publisher":{"@id":"https:\/\/www.thenetrevenue.com\/fr\/#organization"},"potentialAction":[{"@type":"SearchAction","target":{"@type":"EntryPoint","urlTemplate":"https:\/\/www.thenetrevenue.com\/fr\/?s={search_term_string}"},"query-input":{"@type":"PropertyValueSpecification","valueRequired":true,"valueName":"search_term_string"}}],"inLanguage":"fr-FR"},{"@type":"Organization","@id":"https:\/\/www.thenetrevenue.com\/fr\/#organization","name":"The Net Revenue","url":"https:\/\/www.thenetrevenue.com\/fr\/","logo":{"@type":"ImageObject","inLanguage":"fr-FR","@id":"https:\/\/www.thenetrevenue.com\/fr\/#\/schema\/logo\/image\/","url":"https:\/\/www.thenetrevenue.com\/wp-content\/uploads\/2025\/11\/TNR_Logo_Black.jpg","contentUrl":"https:\/\/www.thenetrevenue.com\/wp-content\/uploads\/2025\/11\/TNR_Logo_Black.jpg","width":1287,"height":578,"caption":"The Net Revenue"},"image":{"@id":"https:\/\/www.thenetrevenue.com\/fr\/#\/schema\/logo\/image\/"},"sameAs":["https:\/\/www.facebook.com\/thenetrevenue","https:\/\/x.com\/thenetrevenue","https:\/\/www.instagram.com\/thenetrevenue","https:\/\/www.linkedin.com\/company\/the-net-revenue\/"]}]}},"meta_box":[],"_links":{"self":[{"href":"https:\/\/www.thenetrevenue.com\/fr\/wp-json\/wp\/v2\/pages\/3598","targetHints":{"allow":["GET"]}}],"collection":[{"href":"https:\/\/www.thenetrevenue.com\/fr\/wp-json\/wp\/v2\/pages"}],"about":[{"href":"https:\/\/www.thenetrevenue.com\/fr\/wp-json\/wp\/v2\/types\/page"}],"author":[{"embeddable":true,"href":"https:\/\/www.thenetrevenue.com\/fr\/wp-json\/wp\/v2\/users\/1"}],"replies":[{"embeddable":true,"href":"https:\/\/www.thenetrevenue.com\/fr\/wp-json\/wp\/v2\/comments?post=3598"}],"version-history":[{"count":0,"href":"https:\/\/www.thenetrevenue.com\/fr\/wp-json\/wp\/v2\/pages\/3598\/revisions"}],"wp:attachment":[{"href":"https:\/\/www.thenetrevenue.com\/fr\/wp-json\/wp\/v2\/media?parent=3598"}],"curies":[{"name":"wp","href":"https:\/\/api.w.org\/{rel}","templated":true}]}}