{"id":3558,"date":"2025-08-19T16:43:11","date_gmt":"2025-08-19T14:43:11","guid":{"rendered":"https:\/\/staging.thenetrevenue.com\/thenetrevenue\/avis-legal\/"},"modified":"2025-09-29T17:31:27","modified_gmt":"2025-09-29T15:31:27","slug":"mentions-legales","status":"publish","type":"page","link":"https:\/\/www.thenetrevenue.com\/fr\/mentions-legales\/","title":{"rendered":"Mentions l\u00e9gales"},"content":{"rendered":"<p>&nbsp;<\/p>\r\n\r\n<table style=\"height: 2688px;\" width=\"1322\">\r\n<tbody>\r\n<tr>\r\n<td width=\"37\">\r\n<p><strong><em>1.-<\/em><\/strong><\/p>\r\n<\/td>\r\n<td width=\"166\">\r\n<p><strong>Responsable du traitement :<\/strong><\/p>\r\n<\/td>\r\n<td width=\"359\">\r\n<p><strong>THE NET REVENUE, SL<\/strong><\/p>\r\n<\/td>\r\n<td width=\"103\">\r\n<p><u>Plus d&#8217;infos<\/u><\/p>\r\n<\/td>\r\n<\/tr>\r\n<tr>\r\n<td width=\"37\">\r\n<p><strong><em>2.-<\/em><\/strong><\/p>\r\n<\/td>\r\n<td width=\"166\">\r\n<p><strong>Type de donn\u00e9es personnelles que nous traitons et dans quel but :<\/strong><\/p>\r\n<\/td>\r\n<td width=\"359\">\r\n<p>Donn\u00e9es de contact et autres donn\u00e9es n\u00e9cessaires aux finalit\u00e9s requises, comme r\u00e9pondre aux informations demand\u00e9es via notre site web <a href=\"https:\/\/www.thenetrevenue.com\">https:\/\/www.thenetrevenue.com<\/a> et autres moyens ou g\u00e9rer la prestation de nos services. Gestion administrative de l&#8217;entreprise et respect des obligations l\u00e9gales qui en d\u00e9coulent.<\/p>\r\n<\/td>\r\n<td width=\"103\">\r\n<p><u>Plus d&#8217;infos<\/u><\/p>\r\n<\/td>\r\n<\/tr>\r\n<tr>\r\n<td width=\"37\">\r\n<p><strong><em>3.-<\/em><\/strong><\/p>\r\n<\/td>\r\n<td width=\"166\">\r\n<p><strong>L\u00e9gitimit\u00e9 du traitement :<\/strong><\/p>\r\n<\/td>\r\n<td width=\"359\">\r\n<p><strong>C<\/strong>onsentement de l&#8217;utilisateur, respect des obligations l\u00e9gales, ex\u00e9cution des obligations qui d\u00e9coulent entre nous et nos clients, fournisseurs et employ\u00e9s. Nos int\u00e9r\u00eats l\u00e9gitimes, le cas \u00e9ch\u00e9ant.<\/p>\r\n<\/td>\r\n<td width=\"103\">\r\n<p><u>Plus d&#8217;infos<\/u><\/p>\r\n<\/td>\r\n<\/tr>\r\n<tr>\r\n<td width=\"37\">\r\n<p><strong><em>4.-<\/em><\/strong><\/p>\r\n<\/td>\r\n<td width=\"166\">\r\n<p><strong>Dur\u00e9e de conservation :<\/strong><\/p>\r\n<\/td>\r\n<td width=\"359\">\r\n<p>Pendant la dur\u00e9e de la l\u00e9gitimit\u00e9 par consentement, de la relation contractuelle, de l&#8217;obligation l\u00e9gale ou de l&#8217;int\u00e9r\u00eat l\u00e9gitime.<\/p>\r\n<\/td>\r\n<td width=\"103\">\r\n<p><u>Plus d&#8217;infos<\/u><\/p>\r\n<\/td>\r\n<\/tr>\r\n<tr>\r\n<td width=\"37\">\r\n<p><strong><em>5.-<\/em><\/strong><\/p>\r\n<\/td>\r\n<td width=\"166\">\r\n<p><strong>Destinataires : <\/strong><\/p>\r\n<\/td>\r\n<td width=\"359\">\r\n<p>Les donn\u00e9es que vous nous fournissez seront incorpor\u00e9es dans une base de donn\u00e9es appartenant \u00e0 YURBBAN WORLDWIDE, SL \u00e0 laquelle appartient THE NET REVENUE, SL et pourront \u00eatre partag\u00e9es, pour des raisons op\u00e9rationnelles, avec d&#8217;autres soci\u00e9t\u00e9s du GROUPE SOGAMAN, appartenant \u00e0 notre groupe d&#8217;entreprises, mais ne seront pas c\u00e9d\u00e9es \u00e0 des tiers, sauf \u00e0 ceux qui doivent n\u00e9cessairement intervenir dans la prestation de nos services, ainsi que pour le respect des obligations l\u00e9gales qui nous incombent.<\/p>\r\n<\/td>\r\n<td width=\"103\">\r\n<p><u>Plus d&#8217;infos<\/u><\/p>\r\n<\/td>\r\n<\/tr>\r\n<tr>\r\n<td width=\"37\">\r\n<p><strong><em>6.-<\/em><\/strong><\/p>\r\n<\/td>\r\n<td width=\"166\">\r\n<p><strong>Exercice des droits :<\/strong><\/p>\r\n<\/td>\r\n<td width=\"359\">\r\n<p>Acc\u00e9der, rectifier et supprimer vos donn\u00e9es, ainsi que les autres droits pr\u00e9vus par la r\u00e9glementation en vigueur.<\/p>\r\n<\/td>\r\n<td width=\"103\">\r\n<p><u>Plus d&#8217;infos<\/u><\/p>\r\n<\/td>\r\n<\/tr>\r\n<tr>\r\n<td width=\"37\">\r\n<p><strong><em>7.-<\/em><\/strong><\/p>\r\n<\/td>\r\n<td width=\"166\">\r\n<p><strong>R\u00e9clamation aupr\u00e8s de l&#8217;Autorit\u00e9 de Contr\u00f4le :<\/strong><\/p>\r\n<\/td>\r\n<td width=\"359\">\r\n<p>Vous pouvez adresser les r\u00e9clamations d\u00e9coulant du traitement de vos donn\u00e9es \u00e0 caract\u00e8re personnel \u00e0 l&#8217;Agence Espagnole de Protection des Donn\u00e9es (<a href=\"http:\/\/www.aepd.es\">www.aepd.es<\/a>)<\/p>\r\n<\/td>\r\n<td width=\"103\">\r\n<p><u>Plus d&#8217;infos<\/u><\/p>\r\n<\/td>\r\n<\/tr>\r\n<tr>\r\n<td width=\"37\">\r\n<p><strong><em>8.-<\/em><\/strong><\/p>\r\n<\/td>\r\n<td width=\"166\">\r\n<p><strong>L\u00e9gislation et juridiction<\/strong><\/p>\r\n<\/td>\r\n<td width=\"359\">\r\n<p>La pr\u00e9sente politique de confidentialit\u00e9 est r\u00e9gie dans tous ses aspects par le R\u00e8glement G\u00e9n\u00e9ral sur la Protection des Donn\u00e9es de l&#8217;Union Europ\u00e9enne et autres r\u00e9glementations espagnoles connexes.<\/p>\r\n<\/td>\r\n<td width=\"103\">\r\n<p><u>Plus d&#8217;infos<\/u><\/p>\r\n<\/td>\r\n<\/tr>\r\n<tr>\r\n<td width=\"37\">\r\n<p><strong><em>9.-<\/em><\/strong><\/p>\r\n<\/td>\r\n<td width=\"166\">\r\n<p><strong>Informations compl\u00e9mentaires<\/strong><\/p>\r\n<\/td>\r\n<td width=\"359\">\r\n<p>Informations compl\u00e9mentaires sur la s\u00e9curit\u00e9 et autres aspects<\/p>\r\n<\/td>\r\n<td width=\"103\">\r\n<p><u>Plus d&#8217;infos<\/u><\/p>\r\n<\/td>\r\n<\/tr>\r\n<tr>\r\n<td width=\"37\">\r\n<p><strong><em>10.-<\/em><\/strong><\/p>\r\n<\/td>\r\n<td width=\"166\">\r\n<p><strong>Mise \u00e0 jour :<\/strong><\/p>\r\n<\/td>\r\n<td width=\"359\">\r\n<p><strong>Novembre 2024<\/strong><\/p>\r\n<\/td>\r\n<td width=\"103\">\r\n<p><u>Plus d&#8217;infos<\/u><\/p>\r\n<\/td>\r\n<\/tr>\r\n<\/tbody>\r\n<\/table>\r\n<p>&nbsp;<\/p><!-- \/wp:post-content -->","protected":false},"excerpt":{"rendered":"<p>&nbsp; 1.- Responsable du traitement : THE NET REVENUE, SL Plus d&#8217;infos 2.- Type de donn\u00e9es personnelles que nous traitons et dans quel but : Donn\u00e9es de contact et autres donn\u00e9es n\u00e9cessaires aux finalit\u00e9s requises, comme r\u00e9pondre aux informations demand\u00e9es via notre site web&#8230;<\/p>\n","protected":false},"author":1,"featured_media":0,"parent":0,"menu_order":0,"comment_status":"closed","ping_status":"open","template":"","meta":{"footnotes":""},"class_list":["post-3558","page","type-page","status-publish","hentry"],"yoast_head":"<!-- This site is optimized with the Yoast SEO plugin v27.5 - https:\/\/yoast.com\/product\/yoast-seo-wordpress\/ -->\n<title>Aviso legal | The Net Revenue<\/title>\n<meta name=\"description\" content=\"Services de revenue management pour h\u00f4tels. Nous optimisons les revenus et la rentabilit\u00e9 gr\u00e2ce au meilleur service.\" \/>\n<meta name=\"robots\" content=\"index, follow, max-snippet:-1, max-image-preview:large, max-video-preview:-1\" \/>\n<link rel=\"canonical\" href=\"https:\/\/www.thenetrevenue.com\/fr\/mentions-legales\/\" \/>\n<meta property=\"og:locale\" content=\"fr_FR\" \/>\n<meta property=\"og:type\" content=\"article\" \/>\n<meta property=\"og:title\" content=\"Aviso legal | The Net Revenue\" \/>\n<meta property=\"og:description\" content=\"Services de revenue management pour h\u00f4tels. Nous optimisons les revenus et la rentabilit\u00e9 gr\u00e2ce au meilleur service.\" \/>\n<meta property=\"og:url\" content=\"https:\/\/www.thenetrevenue.com\/fr\/mentions-legales\/\" \/>\n<meta property=\"og:site_name\" content=\"The Net Revenue\" \/>\n<meta property=\"article:publisher\" content=\"https:\/\/www.facebook.com\/thenetrevenue\" \/>\n<meta property=\"article:modified_time\" content=\"2025-09-29T15:31:27+00:00\" \/>\n<meta property=\"og:image\" content=\"https:\/\/www.thenetrevenue.com\/wp-content\/uploads\/2025\/11\/TNR_Logo_Black.jpg\" \/>\n\t<meta property=\"og:image:width\" content=\"1287\" \/>\n\t<meta property=\"og:image:height\" content=\"578\" \/>\n\t<meta property=\"og:image:type\" content=\"image\/jpeg\" \/>\n<meta name=\"twitter:card\" content=\"summary_large_image\" \/>\n<meta name=\"twitter:site\" content=\"@thenetrevenue\" \/>\n<meta name=\"twitter:label1\" content=\"Dur\u00e9e de lecture estim\u00e9e\" \/>\n\t<meta name=\"twitter:data1\" content=\"2 minutes\" \/>\n<script type=\"application\/ld+json\" class=\"yoast-schema-graph\">{\"@context\":\"https:\\\/\\\/schema.org\",\"@graph\":[{\"@type\":\"WebPage\",\"@id\":\"https:\\\/\\\/www.thenetrevenue.com\\\/fr\\\/mentions-legales\\\/\",\"url\":\"https:\\\/\\\/www.thenetrevenue.com\\\/fr\\\/mentions-legales\\\/\",\"name\":\"Aviso legal | The Net Revenue\",\"isPartOf\":{\"@id\":\"https:\\\/\\\/www.thenetrevenue.com\\\/fr\\\/#website\"},\"datePublished\":\"2025-08-19T14:43:11+00:00\",\"dateModified\":\"2025-09-29T15:31:27+00:00\",\"description\":\"Services de revenue management pour h\u00f4tels. Nous optimisons les revenus et la rentabilit\u00e9 gr\u00e2ce au meilleur service.\",\"breadcrumb\":{\"@id\":\"https:\\\/\\\/www.thenetrevenue.com\\\/fr\\\/mentions-legales\\\/#breadcrumb\"},\"inLanguage\":\"fr-FR\",\"potentialAction\":[{\"@type\":\"ReadAction\",\"target\":[\"https:\\\/\\\/www.thenetrevenue.com\\\/fr\\\/mentions-legales\\\/\"]}]},{\"@type\":\"BreadcrumbList\",\"@id\":\"https:\\\/\\\/www.thenetrevenue.com\\\/fr\\\/mentions-legales\\\/#breadcrumb\",\"itemListElement\":[{\"@type\":\"ListItem\",\"position\":1,\"name\":\"Portada\",\"item\":\"https:\\\/\\\/www.thenetrevenue.com\\\/fr\\\/\"},{\"@type\":\"ListItem\",\"position\":2,\"name\":\"Mentions l\u00e9gales\"}]},{\"@type\":\"WebSite\",\"@id\":\"https:\\\/\\\/www.thenetrevenue.com\\\/fr\\\/#website\",\"url\":\"https:\\\/\\\/www.thenetrevenue.com\\\/fr\\\/\",\"name\":\"The Net Revenue | Servicios de revenue management para hoteles\",\"description\":\"Servicios de revenue management para hoteles\",\"publisher\":{\"@id\":\"https:\\\/\\\/www.thenetrevenue.com\\\/fr\\\/#organization\"},\"potentialAction\":[{\"@type\":\"SearchAction\",\"target\":{\"@type\":\"EntryPoint\",\"urlTemplate\":\"https:\\\/\\\/www.thenetrevenue.com\\\/fr\\\/?s={search_term_string}\"},\"query-input\":{\"@type\":\"PropertyValueSpecification\",\"valueRequired\":true,\"valueName\":\"search_term_string\"}}],\"inLanguage\":\"fr-FR\"},{\"@type\":\"Organization\",\"@id\":\"https:\\\/\\\/www.thenetrevenue.com\\\/fr\\\/#organization\",\"name\":\"The Net Revenue\",\"url\":\"https:\\\/\\\/www.thenetrevenue.com\\\/fr\\\/\",\"logo\":{\"@type\":\"ImageObject\",\"inLanguage\":\"fr-FR\",\"@id\":\"https:\\\/\\\/www.thenetrevenue.com\\\/fr\\\/#\\\/schema\\\/logo\\\/image\\\/\",\"url\":\"https:\\\/\\\/www.thenetrevenue.com\\\/wp-content\\\/uploads\\\/2025\\\/11\\\/TNR_Logo_Black.jpg\",\"contentUrl\":\"https:\\\/\\\/www.thenetrevenue.com\\\/wp-content\\\/uploads\\\/2025\\\/11\\\/TNR_Logo_Black.jpg\",\"width\":1287,\"height\":578,\"caption\":\"The Net Revenue\"},\"image\":{\"@id\":\"https:\\\/\\\/www.thenetrevenue.com\\\/fr\\\/#\\\/schema\\\/logo\\\/image\\\/\"},\"sameAs\":[\"https:\\\/\\\/www.facebook.com\\\/thenetrevenue\",\"https:\\\/\\\/x.com\\\/thenetrevenue\",\"https:\\\/\\\/www.instagram.com\\\/thenetrevenue\",\"https:\\\/\\\/www.linkedin.com\\\/company\\\/the-net-revenue\\\/\"]}]}<\/script>\n<!-- \/ Yoast SEO plugin. -->","yoast_head_json":{"title":"Aviso legal | The Net Revenue","description":"Services de revenue management pour h\u00f4tels. Nous optimisons les revenus et la rentabilit\u00e9 gr\u00e2ce au meilleur service.","robots":{"index":"index","follow":"follow","max-snippet":"max-snippet:-1","max-image-preview":"max-image-preview:large","max-video-preview":"max-video-preview:-1"},"canonical":"https:\/\/www.thenetrevenue.com\/fr\/mentions-legales\/","og_locale":"fr_FR","og_type":"article","og_title":"Aviso legal | The Net Revenue","og_description":"Services de revenue management pour h\u00f4tels. Nous optimisons les revenus et la rentabilit\u00e9 gr\u00e2ce au meilleur service.","og_url":"https:\/\/www.thenetrevenue.com\/fr\/mentions-legales\/","og_site_name":"The Net Revenue","article_publisher":"https:\/\/www.facebook.com\/thenetrevenue","article_modified_time":"2025-09-29T15:31:27+00:00","og_image":[{"width":1287,"height":578,"url":"https:\/\/www.thenetrevenue.com\/wp-content\/uploads\/2025\/11\/TNR_Logo_Black.jpg","type":"image\/jpeg"}],"twitter_card":"summary_large_image","twitter_site":"@thenetrevenue","twitter_misc":{"Dur\u00e9e de lecture estim\u00e9e":"2 minutes"},"schema":{"@context":"https:\/\/schema.org","@graph":[{"@type":"WebPage","@id":"https:\/\/www.thenetrevenue.com\/fr\/mentions-legales\/","url":"https:\/\/www.thenetrevenue.com\/fr\/mentions-legales\/","name":"Aviso legal | The Net Revenue","isPartOf":{"@id":"https:\/\/www.thenetrevenue.com\/fr\/#website"},"datePublished":"2025-08-19T14:43:11+00:00","dateModified":"2025-09-29T15:31:27+00:00","description":"Services de revenue management pour h\u00f4tels. Nous optimisons les revenus et la rentabilit\u00e9 gr\u00e2ce au meilleur service.","breadcrumb":{"@id":"https:\/\/www.thenetrevenue.com\/fr\/mentions-legales\/#breadcrumb"},"inLanguage":"fr-FR","potentialAction":[{"@type":"ReadAction","target":["https:\/\/www.thenetrevenue.com\/fr\/mentions-legales\/"]}]},{"@type":"BreadcrumbList","@id":"https:\/\/www.thenetrevenue.com\/fr\/mentions-legales\/#breadcrumb","itemListElement":[{"@type":"ListItem","position":1,"name":"Portada","item":"https:\/\/www.thenetrevenue.com\/fr\/"},{"@type":"ListItem","position":2,"name":"Mentions l\u00e9gales"}]},{"@type":"WebSite","@id":"https:\/\/www.thenetrevenue.com\/fr\/#website","url":"https:\/\/www.thenetrevenue.com\/fr\/","name":"The Net Revenue | Servicios de revenue management para hoteles","description":"Servicios de revenue management para hoteles","publisher":{"@id":"https:\/\/www.thenetrevenue.com\/fr\/#organization"},"potentialAction":[{"@type":"SearchAction","target":{"@type":"EntryPoint","urlTemplate":"https:\/\/www.thenetrevenue.com\/fr\/?s={search_term_string}"},"query-input":{"@type":"PropertyValueSpecification","valueRequired":true,"valueName":"search_term_string"}}],"inLanguage":"fr-FR"},{"@type":"Organization","@id":"https:\/\/www.thenetrevenue.com\/fr\/#organization","name":"The Net Revenue","url":"https:\/\/www.thenetrevenue.com\/fr\/","logo":{"@type":"ImageObject","inLanguage":"fr-FR","@id":"https:\/\/www.thenetrevenue.com\/fr\/#\/schema\/logo\/image\/","url":"https:\/\/www.thenetrevenue.com\/wp-content\/uploads\/2025\/11\/TNR_Logo_Black.jpg","contentUrl":"https:\/\/www.thenetrevenue.com\/wp-content\/uploads\/2025\/11\/TNR_Logo_Black.jpg","width":1287,"height":578,"caption":"The Net Revenue"},"image":{"@id":"https:\/\/www.thenetrevenue.com\/fr\/#\/schema\/logo\/image\/"},"sameAs":["https:\/\/www.facebook.com\/thenetrevenue","https:\/\/x.com\/thenetrevenue","https:\/\/www.instagram.com\/thenetrevenue","https:\/\/www.linkedin.com\/company\/the-net-revenue\/"]}]}},"meta_box":[],"_links":{"self":[{"href":"https:\/\/www.thenetrevenue.com\/fr\/wp-json\/wp\/v2\/pages\/3558","targetHints":{"allow":["GET"]}}],"collection":[{"href":"https:\/\/www.thenetrevenue.com\/fr\/wp-json\/wp\/v2\/pages"}],"about":[{"href":"https:\/\/www.thenetrevenue.com\/fr\/wp-json\/wp\/v2\/types\/page"}],"author":[{"embeddable":true,"href":"https:\/\/www.thenetrevenue.com\/fr\/wp-json\/wp\/v2\/users\/1"}],"replies":[{"embeddable":true,"href":"https:\/\/www.thenetrevenue.com\/fr\/wp-json\/wp\/v2\/comments?post=3558"}],"version-history":[{"count":0,"href":"https:\/\/www.thenetrevenue.com\/fr\/wp-json\/wp\/v2\/pages\/3558\/revisions"}],"wp:attachment":[{"href":"https:\/\/www.thenetrevenue.com\/fr\/wp-json\/wp\/v2\/media?parent=3558"}],"curies":[{"name":"wp","href":"https:\/\/api.w.org\/{rel}","templated":true}]}}