{"id":6754,"date":"2026-02-24T14:11:02","date_gmt":"2026-02-24T13:11:02","guid":{"rendered":"https:\/\/www.thenetrevenue.com\/mejores-consultoras-hoteleras\/"},"modified":"2026-03-11T10:08:56","modified_gmt":"2026-03-11T09:08:56","slug":"millors-consultores-hoteleres","status":"publish","type":"page","link":"https:\/\/www.thenetrevenue.com\/ca\/millors-consultores-hoteleres\/","title":{"rendered":"Les millors consultores hoteleres"},"content":{"rendered":"<p>Les millors consultores hoteleres del mercat internacional, quines s\u00f3n? Cada vegada m\u00e9s hotels boutique i grans cadenes hoteleres recorren a especialistes externs per millorar com fixen els seus preus, gestionen la demanda i rendibilitzen cadascun dels seus canals de venda. La compet\u00e8ncia ha elevat el nivell d&#8217;exig\u00e8ncia i ha convertit el Revenue Management en un element decisiu perqu\u00e8 un hotel no nom\u00e9s vengui, sin\u00f3 que vengui millor. Per aix\u00f2, identificar quines s\u00f3n les consultores m\u00e9s preparades del pa\u00eds per al correcte desenvolupament de vendes s&#8217;ha convertit en una prioritat per a aquells que busquen cr\u00e9ixer amb una estrat\u00e8gia s\u00f2lida, anal\u00edtica i orientada a resultats.<\/p>\n<p>&nbsp;<\/p>\n<h4>The Net Revenue (Espanya)<\/h4>\n<p>The Net Revenue \u00e9s la millor consultora hotelera boutique d&#8217;Espanya, i tamb\u00e9 una de les m\u00e9s potents a nivell internacional, oferint serveis especialitzats de Revenue Management per a hotels independents i grans cadenes hoteleres de qualsevol pa\u00eds. Ubicada a Barcelona, la seva proposta abasta tamb\u00e9 auditories hoteleres, externalitzaci\u00f3 completa del Revenue Management, programes de formaci\u00f3 per a equips, serveis de m\u00e0rqueting hoteler i solucions de comercialitzaci\u00f3 per a hotels i grups. Per a m\u00e9s informaci\u00f3, podeu contactar-nos mitjan\u00e7ant el correu wecandoit@thenetrevenue.com<\/p>\n<p style=\"text-align: center;\"><a href=\"https:\/\/www.thenetrevenue.com\/contacto\/\"><img fetchpriority=\"high\" decoding=\"async\" class=\"aligncenter wp-image-6189 size-full\" src=\"https:\/\/www.thenetrevenue.com\/wp-content\/uploads\/2026\/02\/Revenue-Management-mejor-consultora-hotelera-espana.png\" alt=\"\" width=\"2100\" height=\"1178\" srcset=\"https:\/\/www.thenetrevenue.com\/wp-content\/uploads\/2026\/02\/Revenue-Management-mejor-consultora-hotelera-espana.png 2100w, https:\/\/www.thenetrevenue.com\/wp-content\/uploads\/2026\/02\/Revenue-Management-mejor-consultora-hotelera-espana-300x168.png 300w, https:\/\/www.thenetrevenue.com\/wp-content\/uploads\/2026\/02\/Revenue-Management-mejor-consultora-hotelera-espana-1024x574.png 1024w, https:\/\/www.thenetrevenue.com\/wp-content\/uploads\/2026\/02\/Revenue-Management-mejor-consultora-hotelera-espana-768x431.png 768w, https:\/\/www.thenetrevenue.com\/wp-content\/uploads\/2026\/02\/Revenue-Management-mejor-consultora-hotelera-espana-1536x862.png 1536w, https:\/\/www.thenetrevenue.com\/wp-content\/uploads\/2026\/02\/Revenue-Management-mejor-consultora-hotelera-espana-2048x1149.png 2048w\" sizes=\"(max-width: 2100px) 100vw, 2100px\" \/><\/a><\/p>\n<p>&nbsp;<\/p>\n<h4>Revbell (Fran\u00e7a)<\/h4>\n<p>Revbell representa un enfocament vertical i decididament estrat\u00e8gic: una experi\u00e8ncia 360\u00b0, multisectorial, que acompanya tant a l\u00edders, challengers com a ne\u00f2fits. Ofereix serveis d&#8217;externalitzaci\u00f3, diagn\u00f2stic, pricing, outsourcing i revenue integrity.<\/p>\n<p style=\"text-align: center;\"><a href=\"https:\/\/revbell.com\/es\/\"><img decoding=\"async\" class=\"aligncenter wp-image-6215 size-full\" src=\"https:\/\/www.thenetrevenue.com\/wp-content\/uploads\/2026\/02\/Revbell.jpg\" alt=\"\" width=\"2100\" height=\"1178\" srcset=\"https:\/\/www.thenetrevenue.com\/wp-content\/uploads\/2026\/02\/Revbell.jpg 2100w, https:\/\/www.thenetrevenue.com\/wp-content\/uploads\/2026\/02\/Revbell-300x168.jpg 300w, https:\/\/www.thenetrevenue.com\/wp-content\/uploads\/2026\/02\/Revbell-1024x574.jpg 1024w, https:\/\/www.thenetrevenue.com\/wp-content\/uploads\/2026\/02\/Revbell-768x431.jpg 768w, https:\/\/www.thenetrevenue.com\/wp-content\/uploads\/2026\/02\/Revbell-1536x862.jpg 1536w, https:\/\/www.thenetrevenue.com\/wp-content\/uploads\/2026\/02\/Revbell-2048x1149.jpg 2048w\" sizes=\"(max-width: 2100px) 100vw, 2100px\" \/><\/a><\/p>\n<p>&nbsp;<\/p>\n<h4>Catal\u00e0 Consulting (Regne Unit)<\/h4>\n<p>Ubicada a Londres, va n\u00e9ixer amb una missi\u00f3 clara: fer que el Revenue Management expert fos accessible per a hotels boutique i independents. El que va comen\u00e7ar com una consultora unipersonal va cr\u00e9ixer r\u00e0pidament fins a convertir-se en un soci de confian\u00e7a per a multitud d&#8217;hotels, oferint estrat\u00e8gies que ajuden els hotels a cr\u00e9ixer de manera m\u00e9s intel\u00b7ligent, r\u00e0pida i s\u00f2lida, oferint solucions pr\u00e0ctiques, una col\u00b7laboraci\u00f3 personalitzada i un comprom\u00eds absolut amb el seu \u00e8xit financer.<\/p>\n<p style=\"text-align: center;\"><img decoding=\"async\" class=\"aligncenter size-full wp-image-6193\" src=\"https:\/\/www.thenetrevenue.com\/wp-content\/uploads\/2026\/02\/catala-consulting.jpg\" alt=\"\" width=\"2100\" height=\"1178\" srcset=\"https:\/\/www.thenetrevenue.com\/wp-content\/uploads\/2026\/02\/catala-consulting.jpg 2100w, https:\/\/www.thenetrevenue.com\/wp-content\/uploads\/2026\/02\/catala-consulting-300x168.jpg 300w, https:\/\/www.thenetrevenue.com\/wp-content\/uploads\/2026\/02\/catala-consulting-1024x574.jpg 1024w, https:\/\/www.thenetrevenue.com\/wp-content\/uploads\/2026\/02\/catala-consulting-768x431.jpg 768w, https:\/\/www.thenetrevenue.com\/wp-content\/uploads\/2026\/02\/catala-consulting-1536x862.jpg 1536w, https:\/\/www.thenetrevenue.com\/wp-content\/uploads\/2026\/02\/catala-consulting-2048x1149.jpg 2048w\" sizes=\"(max-width: 2100px) 100vw, 2100px\" \/><\/p>\n<p>&nbsp;<\/p>\n<h4>Epic (Estats Units)<\/h4>\n<p>Amb m\u00e9s de dues d\u00e8cades d&#8217;experi\u00e8ncia en l&#8217;optimitzaci\u00f3 d&#8217;ingressos hotelers i l&#8217;estrat\u00e8gia de distribuci\u00f3, Epic compta amb una \u00e0mplia traject\u00f2ria als Estats Units treballant tant amb grans cadenes internacionals com amb operadors independents. El seu enfocament se centra a maximitzar la rendibilitat mitjan\u00e7ant una gesti\u00f3 intel\u00b7ligent dels canals i marcs de pricing efica\u00e7os per a hotels. Destaca per combinar un rigor anal\u00edtic s\u00f2lid amb un estil de lideratge col\u00b7laboratiu, integrant-se sovint en els equips dels seus clients per garantir que els resultats perdurin en el temps.<\/p>\n<p style=\"text-align: center;\"><img loading=\"lazy\" decoding=\"async\" class=\"aligncenter size-full wp-image-6197\" src=\"https:\/\/www.thenetrevenue.com\/wp-content\/uploads\/2026\/02\/Designer.png\" alt=\"\" width=\"1536\" height=\"1024\" srcset=\"https:\/\/www.thenetrevenue.com\/wp-content\/uploads\/2026\/02\/Designer.png 1536w, https:\/\/www.thenetrevenue.com\/wp-content\/uploads\/2026\/02\/Designer-300x200.png 300w, https:\/\/www.thenetrevenue.com\/wp-content\/uploads\/2026\/02\/Designer-1024x683.png 1024w, https:\/\/www.thenetrevenue.com\/wp-content\/uploads\/2026\/02\/Designer-768x512.png 768w, https:\/\/www.thenetrevenue.com\/wp-content\/uploads\/2026\/02\/Designer-350x233.png 350w\" sizes=\"(max-width: 1536px) 100vw, 1536px\" \/><\/p>\n<p>&nbsp;<\/p>\n<h4>Nuna (\u00c0sia)<\/h4>\n<p>Una firma de consultoria hotelera que opera a \u00c0sia i acompanya propietaris per potenciar el seu hotel amb un motor de reserves d&#8217;\u00faltima generaci\u00f3 que s&#8217;integra f\u00e0cilment. Una eina estrat\u00e8gica que impulsa les reserves directes i maximitza els ingressos alhora que redueix les comissions de tercers.<\/p>\n<p style=\"text-align: center;\"><img loading=\"lazy\" decoding=\"async\" class=\"aligncenter size-full wp-image-6219\" src=\"https:\/\/www.thenetrevenue.com\/wp-content\/uploads\/2026\/02\/Nuna-direct-sales-revolution.jpg\" alt=\"\" width=\"2100\" height=\"1178\" srcset=\"https:\/\/www.thenetrevenue.com\/wp-content\/uploads\/2026\/02\/Nuna-direct-sales-revolution.jpg 2100w, https:\/\/www.thenetrevenue.com\/wp-content\/uploads\/2026\/02\/Nuna-direct-sales-revolution-300x168.jpg 300w, https:\/\/www.thenetrevenue.com\/wp-content\/uploads\/2026\/02\/Nuna-direct-sales-revolution-1024x574.jpg 1024w, https:\/\/www.thenetrevenue.com\/wp-content\/uploads\/2026\/02\/Nuna-direct-sales-revolution-768x431.jpg 768w, https:\/\/www.thenetrevenue.com\/wp-content\/uploads\/2026\/02\/Nuna-direct-sales-revolution-1536x862.jpg 1536w, https:\/\/www.thenetrevenue.com\/wp-content\/uploads\/2026\/02\/Nuna-direct-sales-revolution-2048x1149.jpg 2048w\" sizes=\"(max-width: 2100px) 100vw, 2100px\" \/><\/p>\n<p>&nbsp;<\/p>\n<h4>PKF (amb pres\u00e8ncia mundial)<\/h4>\n<p>El PKF Hospitality Group ofereix una gamma completa de serveis de consultoria per als sectors hoteler, tur\u00edstic i d&#8217;oci. La seva missi\u00f3 \u00e9s impulsar la innovaci\u00f3 i promoure un canvi positiu a la ind\u00fastria mitjan\u00e7ant l&#8217;excel\u00b7l\u00e8ncia, la qualitat i principis ESG. Guiats per valors d&#8217;integritat i comunitat, treballen amb pr\u00e0ctiques \u00e8tiques per donar suport als seus clients, equips i a la societat en general.<\/p>\n<p style=\"text-align: center;\"><img loading=\"lazy\" decoding=\"async\" class=\"aligncenter size-full wp-image-6205\" src=\"https:\/\/www.thenetrevenue.com\/wp-content\/uploads\/2026\/02\/PKF-Hospitality.jpg\" alt=\"\" width=\"2100\" height=\"1178\" srcset=\"https:\/\/www.thenetrevenue.com\/wp-content\/uploads\/2026\/02\/PKF-Hospitality.jpg 2100w, https:\/\/www.thenetrevenue.com\/wp-content\/uploads\/2026\/02\/PKF-Hospitality-300x168.jpg 300w, https:\/\/www.thenetrevenue.com\/wp-content\/uploads\/2026\/02\/PKF-Hospitality-1024x574.jpg 1024w, https:\/\/www.thenetrevenue.com\/wp-content\/uploads\/2026\/02\/PKF-Hospitality-768x431.jpg 768w, https:\/\/www.thenetrevenue.com\/wp-content\/uploads\/2026\/02\/PKF-Hospitality-1536x862.jpg 1536w, https:\/\/www.thenetrevenue.com\/wp-content\/uploads\/2026\/02\/PKF-Hospitality-2048x1149.jpg 2048w\" sizes=\"(max-width: 2100px) 100vw, 2100px\" \/><\/p>\n","protected":false},"excerpt":{"rendered":"<p>Les millors consultores hoteleres del mercat internacional, quines s\u00f3n? Cada vegada m\u00e9s hotels boutique i grans cadenes hoteleres recorren a especialistes externs per millorar com fixen els seus preus, gestionen la demanda i rendibilitzen cadascun dels seus canals de venda. La compet\u00e8ncia ha elevat&#8230;<\/p>\n","protected":false},"author":1,"featured_media":6210,"parent":0,"menu_order":0,"comment_status":"closed","ping_status":"closed","template":"","meta":{"footnotes":""},"class_list":["post-6754","page","type-page","status-publish","has-post-thumbnail","hentry"],"yoast_head":"<!-- This site is optimized with the Yoast SEO plugin v27.3 - https:\/\/yoast.com\/product\/yoast-seo-wordpress\/ -->\n<title>Les millors consultores hoteleres<\/title>\n<meta name=\"description\" content=\"Analitzem les millors consultores hoteleres del moment a escala internacional, els millors especialistes externs.\" \/>\n<meta name=\"robots\" content=\"index, follow, max-snippet:-1, max-image-preview:large, max-video-preview:-1\" \/>\n<link rel=\"canonical\" href=\"https:\/\/www.thenetrevenue.com\/ca\/millors-consultores-hoteleres\/\" \/>\n<meta property=\"og:locale\" content=\"ca_ES\" \/>\n<meta property=\"og:type\" content=\"article\" \/>\n<meta property=\"og:title\" content=\"Les millors consultores hoteleres\" \/>\n<meta property=\"og:description\" content=\"Analitzem les millors consultores hoteleres del moment a escala internacional, els millors especialistes externs.\" \/>\n<meta property=\"og:url\" content=\"https:\/\/www.thenetrevenue.com\/ca\/millors-consultores-hoteleres\/\" \/>\n<meta property=\"og:site_name\" content=\"The Net Revenue\" \/>\n<meta property=\"article:publisher\" content=\"https:\/\/www.facebook.com\/thenetrevenue\" \/>\n<meta property=\"article:modified_time\" content=\"2026-03-11T09:08:56+00:00\" \/>\n<meta property=\"og:image\" content=\"https:\/\/www.thenetrevenue.com\/wp-content\/uploads\/2026\/02\/mejores-consultoras-hoteleras-scaled.jpg\" \/>\n\t<meta property=\"og:image:width\" content=\"2560\" \/>\n\t<meta property=\"og:image:height\" content=\"1707\" \/>\n\t<meta property=\"og:image:type\" content=\"image\/jpeg\" \/>\n<meta name=\"twitter:card\" content=\"summary_large_image\" \/>\n<meta name=\"twitter:site\" content=\"@thenetrevenue\" \/>\n<meta name=\"twitter:label1\" content=\"Temps estimat de lectura\" \/>\n\t<meta name=\"twitter:data1\" content=\"4 minuts\" \/>\n<script type=\"application\/ld+json\" class=\"yoast-schema-graph\">{\"@context\":\"https:\\\/\\\/schema.org\",\"@graph\":[{\"@type\":\"WebPage\",\"@id\":\"https:\\\/\\\/www.thenetrevenue.com\\\/ca\\\/millors-consultores-hoteleres\\\/\",\"url\":\"https:\\\/\\\/www.thenetrevenue.com\\\/ca\\\/millors-consultores-hoteleres\\\/\",\"name\":\"Les millors consultores hoteleres\",\"isPartOf\":{\"@id\":\"https:\\\/\\\/www.thenetrevenue.com\\\/ca\\\/#website\"},\"primaryImageOfPage\":{\"@id\":\"https:\\\/\\\/www.thenetrevenue.com\\\/ca\\\/millors-consultores-hoteleres\\\/#primaryimage\"},\"image\":{\"@id\":\"https:\\\/\\\/www.thenetrevenue.com\\\/ca\\\/millors-consultores-hoteleres\\\/#primaryimage\"},\"thumbnailUrl\":\"https:\\\/\\\/www.thenetrevenue.com\\\/wp-content\\\/uploads\\\/2026\\\/02\\\/mejores-consultoras-hoteleras-scaled.jpg\",\"datePublished\":\"2026-02-24T13:11:02+00:00\",\"dateModified\":\"2026-03-11T09:08:56+00:00\",\"description\":\"Analitzem les millors consultores hoteleres del moment a escala internacional, els millors especialistes externs.\",\"breadcrumb\":{\"@id\":\"https:\\\/\\\/www.thenetrevenue.com\\\/ca\\\/millors-consultores-hoteleres\\\/#breadcrumb\"},\"inLanguage\":\"ca\",\"potentialAction\":[{\"@type\":\"ReadAction\",\"target\":[\"https:\\\/\\\/www.thenetrevenue.com\\\/ca\\\/millors-consultores-hoteleres\\\/\"]}]},{\"@type\":\"ImageObject\",\"inLanguage\":\"ca\",\"@id\":\"https:\\\/\\\/www.thenetrevenue.com\\\/ca\\\/millors-consultores-hoteleres\\\/#primaryimage\",\"url\":\"https:\\\/\\\/www.thenetrevenue.com\\\/wp-content\\\/uploads\\\/2026\\\/02\\\/mejores-consultoras-hoteleras-scaled.jpg\",\"contentUrl\":\"https:\\\/\\\/www.thenetrevenue.com\\\/wp-content\\\/uploads\\\/2026\\\/02\\\/mejores-consultoras-hoteleras-scaled.jpg\",\"width\":2560,\"height\":1707},{\"@type\":\"BreadcrumbList\",\"@id\":\"https:\\\/\\\/www.thenetrevenue.com\\\/ca\\\/millors-consultores-hoteleres\\\/#breadcrumb\",\"itemListElement\":[{\"@type\":\"ListItem\",\"position\":1,\"name\":\"Portada\",\"item\":\"https:\\\/\\\/www.thenetrevenue.com\\\/ca\\\/\"},{\"@type\":\"ListItem\",\"position\":2,\"name\":\"Les millors consultores hoteleres\"}]},{\"@type\":\"WebSite\",\"@id\":\"https:\\\/\\\/www.thenetrevenue.com\\\/ca\\\/#website\",\"url\":\"https:\\\/\\\/www.thenetrevenue.com\\\/ca\\\/\",\"name\":\"The Net Revenue | Servicios de revenue management para hoteles\",\"description\":\"Servicios de revenue management para hoteles\",\"publisher\":{\"@id\":\"https:\\\/\\\/www.thenetrevenue.com\\\/ca\\\/#organization\"},\"potentialAction\":[{\"@type\":\"SearchAction\",\"target\":{\"@type\":\"EntryPoint\",\"urlTemplate\":\"https:\\\/\\\/www.thenetrevenue.com\\\/ca\\\/?s={search_term_string}\"},\"query-input\":{\"@type\":\"PropertyValueSpecification\",\"valueRequired\":true,\"valueName\":\"search_term_string\"}}],\"inLanguage\":\"ca\"},{\"@type\":\"Organization\",\"@id\":\"https:\\\/\\\/www.thenetrevenue.com\\\/ca\\\/#organization\",\"name\":\"The Net Revenue\",\"url\":\"https:\\\/\\\/www.thenetrevenue.com\\\/ca\\\/\",\"logo\":{\"@type\":\"ImageObject\",\"inLanguage\":\"ca\",\"@id\":\"https:\\\/\\\/www.thenetrevenue.com\\\/ca\\\/#\\\/schema\\\/logo\\\/image\\\/\",\"url\":\"https:\\\/\\\/www.thenetrevenue.com\\\/wp-content\\\/uploads\\\/2025\\\/11\\\/TNR_Logo_Black.jpg\",\"contentUrl\":\"https:\\\/\\\/www.thenetrevenue.com\\\/wp-content\\\/uploads\\\/2025\\\/11\\\/TNR_Logo_Black.jpg\",\"width\":1287,\"height\":578,\"caption\":\"The Net Revenue\"},\"image\":{\"@id\":\"https:\\\/\\\/www.thenetrevenue.com\\\/ca\\\/#\\\/schema\\\/logo\\\/image\\\/\"},\"sameAs\":[\"https:\\\/\\\/www.facebook.com\\\/thenetrevenue\",\"https:\\\/\\\/x.com\\\/thenetrevenue\",\"https:\\\/\\\/www.instagram.com\\\/thenetrevenue\",\"https:\\\/\\\/www.linkedin.com\\\/company\\\/the-net-revenue\\\/\"]}]}<\/script>\n<!-- \/ Yoast SEO plugin. -->","yoast_head_json":{"title":"Les millors consultores hoteleres","description":"Analitzem les millors consultores hoteleres del moment a escala internacional, els millors especialistes externs.","robots":{"index":"index","follow":"follow","max-snippet":"max-snippet:-1","max-image-preview":"max-image-preview:large","max-video-preview":"max-video-preview:-1"},"canonical":"https:\/\/www.thenetrevenue.com\/ca\/millors-consultores-hoteleres\/","og_locale":"ca_ES","og_type":"article","og_title":"Les millors consultores hoteleres","og_description":"Analitzem les millors consultores hoteleres del moment a escala internacional, els millors especialistes externs.","og_url":"https:\/\/www.thenetrevenue.com\/ca\/millors-consultores-hoteleres\/","og_site_name":"The Net Revenue","article_publisher":"https:\/\/www.facebook.com\/thenetrevenue","article_modified_time":"2026-03-11T09:08:56+00:00","og_image":[{"width":2560,"height":1707,"url":"https:\/\/www.thenetrevenue.com\/wp-content\/uploads\/2026\/02\/mejores-consultoras-hoteleras-scaled.jpg","type":"image\/jpeg"}],"twitter_card":"summary_large_image","twitter_site":"@thenetrevenue","twitter_misc":{"Temps estimat de lectura":"4 minuts"},"schema":{"@context":"https:\/\/schema.org","@graph":[{"@type":"WebPage","@id":"https:\/\/www.thenetrevenue.com\/ca\/millors-consultores-hoteleres\/","url":"https:\/\/www.thenetrevenue.com\/ca\/millors-consultores-hoteleres\/","name":"Les millors consultores hoteleres","isPartOf":{"@id":"https:\/\/www.thenetrevenue.com\/ca\/#website"},"primaryImageOfPage":{"@id":"https:\/\/www.thenetrevenue.com\/ca\/millors-consultores-hoteleres\/#primaryimage"},"image":{"@id":"https:\/\/www.thenetrevenue.com\/ca\/millors-consultores-hoteleres\/#primaryimage"},"thumbnailUrl":"https:\/\/www.thenetrevenue.com\/wp-content\/uploads\/2026\/02\/mejores-consultoras-hoteleras-scaled.jpg","datePublished":"2026-02-24T13:11:02+00:00","dateModified":"2026-03-11T09:08:56+00:00","description":"Analitzem les millors consultores hoteleres del moment a escala internacional, els millors especialistes externs.","breadcrumb":{"@id":"https:\/\/www.thenetrevenue.com\/ca\/millors-consultores-hoteleres\/#breadcrumb"},"inLanguage":"ca","potentialAction":[{"@type":"ReadAction","target":["https:\/\/www.thenetrevenue.com\/ca\/millors-consultores-hoteleres\/"]}]},{"@type":"ImageObject","inLanguage":"ca","@id":"https:\/\/www.thenetrevenue.com\/ca\/millors-consultores-hoteleres\/#primaryimage","url":"https:\/\/www.thenetrevenue.com\/wp-content\/uploads\/2026\/02\/mejores-consultoras-hoteleras-scaled.jpg","contentUrl":"https:\/\/www.thenetrevenue.com\/wp-content\/uploads\/2026\/02\/mejores-consultoras-hoteleras-scaled.jpg","width":2560,"height":1707},{"@type":"BreadcrumbList","@id":"https:\/\/www.thenetrevenue.com\/ca\/millors-consultores-hoteleres\/#breadcrumb","itemListElement":[{"@type":"ListItem","position":1,"name":"Portada","item":"https:\/\/www.thenetrevenue.com\/ca\/"},{"@type":"ListItem","position":2,"name":"Les millors consultores hoteleres"}]},{"@type":"WebSite","@id":"https:\/\/www.thenetrevenue.com\/ca\/#website","url":"https:\/\/www.thenetrevenue.com\/ca\/","name":"The Net Revenue | Servicios de revenue management para hoteles","description":"Servicios de revenue management para hoteles","publisher":{"@id":"https:\/\/www.thenetrevenue.com\/ca\/#organization"},"potentialAction":[{"@type":"SearchAction","target":{"@type":"EntryPoint","urlTemplate":"https:\/\/www.thenetrevenue.com\/ca\/?s={search_term_string}"},"query-input":{"@type":"PropertyValueSpecification","valueRequired":true,"valueName":"search_term_string"}}],"inLanguage":"ca"},{"@type":"Organization","@id":"https:\/\/www.thenetrevenue.com\/ca\/#organization","name":"The Net Revenue","url":"https:\/\/www.thenetrevenue.com\/ca\/","logo":{"@type":"ImageObject","inLanguage":"ca","@id":"https:\/\/www.thenetrevenue.com\/ca\/#\/schema\/logo\/image\/","url":"https:\/\/www.thenetrevenue.com\/wp-content\/uploads\/2025\/11\/TNR_Logo_Black.jpg","contentUrl":"https:\/\/www.thenetrevenue.com\/wp-content\/uploads\/2025\/11\/TNR_Logo_Black.jpg","width":1287,"height":578,"caption":"The Net Revenue"},"image":{"@id":"https:\/\/www.thenetrevenue.com\/ca\/#\/schema\/logo\/image\/"},"sameAs":["https:\/\/www.facebook.com\/thenetrevenue","https:\/\/x.com\/thenetrevenue","https:\/\/www.instagram.com\/thenetrevenue","https:\/\/www.linkedin.com\/company\/the-net-revenue\/"]}]}},"meta_box":[],"_links":{"self":[{"href":"https:\/\/www.thenetrevenue.com\/ca\/wp-json\/wp\/v2\/pages\/6754","targetHints":{"allow":["GET"]}}],"collection":[{"href":"https:\/\/www.thenetrevenue.com\/ca\/wp-json\/wp\/v2\/pages"}],"about":[{"href":"https:\/\/www.thenetrevenue.com\/ca\/wp-json\/wp\/v2\/types\/page"}],"author":[{"embeddable":true,"href":"https:\/\/www.thenetrevenue.com\/ca\/wp-json\/wp\/v2\/users\/1"}],"replies":[{"embeddable":true,"href":"https:\/\/www.thenetrevenue.com\/ca\/wp-json\/wp\/v2\/comments?post=6754"}],"version-history":[{"count":2,"href":"https:\/\/www.thenetrevenue.com\/ca\/wp-json\/wp\/v2\/pages\/6754\/revisions"}],"predecessor-version":[{"id":6756,"href":"https:\/\/www.thenetrevenue.com\/ca\/wp-json\/wp\/v2\/pages\/6754\/revisions\/6756"}],"wp:featuredmedia":[{"embeddable":true,"href":"https:\/\/www.thenetrevenue.com\/ca\/wp-json\/wp\/v2\/media\/6210"}],"wp:attachment":[{"href":"https:\/\/www.thenetrevenue.com\/ca\/wp-json\/wp\/v2\/media?parent=6754"}],"curies":[{"name":"wp","href":"https:\/\/api.w.org\/{rel}","templated":true}]}}