{"id":4153,"date":"2025-08-25T15:18:59","date_gmt":"2025-08-25T13:18:59","guid":{"rendered":"https:\/\/www.thenetrevenue.com\/serveis\/representacion-comercial-para-hoteles\/"},"modified":"2025-11-18T14:33:22","modified_gmt":"2025-11-18T13:33:22","slug":"representacio-comercial-hotels","status":"publish","type":"page","link":"https:\/\/www.thenetrevenue.com\/ca\/serveis\/representacio-comercial-hotels\/","title":{"rendered":"Representaci\u00f3 comercial per a hotels"},"content":{"rendered":"\t\t<div data-elementor-type=\"wp-page\" data-elementor-id=\"4153\" class=\"elementor elementor-4153\">\n\t\t\t\t<div class=\"elementor-element elementor-element-7b502b0 e-con-full e-flex e-con e-parent\" data-id=\"7b502b0\" data-element_type=\"container\" data-e-type=\"container\">\n\t\t\t\t<div class=\"elementor-element elementor-element-50b346cf elementor-widget elementor-widget-archex-banner-simple\" data-id=\"50b346cf\" data-element_type=\"widget\" data-e-type=\"widget\" data-widget_type=\"archex-banner-simple.default\">\n\t\t\t\t<div class=\"elementor-widget-container\">\n\t\t\t\t\t\t\t<section class=\"banner-header section-padding bg-img-c bg-img bg-fixed \" data-overlay-dark=\"5\" data-background=\"https:\/\/www.thenetrevenue.com\/wp-content\/uploads\/2024\/11\/s2.jpg\" data-position=\"center center\">\n        <div class=\"v-middle\">\n            <div class=\"container\">\n                <div class=\"row\">\n                    <div class=\"col-md-12 offset-md-0 text-left\">\n                        \t\t\t\t\t\t<h6 class=\"arx-df-page-banner-subtitle\">Serveis per a hotels<\/h6 >\n\t\t\t\t\t\t                        \t\t\t\t\t\t<h1 class=\"arx-df-page-banner-title\">\n\t\t\t\t\t\tRepresentaci\u00f3 comercial per a hotels\t\t\t\t\t\t<\/h1>\n\t\t\t\t\t\t\t\t\t\t\t\t                    <\/div>\n                <\/div>\n            <\/div>\n        <\/div>\n\t\t<\/section>\t\n\t\t\t\t\t\t<\/div>\n\t\t\t\t<\/div>\n\t\t\t\t<\/div>\n\t\t<div class=\"elementor-element elementor-element-1501ccab e-flex e-con-boxed e-con e-parent\" data-id=\"1501ccab\" data-element_type=\"container\" data-e-type=\"container\">\n\t\t\t\t\t<div class=\"e-con-inner\">\n\t\t<div class=\"elementor-element elementor-element-603fb191 e-con-full e-flex e-con e-child\" data-id=\"603fb191\" data-element_type=\"container\" data-e-type=\"container\">\n\t\t\t\t<div class=\"elementor-element elementor-element-5459f6a6 elementor-widget elementor-widget-archex-simple-title\" data-id=\"5459f6a6\" data-element_type=\"widget\" data-e-type=\"widget\" data-widget_type=\"archex-simple-title.default\">\n\t\t\t\t<div class=\"elementor-widget-container\">\n\t\t\t\t\t\t\t<div class=\"clear text-left \">\n\t\t\t            <div class=\"arx-simple-title black\">El m\u00e8tode TNR<\/div>\n\t\t\t\t\t<\/div>\n\t\t\t\t\t\t<\/div>\n\t\t\t\t<\/div>\n\t\t\t\t<div class=\"elementor-element elementor-element-2b9048ed elementor-widget elementor-widget-text-editor\" data-id=\"2b9048ed\" data-element_type=\"widget\" data-e-type=\"widget\" data-widget_type=\"text-editor.default\">\n\t\t\t\t\t\t\t\t\t<p>En un mercat saturat de f\u00f3rmules est\u00e0ndard, creiem que la veritable exclusivitat no es compra, es construeix. Cada decisi\u00f3 estrat\u00e8gica, cada model d\u2019explotaci\u00f3, cada estrat\u00e8gia de venda que dissenyem est\u00e0 pensada per respondre a una necessitat \u00fanica.<\/p>\n<p>Sents que la capacitat d\u2019explotaci\u00f3 del teu hotel est\u00e0 gaireb\u00e9 al l\u00edmit, per\u00f2 encara no aconsegueixes el rendiment que esperes? A vegades, nom\u00e9s falta una pe\u00e7a perqu\u00e8 tot encaixi. I aquesta pot ser una estrat\u00e8gia de representaci\u00f3 comercial especialitzada en hotels boutique y cadenes hoteleres. A The Net Revenue transformem resultats amb prop\u00f2sit, ajudant hotels com el teu a maximitzar els ingressos.<\/p>\t\t\t\t\t\t\t\t<\/div>\n\t\t\t\t<div class=\"elementor-element elementor-element-26c4b7fe elementor-widget elementor-widget-archex-list-icon\" data-id=\"26c4b7fe\" data-element_type=\"widget\" data-e-type=\"widget\" data-widget_type=\"archex-list-icon.default\">\n\t\t\t\t<div class=\"elementor-widget-container\">\n\t\t\t\t\t\t\t<ul class=\"list-unstyled list\">\t\n\t\t\t\t\t\t\t<li>\n                    \t\t\t\t\t<div class=\"list-icon\"> \n\t\t\t\t\t\t\t\t\t\t<span class=\"ti-check\"><\/span>\n\t\t\t\t\t\t\t\t\t\t<\/div>\n\t\t\t\t\t                    <div class=\"list-text\">\n                        <p>Pres\u00e8ncia en fires i esdeveniments del sector tur\u00edstic per captar noves oportunitats, gesti\u00f3 de premsa, relacions p\u00fabliques i estrat\u00e8gia de comunicaci\u00f3 nacional o internacional.<\/p>\n                    <\/div>\n                <\/li>\n\t\t\t\t\t\t\t<li>\n                    \t\t\t\t\t<div class=\"list-icon\"> \n\t\t\t\t\t\t\t\t\t\t<span class=\"ti-check\"><\/span>\n\t\t\t\t\t\t\t\t\t\t<\/div>\n\t\t\t\t\t                    <div class=\"list-text\">\n                        <p>La comercialitzaci\u00f3 exclusiva que les sales i espais del teu hotel o grup hoteler necessiten per dinamitzar la captaci\u00f3 de grups i esdeveniments del sector MICE.<\/p>\n                    <\/div>\n                <\/li>\n\t\t\t\t\t\n\t\t<\/ul>\n\t\t\t\t\t\t<\/div>\n\t\t\t\t<\/div>\n\t\t\t\t<\/div>\n\t\t<div class=\"elementor-element elementor-element-42453671 e-con-full e-flex e-con e-child\" data-id=\"42453671\" data-element_type=\"container\" data-e-type=\"container\">\n\t\t\t\t<\/div>\n\t\t\t\t\t<\/div>\n\t\t\t\t<\/div>\n\t\t<div class=\"elementor-element elementor-element-a406563 e-flex e-con-boxed e-con e-parent\" data-id=\"a406563\" data-element_type=\"container\" data-e-type=\"container\" data-settings=\"{&quot;background_background&quot;:&quot;classic&quot;}\">\n\t\t\t\t\t<div class=\"e-con-inner\">\n\t\t<div class=\"elementor-element elementor-element-1b05eff e-flex e-con-boxed e-con e-child\" data-id=\"1b05eff\" data-element_type=\"container\" data-e-type=\"container\">\n\t\t\t\t\t<div class=\"e-con-inner\">\n\t\t<div class=\"elementor-element elementor-element-90c7782 e-con-full e-flex e-con e-child\" data-id=\"90c7782\" data-element_type=\"container\" data-e-type=\"container\">\n\t\t<div class=\"elementor-element elementor-element-4b2d0fe e-con-full e-flex e-con e-child\" data-id=\"4b2d0fe\" data-element_type=\"container\" data-e-type=\"container\">\n\t\t\t\t<div class=\"elementor-element elementor-element-acb7a4e elementor-widget elementor-widget-archex-sec-title\" data-id=\"acb7a4e\" data-element_type=\"widget\" data-e-type=\"widget\" data-widget_type=\"archex-sec-title.default\">\n\t\t\t\t<div class=\"elementor-widget-container\">\n\t\t\t\t\t\t\t<div class=\"about text-left\">\n\t\t\t\t\t\t<div class=\"section-subtitle\">Contacta&#039;ns sense comprom\u00eds<\/div>\n\t\t\t\t\t\t            <div class=\"section-title black\">Let\u2019s talk.\n<br>Tens algun projecte en ment?\n<\/div>\n\t\t\t\t\t\t\t\t<\/div>\n\t\t\t\t\t\t<\/div>\n\t\t\t\t<\/div>\n\t\t\t\t<div class=\"elementor-element elementor-element-5c23537 elementor-widget__width-auto elementor-absolute elementor-widget elementor-widget-archex-social-icon\" data-id=\"5c23537\" data-element_type=\"widget\" data-e-type=\"widget\" data-settings=\"{&quot;_position&quot;:&quot;absolute&quot;}\" data-widget_type=\"archex-social-icon.default\">\n\t\t\t\t<div class=\"elementor-widget-container\">\n\t\t\t\t\t\t\t\n\t\t<div class=\"sec-social lets-talk\">\n\t\t\t<div class=\"wrap white\">\n\t\t\t\t<div class=\"social\">\n\t\t\t\t\t\t\t\t\t\t\t\t\t\t\t\t\t<a href=\"https:\/\/www.facebook.com\/TheNetRevenue\/\" target=\"_self\" rel=\"noopener noreferrer\" class=\"icon\">\n\t\t\t\t\t\t\t\t\t\t\t\t\t\n\t\t\t\t\t\t\t\t<svg aria-hidden=\"true\" class=\"e-font-icon-svg e-fab-facebook\" viewBox=\"0 0 512 512\" xmlns=\"http:\/\/www.w3.org\/2000\/svg\"><path d=\"M504 256C504 119 393 8 256 8S8 119 8 256c0 123.78 90.69 226.38 209.25 245V327.69h-63V256h63v-54.64c0-62.15 37-96.48 93.67-96.48 27.14 0 55.52 4.84 55.52 4.84v61h-31.28c-30.8 0-40.41 19.12-40.41 38.73V256h68.78l-11 71.69h-57.78V501C413.31 482.38 504 379.78 504 256z\"><\/path><\/svg>\t\t\t\t\t\t\t\t\t\t\t\n\t\t\t\t\t\t<\/a>\n\t\t\t\t\t\t\t\t\t\t\t\t\t\n\t\t\t\t\t\t\t\t\t\t\t\t\t\t\t\t\t<a href=\"http:\/\/instagram.com\/thenetrevenue\" target=\"_self\" rel=\"noopener noreferrer\" class=\"icon\">\n\t\t\t\t\t\t\t\t\t\t\t\t\t\n\t\t\t\t\t\t\t\t<svg aria-hidden=\"true\" class=\"e-font-icon-svg e-fab-instagram\" viewBox=\"0 0 448 512\" xmlns=\"http:\/\/www.w3.org\/2000\/svg\"><path d=\"M224.1 141c-63.6 0-114.9 51.3-114.9 114.9s51.3 114.9 114.9 114.9S339 319.5 339 255.9 287.7 141 224.1 141zm0 189.6c-41.1 0-74.7-33.5-74.7-74.7s33.5-74.7 74.7-74.7 74.7 33.5 74.7 74.7-33.6 74.7-74.7 74.7zm146.4-194.3c0 14.9-12 26.8-26.8 26.8-14.9 0-26.8-12-26.8-26.8s12-26.8 26.8-26.8 26.8 12 26.8 26.8zm76.1 27.2c-1.7-35.9-9.9-67.7-36.2-93.9-26.2-26.2-58-34.4-93.9-36.2-37-2.1-147.9-2.1-184.9 0-35.8 1.7-67.6 9.9-93.9 36.1s-34.4 58-36.2 93.9c-2.1 37-2.1 147.9 0 184.9 1.7 35.9 9.9 67.7 36.2 93.9s58 34.4 93.9 36.2c37 2.1 147.9 2.1 184.9 0 35.9-1.7 67.7-9.9 93.9-36.2 26.2-26.2 34.4-58 36.2-93.9 2.1-37 2.1-147.8 0-184.8zM398.8 388c-7.8 19.6-22.9 34.7-42.6 42.6-29.5 11.7-99.5 9-132.1 9s-102.7 2.6-132.1-9c-19.6-7.8-34.7-22.9-42.6-42.6-11.7-29.5-9-99.5-9-132.1s-2.6-102.7 9-132.1c7.8-19.6 22.9-34.7 42.6-42.6 29.5-11.7 99.5-9 132.1-9s102.7-2.6 132.1 9c19.6 7.8 34.7 22.9 42.6 42.6 11.7 29.5 9 99.5 9 132.1s2.7 102.7-9 132.1z\"><\/path><\/svg>\t\t\t\t\t\t\t\t\t\t\t\n\t\t\t\t\t\t<\/a>\n\t\t\t\t\t\t\t\t\t\t\t\t\t\n\t\t\t\t\t\t\t\t\t\t\t\t\t\t\t\t\t<a href=\"http:\/\/x.com\/thenetrevenue\" target=\"_self\" rel=\"noopener noreferrer\" class=\"icon\">\n\t\t\t\t\t\t\t\t\t\t\t\t\t\n\t\t\t\t\t\t\t\t<svg aria-hidden=\"true\" class=\"e-font-icon-svg e-fab-x-twitter\" viewBox=\"0 0 512 512\" xmlns=\"http:\/\/www.w3.org\/2000\/svg\"><path d=\"M389.2 48h70.6L305.6 224.2 487 464H345L233.7 318.6 106.5 464H35.8L200.7 275.5 26.8 48H172.4L272.9 180.9 389.2 48zM364.4 421.8h39.1L151.1 88h-42L364.4 421.8z\"><\/path><\/svg>\t\t\t\t\t\t\t\t\t\t\t\n\t\t\t\t\t\t<\/a>\n\t\t\t\t\t\t\t\t\t\t\t\t\t\n\t\t\t\t\t\t\t\t\t\t\t\t\t\t\t\t\t<a href=\"https:\/\/www.linkedin.com\/company\/the-net-revenue\/\" target=\"_self\" rel=\"noopener noreferrer\" class=\"icon\">\n\t\t\t\t\t\t\t\t\t\t\t\t\t\n\t\t\t\t\t\t\t\t<svg aria-hidden=\"true\" class=\"e-font-icon-svg e-fab-linkedin\" viewBox=\"0 0 448 512\" xmlns=\"http:\/\/www.w3.org\/2000\/svg\"><path d=\"M416 32H31.9C14.3 32 0 46.5 0 64.3v383.4C0 465.5 14.3 480 31.9 480H416c17.6 0 32-14.5 32-32.3V64.3c0-17.8-14.4-32.3-32-32.3zM135.4 416H69V202.2h66.5V416zm-33.2-243c-21.3 0-38.5-17.3-38.5-38.5S80.9 96 102.2 96c21.2 0 38.5 17.3 38.5 38.5 0 21.3-17.2 38.5-38.5 38.5zm282.1 243h-66.4V312c0-24.8-.5-56.7-34.5-56.7-34.6 0-39.9 27-39.9 54.9V416h-66.4V202.2h63.7v29.2h.9c8.9-16.8 30.6-34.5 62.9-34.5 67.2 0 79.7 44.3 79.7 101.9V416z\"><\/path><\/svg>\t\t\t\t\t\t\t\t\t\t\t\n\t\t\t\t\t\t<\/a>\n\t\t\t\t\t\t\t\t\t\t\t\t\t\n\t\t\t\t\t\t\t\t\t\t\t\t\n\t\t\t\t<\/div>\n\t\t\t<\/div>\n\t\t<\/div>\n\t\t\n\t\t\t\n        \t\t\t\t<\/div>\n\t\t\t\t<\/div>\n\t\t\t\t<div class=\"elementor-element elementor-element-1fd321d elementor-widget__width-auto elementor-absolute elementor-widget elementor-widget-archex-contact\" data-id=\"1fd321d\" data-element_type=\"widget\" data-e-type=\"widget\" data-settings=\"{&quot;_position&quot;:&quot;absolute&quot;}\" data-widget_type=\"archex-contact.default\">\n\t\t\t\t<div class=\"elementor-widget-container\">\n\t\t\t\t\t\t\t\t\t<div class=\"lets-talk\">\n\t\t\t<div class=\"wrap white\">\n\t\t\t\t<div class=\"dv\"><\/div>\t\t\t\t\n\t\t\t\t\t\t\t\t\n\t\t\t\t<a \n\t\t\t\t\t\t\t\thref=\"mailto:wecandoit@thenetrevenue.com\"\n\t\t\t\t\t\t\t\t target=\"_self\" rel=\"noopener noreferrer\">\n\t\t\t\t\t\t\t\twecandoit@thenetrevenue.com\t\t\t\t\t\t\t\t\t\t\t\t<\/a>\n\t\t\t\t\t\t\t<\/div>\n        <\/div>\n\t\t        \t\t\t\t<\/div>\n\t\t\t\t<\/div>\n\t\t\t\t<div class=\"elementor-element elementor-element-f641076 elementor-widget__width-auto elementor-absolute elementor-widget elementor-widget-archex-contact\" data-id=\"f641076\" data-element_type=\"widget\" data-e-type=\"widget\" data-settings=\"{&quot;_position&quot;:&quot;absolute&quot;}\" data-widget_type=\"archex-contact.default\">\n\t\t\t\t<div class=\"elementor-widget-container\">\n\t\t\t\t\t\t\t\t\t<div class=\"lets-talk\">\n\t\t\t<div class=\"wrap white\">\n\t\t\t\t<div class=\"dv\"><\/div>\t\t\t\t\n\t\t\t\t\t\t\t\t\n\t\t\t\t<a \n\t\t\t\t\t\t\t\thref=\"tel:+34930181627 \"\n\t\t\t\t\t\t\t\t target=\"_self\" rel=\"noopener noreferrer\">\n\t\t\t\t\t\t\t\t+34930181627\t\t\t\t\t\t\t\t\t\t\t\t<\/a>\n\t\t\t\t\t\t\t<\/div>\n        <\/div>\n\t\t        \t\t\t\t<\/div>\n\t\t\t\t<\/div>\n\t\t\t\t<div class=\"elementor-element elementor-element-86b958d elementor-widget__width-auto elementor-absolute elementor-widget elementor-widget-archex-contact\" data-id=\"86b958d\" data-element_type=\"widget\" data-e-type=\"widget\" data-settings=\"{&quot;_position&quot;:&quot;absolute&quot;}\" data-widget_type=\"archex-contact.default\">\n\t\t\t\t<div class=\"elementor-widget-container\">\n\t\t\t\t\t\t\t\t\t<div class=\"lets-talk\">\n\t\t\t<div class=\"wrap white\">\n\t\t\t\t<div class=\"dv\"><\/div>\t\t\t\t\n\t\t\t\t\t\t\t\t\n\t\t\t\t<a \n\t\t\t\t\t\t\t\n\t\t\t\thref=\"https:\/\/www.thenetrevenue.com\/ca\/contacte\/\" \n\t\t\t\t\t\t\t\t target=\"_self\" rel=\"noopener noreferrer\">\n\t\t\t\t\t\t\t\tContacte\t\t\t\t\t\t\t\t\t\t\t\t<i class=\"icon-right fa-light fa-arrow-up-right\"><\/i>\n\t\t\t\t\t\t\t\t<\/a>\n\t\t\t\t\t\t\t<\/div>\n        <\/div>\n\t\t        \t\t\t\t<\/div>\n\t\t\t\t<\/div>\n\t\t\t\t<\/div>\n\t\t\t\t<\/div>\n\t\t\t\t\t<\/div>\n\t\t\t\t<\/div>\n\t\t\t\t\t<\/div>\n\t\t\t\t<\/div>\n\t\t\t\t<\/div>\n\t\t","protected":false},"excerpt":{"rendered":"<p>Serveis per a hotels Representaci\u00f3 comercial per a hotels El m\u00e8tode TNR En un mercat saturat de f\u00f3rmules est\u00e0ndard, creiem que la veritable exclusivitat no es compra, es construeix. Cada decisi\u00f3 estrat\u00e8gica, cada model d\u2019explotaci\u00f3, cada estrat\u00e8gia de venda que dissenyem est\u00e0 pensada per&#8230;<\/p>\n","protected":false},"author":1,"featured_media":5312,"parent":3726,"menu_order":0,"comment_status":"closed","ping_status":"closed","template":"","meta":{"footnotes":""},"class_list":["post-4153","page","type-page","status-publish","has-post-thumbnail","hentry"],"yoast_head":"<!-- This site is optimized with the Yoast SEO plugin v27.5 - https:\/\/yoast.com\/product\/yoast-seo-wordpress\/ -->\n<title>Representaci\u00f3 comercial per a htels | The Net Revenue<\/title>\n<meta name=\"description\" content=\"Representaci\u00f3 comercial per a hotels boutique o cadenes hoteleres. Un servei exclusiu dissenyat per optimitzar la captaci\u00f3 d\u2019ingressos.\" \/>\n<meta name=\"robots\" content=\"index, follow, max-snippet:-1, max-image-preview:large, max-video-preview:-1\" \/>\n<link rel=\"canonical\" href=\"https:\/\/www.thenetrevenue.com\/ca\/serveis\/representacio-comercial-hotels\/\" \/>\n<meta property=\"og:locale\" content=\"ca_ES\" \/>\n<meta property=\"og:type\" content=\"article\" \/>\n<meta property=\"og:title\" content=\"Representaci\u00f3 comercial per a htels | The Net Revenue\" \/>\n<meta property=\"og:description\" content=\"Representaci\u00f3 comercial per a hotels boutique o cadenes hoteleres. Un servei exclusiu dissenyat per optimitzar la captaci\u00f3 d\u2019ingressos.\" \/>\n<meta property=\"og:url\" content=\"https:\/\/www.thenetrevenue.com\/ca\/serveis\/representacio-comercial-hotels\/\" \/>\n<meta property=\"og:site_name\" content=\"The Net Revenue\" \/>\n<meta property=\"article:publisher\" content=\"https:\/\/www.facebook.com\/thenetrevenue\" \/>\n<meta property=\"article:modified_time\" content=\"2025-11-18T13:33:22+00:00\" \/>\n<meta property=\"og:image\" content=\"https:\/\/www.thenetrevenue.com\/wp-content\/uploads\/2024\/11\/8.jpg\" \/>\n\t<meta property=\"og:image:width\" content=\"1920\" \/>\n\t<meta property=\"og:image:height\" content=\"1280\" \/>\n\t<meta property=\"og:image:type\" content=\"image\/jpeg\" \/>\n<meta name=\"twitter:card\" content=\"summary_large_image\" \/>\n<meta name=\"twitter:site\" content=\"@thenetrevenue\" \/>\n<meta name=\"twitter:label1\" content=\"Temps estimat de lectura\" \/>\n\t<meta name=\"twitter:data1\" content=\"1 minut\" \/>\n<script type=\"application\/ld+json\" class=\"yoast-schema-graph\">{\"@context\":\"https:\\\/\\\/schema.org\",\"@graph\":[{\"@type\":\"WebPage\",\"@id\":\"https:\\\/\\\/www.thenetrevenue.com\\\/ca\\\/serveis\\\/representacio-comercial-hotels\\\/\",\"url\":\"https:\\\/\\\/www.thenetrevenue.com\\\/ca\\\/serveis\\\/representacio-comercial-hotels\\\/\",\"name\":\"Representaci\u00f3 comercial per a htels | The Net Revenue\",\"isPartOf\":{\"@id\":\"https:\\\/\\\/www.thenetrevenue.com\\\/ca\\\/#website\"},\"primaryImageOfPage\":{\"@id\":\"https:\\\/\\\/www.thenetrevenue.com\\\/ca\\\/serveis\\\/representacio-comercial-hotels\\\/#primaryimage\"},\"image\":{\"@id\":\"https:\\\/\\\/www.thenetrevenue.com\\\/ca\\\/serveis\\\/representacio-comercial-hotels\\\/#primaryimage\"},\"thumbnailUrl\":\"https:\\\/\\\/www.thenetrevenue.com\\\/wp-content\\\/uploads\\\/2024\\\/11\\\/8.jpg\",\"datePublished\":\"2025-08-25T13:18:59+00:00\",\"dateModified\":\"2025-11-18T13:33:22+00:00\",\"description\":\"Representaci\u00f3 comercial per a hotels boutique o cadenes hoteleres. Un servei exclusiu dissenyat per optimitzar la captaci\u00f3 d\u2019ingressos.\",\"breadcrumb\":{\"@id\":\"https:\\\/\\\/www.thenetrevenue.com\\\/ca\\\/serveis\\\/representacio-comercial-hotels\\\/#breadcrumb\"},\"inLanguage\":\"ca\",\"potentialAction\":[{\"@type\":\"ReadAction\",\"target\":[\"https:\\\/\\\/www.thenetrevenue.com\\\/ca\\\/serveis\\\/representacio-comercial-hotels\\\/\"]}]},{\"@type\":\"ImageObject\",\"inLanguage\":\"ca\",\"@id\":\"https:\\\/\\\/www.thenetrevenue.com\\\/ca\\\/serveis\\\/representacio-comercial-hotels\\\/#primaryimage\",\"url\":\"https:\\\/\\\/www.thenetrevenue.com\\\/wp-content\\\/uploads\\\/2024\\\/11\\\/8.jpg\",\"contentUrl\":\"https:\\\/\\\/www.thenetrevenue.com\\\/wp-content\\\/uploads\\\/2024\\\/11\\\/8.jpg\",\"width\":1920,\"height\":1280},{\"@type\":\"BreadcrumbList\",\"@id\":\"https:\\\/\\\/www.thenetrevenue.com\\\/ca\\\/serveis\\\/representacio-comercial-hotels\\\/#breadcrumb\",\"itemListElement\":[{\"@type\":\"ListItem\",\"position\":1,\"name\":\"Portada\",\"item\":\"https:\\\/\\\/www.thenetrevenue.com\\\/ca\\\/\"},{\"@type\":\"ListItem\",\"position\":2,\"name\":\"Serveis\",\"item\":\"https:\\\/\\\/www.thenetrevenue.com\\\/ca\\\/serveis\\\/\"},{\"@type\":\"ListItem\",\"position\":3,\"name\":\"Representaci\u00f3 comercial per a hotels\"}]},{\"@type\":\"WebSite\",\"@id\":\"https:\\\/\\\/www.thenetrevenue.com\\\/ca\\\/#website\",\"url\":\"https:\\\/\\\/www.thenetrevenue.com\\\/ca\\\/\",\"name\":\"The Net Revenue | Servicios de revenue management para hoteles\",\"description\":\"Servicios de revenue management para hoteles\",\"publisher\":{\"@id\":\"https:\\\/\\\/www.thenetrevenue.com\\\/ca\\\/#organization\"},\"potentialAction\":[{\"@type\":\"SearchAction\",\"target\":{\"@type\":\"EntryPoint\",\"urlTemplate\":\"https:\\\/\\\/www.thenetrevenue.com\\\/ca\\\/?s={search_term_string}\"},\"query-input\":{\"@type\":\"PropertyValueSpecification\",\"valueRequired\":true,\"valueName\":\"search_term_string\"}}],\"inLanguage\":\"ca\"},{\"@type\":\"Organization\",\"@id\":\"https:\\\/\\\/www.thenetrevenue.com\\\/ca\\\/#organization\",\"name\":\"The Net Revenue\",\"url\":\"https:\\\/\\\/www.thenetrevenue.com\\\/ca\\\/\",\"logo\":{\"@type\":\"ImageObject\",\"inLanguage\":\"ca\",\"@id\":\"https:\\\/\\\/www.thenetrevenue.com\\\/ca\\\/#\\\/schema\\\/logo\\\/image\\\/\",\"url\":\"https:\\\/\\\/www.thenetrevenue.com\\\/wp-content\\\/uploads\\\/2025\\\/11\\\/TNR_Logo_Black.jpg\",\"contentUrl\":\"https:\\\/\\\/www.thenetrevenue.com\\\/wp-content\\\/uploads\\\/2025\\\/11\\\/TNR_Logo_Black.jpg\",\"width\":1287,\"height\":578,\"caption\":\"The Net Revenue\"},\"image\":{\"@id\":\"https:\\\/\\\/www.thenetrevenue.com\\\/ca\\\/#\\\/schema\\\/logo\\\/image\\\/\"},\"sameAs\":[\"https:\\\/\\\/www.facebook.com\\\/thenetrevenue\",\"https:\\\/\\\/x.com\\\/thenetrevenue\",\"https:\\\/\\\/www.instagram.com\\\/thenetrevenue\",\"https:\\\/\\\/www.linkedin.com\\\/company\\\/the-net-revenue\\\/\"]}]}<\/script>\n<!-- \/ Yoast SEO plugin. -->","yoast_head_json":{"title":"Representaci\u00f3 comercial per a htels | The Net Revenue","description":"Representaci\u00f3 comercial per a hotels boutique o cadenes hoteleres. Un servei exclusiu dissenyat per optimitzar la captaci\u00f3 d\u2019ingressos.","robots":{"index":"index","follow":"follow","max-snippet":"max-snippet:-1","max-image-preview":"max-image-preview:large","max-video-preview":"max-video-preview:-1"},"canonical":"https:\/\/www.thenetrevenue.com\/ca\/serveis\/representacio-comercial-hotels\/","og_locale":"ca_ES","og_type":"article","og_title":"Representaci\u00f3 comercial per a htels | The Net Revenue","og_description":"Representaci\u00f3 comercial per a hotels boutique o cadenes hoteleres. Un servei exclusiu dissenyat per optimitzar la captaci\u00f3 d\u2019ingressos.","og_url":"https:\/\/www.thenetrevenue.com\/ca\/serveis\/representacio-comercial-hotels\/","og_site_name":"The Net Revenue","article_publisher":"https:\/\/www.facebook.com\/thenetrevenue","article_modified_time":"2025-11-18T13:33:22+00:00","og_image":[{"width":1920,"height":1280,"url":"https:\/\/www.thenetrevenue.com\/wp-content\/uploads\/2024\/11\/8.jpg","type":"image\/jpeg"}],"twitter_card":"summary_large_image","twitter_site":"@thenetrevenue","twitter_misc":{"Temps estimat de lectura":"1 minut"},"schema":{"@context":"https:\/\/schema.org","@graph":[{"@type":"WebPage","@id":"https:\/\/www.thenetrevenue.com\/ca\/serveis\/representacio-comercial-hotels\/","url":"https:\/\/www.thenetrevenue.com\/ca\/serveis\/representacio-comercial-hotels\/","name":"Representaci\u00f3 comercial per a htels | The Net Revenue","isPartOf":{"@id":"https:\/\/www.thenetrevenue.com\/ca\/#website"},"primaryImageOfPage":{"@id":"https:\/\/www.thenetrevenue.com\/ca\/serveis\/representacio-comercial-hotels\/#primaryimage"},"image":{"@id":"https:\/\/www.thenetrevenue.com\/ca\/serveis\/representacio-comercial-hotels\/#primaryimage"},"thumbnailUrl":"https:\/\/www.thenetrevenue.com\/wp-content\/uploads\/2024\/11\/8.jpg","datePublished":"2025-08-25T13:18:59+00:00","dateModified":"2025-11-18T13:33:22+00:00","description":"Representaci\u00f3 comercial per a hotels boutique o cadenes hoteleres. Un servei exclusiu dissenyat per optimitzar la captaci\u00f3 d\u2019ingressos.","breadcrumb":{"@id":"https:\/\/www.thenetrevenue.com\/ca\/serveis\/representacio-comercial-hotels\/#breadcrumb"},"inLanguage":"ca","potentialAction":[{"@type":"ReadAction","target":["https:\/\/www.thenetrevenue.com\/ca\/serveis\/representacio-comercial-hotels\/"]}]},{"@type":"ImageObject","inLanguage":"ca","@id":"https:\/\/www.thenetrevenue.com\/ca\/serveis\/representacio-comercial-hotels\/#primaryimage","url":"https:\/\/www.thenetrevenue.com\/wp-content\/uploads\/2024\/11\/8.jpg","contentUrl":"https:\/\/www.thenetrevenue.com\/wp-content\/uploads\/2024\/11\/8.jpg","width":1920,"height":1280},{"@type":"BreadcrumbList","@id":"https:\/\/www.thenetrevenue.com\/ca\/serveis\/representacio-comercial-hotels\/#breadcrumb","itemListElement":[{"@type":"ListItem","position":1,"name":"Portada","item":"https:\/\/www.thenetrevenue.com\/ca\/"},{"@type":"ListItem","position":2,"name":"Serveis","item":"https:\/\/www.thenetrevenue.com\/ca\/serveis\/"},{"@type":"ListItem","position":3,"name":"Representaci\u00f3 comercial per a hotels"}]},{"@type":"WebSite","@id":"https:\/\/www.thenetrevenue.com\/ca\/#website","url":"https:\/\/www.thenetrevenue.com\/ca\/","name":"The Net Revenue | Servicios de revenue management para hoteles","description":"Servicios de revenue management para hoteles","publisher":{"@id":"https:\/\/www.thenetrevenue.com\/ca\/#organization"},"potentialAction":[{"@type":"SearchAction","target":{"@type":"EntryPoint","urlTemplate":"https:\/\/www.thenetrevenue.com\/ca\/?s={search_term_string}"},"query-input":{"@type":"PropertyValueSpecification","valueRequired":true,"valueName":"search_term_string"}}],"inLanguage":"ca"},{"@type":"Organization","@id":"https:\/\/www.thenetrevenue.com\/ca\/#organization","name":"The Net Revenue","url":"https:\/\/www.thenetrevenue.com\/ca\/","logo":{"@type":"ImageObject","inLanguage":"ca","@id":"https:\/\/www.thenetrevenue.com\/ca\/#\/schema\/logo\/image\/","url":"https:\/\/www.thenetrevenue.com\/wp-content\/uploads\/2025\/11\/TNR_Logo_Black.jpg","contentUrl":"https:\/\/www.thenetrevenue.com\/wp-content\/uploads\/2025\/11\/TNR_Logo_Black.jpg","width":1287,"height":578,"caption":"The Net Revenue"},"image":{"@id":"https:\/\/www.thenetrevenue.com\/ca\/#\/schema\/logo\/image\/"},"sameAs":["https:\/\/www.facebook.com\/thenetrevenue","https:\/\/x.com\/thenetrevenue","https:\/\/www.instagram.com\/thenetrevenue","https:\/\/www.linkedin.com\/company\/the-net-revenue\/"]}]}},"meta_box":[],"_links":{"self":[{"href":"https:\/\/www.thenetrevenue.com\/ca\/wp-json\/wp\/v2\/pages\/4153","targetHints":{"allow":["GET"]}}],"collection":[{"href":"https:\/\/www.thenetrevenue.com\/ca\/wp-json\/wp\/v2\/pages"}],"about":[{"href":"https:\/\/www.thenetrevenue.com\/ca\/wp-json\/wp\/v2\/types\/page"}],"author":[{"embeddable":true,"href":"https:\/\/www.thenetrevenue.com\/ca\/wp-json\/wp\/v2\/users\/1"}],"replies":[{"embeddable":true,"href":"https:\/\/www.thenetrevenue.com\/ca\/wp-json\/wp\/v2\/comments?post=4153"}],"version-history":[{"count":0,"href":"https:\/\/www.thenetrevenue.com\/ca\/wp-json\/wp\/v2\/pages\/4153\/revisions"}],"up":[{"embeddable":true,"href":"https:\/\/www.thenetrevenue.com\/ca\/wp-json\/wp\/v2\/pages\/3726"}],"wp:featuredmedia":[{"embeddable":true,"href":"https:\/\/www.thenetrevenue.com\/ca\/wp-json\/wp\/v2\/media\/5312"}],"wp:attachment":[{"href":"https:\/\/www.thenetrevenue.com\/ca\/wp-json\/wp\/v2\/media?parent=4153"}],"curies":[{"name":"wp","href":"https:\/\/api.w.org\/{rel}","templated":true}]}}