{"id":4144,"date":"2025-08-25T15:09:38","date_gmt":"2025-08-25T13:09:38","guid":{"rendered":"https:\/\/www.thenetrevenue.com\/serveis\/formacion-revenue-management\/"},"modified":"2025-11-19T16:17:26","modified_gmt":"2025-11-19T15:17:26","slug":"formacio-revenue-management-hotels","status":"publish","type":"page","link":"https:\/\/www.thenetrevenue.com\/ca\/serveis\/formacio-revenue-management-hotels\/","title":{"rendered":"Formaci\u00f3n Revenue Management per a hotels"},"content":{"rendered":"\t\t<div data-elementor-type=\"wp-page\" data-elementor-id=\"4144\" class=\"elementor elementor-4144\">\n\t\t\t\t<div class=\"elementor-element elementor-element-7b502b0 e-con-full e-flex e-con e-parent\" data-id=\"7b502b0\" data-element_type=\"container\" data-e-type=\"container\">\n\t\t\t\t<div class=\"elementor-element elementor-element-50b346cf elementor-widget elementor-widget-archex-banner-simple\" data-id=\"50b346cf\" data-element_type=\"widget\" data-e-type=\"widget\" data-widget_type=\"archex-banner-simple.default\">\n\t\t\t\t<div class=\"elementor-widget-container\">\n\t\t\t\t\t\t\t<section class=\"banner-header section-padding bg-img-c bg-img bg-fixed \" data-overlay-dark=\"5\" data-background=\"https:\/\/www.thenetrevenue.com\/wp-content\/uploads\/2025\/11\/formacion-revenue-management-hoteles.jpg\" data-position=\"center center\">\n        <div class=\"v-middle\">\n            <div class=\"container\">\n                <div class=\"row\">\n                    <div class=\"col-md-12 offset-md-0 text-left\">\n                        \t\t\t\t\t\t<h6 class=\"arx-df-page-banner-subtitle\">Serveis per a hotels<\/h6 >\n\t\t\t\t\t\t                        \t\t\t\t\t\t<h1 class=\"arx-df-page-banner-title\">\n\t\t\t\t\t\tFormaci\u00f3 revenue management per a hotels\t\t\t\t\t\t<\/h1>\n\t\t\t\t\t\t\t\t\t\t\t\t                    <\/div>\n                <\/div>\n            <\/div>\n        <\/div>\n\t\t<\/section>\t\n\t\t\t\t\t\t<\/div>\n\t\t\t\t<\/div>\n\t\t\t\t<\/div>\n\t\t<div class=\"elementor-element elementor-element-1501ccab e-flex e-con-boxed e-con e-parent\" data-id=\"1501ccab\" data-element_type=\"container\" data-e-type=\"container\">\n\t\t\t\t\t<div class=\"e-con-inner\">\n\t\t<div class=\"elementor-element elementor-element-603fb191 e-con-full e-flex e-con e-child\" data-id=\"603fb191\" data-element_type=\"container\" data-e-type=\"container\">\n\t\t\t\t<div class=\"elementor-element elementor-element-5459f6a6 elementor-widget elementor-widget-archex-simple-title\" data-id=\"5459f6a6\" data-element_type=\"widget\" data-e-type=\"widget\" data-widget_type=\"archex-simple-title.default\">\n\t\t\t\t<div class=\"elementor-widget-container\">\n\t\t\t\t\t\t\t<div class=\"clear text-left \">\n\t\t\t            <div class=\"arx-simple-title black\">El m\u00e8tode TNR<\/div>\n\t\t\t\t\t<\/div>\n\t\t\t\t\t\t<\/div>\n\t\t\t\t<\/div>\n\t\t\t\t<div class=\"elementor-element elementor-element-2b9048ed elementor-widget elementor-widget-text-editor\" data-id=\"2b9048ed\" data-element_type=\"widget\" data-e-type=\"widget\" data-widget_type=\"text-editor.default\">\n\t\t\t\t\t\t\t\t\t<p>A The Net Revenue no nom\u00e9s oferim serveis integrals i auditories especialitzades en Revenue Management, sin\u00f3 que la nostra aportaci\u00f3 va m\u00e9s enll\u00e0: acompanyem i enfortim els equips interns d&#8217;hotels boutique i cadenes hoteleres, ajudant-los a optimitzar processos, prendre decisions estrat\u00e8giques i maximitzar resultats. Tot aix\u00f2, recolzat pel coneixement profund del sector que hem acumulat al llarg dels anys.<\/p><p>\u2714\ufe0f Tens un equip de revenue i vols portar-lo al seg\u00fcent nivell?<br \/>\u2714\ufe0f Busques suport extern sense perdre el control intern del teu Revenue Management?<\/p><p>La nostra metodologia combina experi\u00e8ncia operativa, formaci\u00f3, an\u00e0lisi i acompanyament personalitzat. Perqu\u00e8 creiem que el coneixement compartit impulsa un creixement sostenible.<\/p>\t\t\t\t\t\t\t\t<\/div>\n\t\t\t\t<div class=\"elementor-element elementor-element-551a9e7 elementor-widget elementor-widget-spacer\" data-id=\"551a9e7\" data-element_type=\"widget\" data-e-type=\"widget\" data-widget_type=\"spacer.default\">\n\t\t\t\t\t\t\t<div class=\"elementor-spacer\">\n\t\t\t<div class=\"elementor-spacer-inner\"><\/div>\n\t\t<\/div>\n\t\t\t\t\t\t<\/div>\n\t\t\t\t<div class=\"elementor-element elementor-element-35f2dc9 elementor-widget elementor-widget-archex-simple-title\" data-id=\"35f2dc9\" data-element_type=\"widget\" data-e-type=\"widget\" data-widget_type=\"archex-simple-title.default\">\n\t\t\t\t<div class=\"elementor-widget-container\">\n\t\t\t\t\t\t\t<div class=\"clear text-left \">\n\t\t\t            <div class=\"arx-simple-title black\">El nostre pla de treball<\/div>\n\t\t\t\t\t<\/div>\n\t\t\t\t\t\t<\/div>\n\t\t\t\t<\/div>\n\t\t\t\t<div class=\"elementor-element elementor-element-fee6a94 elementor-widget elementor-widget-text-editor\" data-id=\"fee6a94\" data-element_type=\"widget\" data-e-type=\"widget\" data-widget_type=\"text-editor.default\">\n\t\t\t\t\t\t\t\t\t<p>Disposem de serveis de formaci\u00f3 en Revenue Management a mida per a tot tipus d\u2019hotels boutique i cadenes hoteleres. Estem en col\u00b7laboraci\u00f3 constant amb les millors escoles i universitats d\u2019\u00e0mbit internacional, com FORST o TEDUKA, per oferir-te una visi\u00f3 actualitzada i optimitzada del sector. Formem els professionals del Revenue del futur.<\/p>\t\t\t\t\t\t\t\t<\/div>\n\t\t\t\t<div class=\"elementor-element elementor-element-26c4b7fe elementor-widget elementor-widget-archex-list-icon\" data-id=\"26c4b7fe\" data-element_type=\"widget\" data-e-type=\"widget\" data-widget_type=\"archex-list-icon.default\">\n\t\t\t\t<div class=\"elementor-widget-container\">\n\t\t\t\t\t\t\t<ul class=\"list-unstyled list\">\t\n\t\t\t\t\t\t\t<li>\n                    \t\t\t\t\t<div class=\"list-icon\"> \n\t\t\t\t\t\t\t\t\t\t<span class=\"ti-check\"><\/span>\n\t\t\t\t\t\t\t\t\t\t<\/div>\n\t\t\t\t\t                    <div class=\"list-text\">\n                        <p>Dissenyem estrat\u00e8gies amb \u00e0nima<\/p>\n                    <\/div>\n                <\/li>\n\t\t\t\t\t\t\t<li>\n                    \t\t\t\t\t<div class=\"list-icon\"> \n\t\t\t\t\t\t\t\t\t\t<span class=\"ti-check\"><\/span>\n\t\t\t\t\t\t\t\t\t\t<\/div>\n\t\t\t\t\t                    <div class=\"list-text\">\n                        <p>Transformem resultats amb prop\u00f2sit<\/p>\n                    <\/div>\n                <\/li>\n\t\t\t\t\t\t\t<li>\n                    \t\t\t\t\t<div class=\"list-icon\"> \n\t\t\t\t\t\t\t\t\t\t<span class=\"ti-check\"><\/span>\n\t\t\t\t\t\t\t\t\t\t<\/div>\n\t\t\t\t\t                    <div class=\"list-text\">\n                        <p>Impulsem el teu potencial amb intel\u00b7lig\u00e8ncia, tecnologia i creativitat<\/p>\n                    <\/div>\n                <\/li>\n\t\t\t\t\t\n\t\t<\/ul>\n\t\t\t\t\t\t<\/div>\n\t\t\t\t<\/div>\n\t\t\t\t<\/div>\n\t\t<div class=\"elementor-element elementor-element-42453671 e-con-full e-flex e-con e-child\" data-id=\"42453671\" data-element_type=\"container\" data-e-type=\"container\">\n\t\t\t\t<\/div>\n\t\t\t\t\t<\/div>\n\t\t\t\t<\/div>\n\t\t<div class=\"elementor-element elementor-element-a406563 e-flex e-con-boxed e-con e-parent\" data-id=\"a406563\" data-element_type=\"container\" data-e-type=\"container\" data-settings=\"{&quot;background_background&quot;:&quot;classic&quot;}\">\n\t\t\t\t\t<div class=\"e-con-inner\">\n\t\t<div class=\"elementor-element elementor-element-31aaae0 e-con-full e-flex e-con e-child\" data-id=\"31aaae0\" data-element_type=\"container\" data-e-type=\"container\">\n\t\t<div class=\"elementor-element elementor-element-ae6d5f3 e-con-full e-flex e-con e-child\" data-id=\"ae6d5f3\" data-element_type=\"container\" data-e-type=\"container\">\n\t\t\t\t<div class=\"elementor-element elementor-element-2dd11d6 elementor-widget elementor-widget-archex-sec-title\" data-id=\"2dd11d6\" data-element_type=\"widget\" data-e-type=\"widget\" data-widget_type=\"archex-sec-title.default\">\n\t\t\t\t<div class=\"elementor-widget-container\">\n\t\t\t\t\t\t\t<div class=\"about text-left\">\n\t\t\t\t\t\t<div class=\"section-subtitle\">Contacta&#039;ns sense comprom\u00eds<\/div>\n\t\t\t\t\t\t            <div class=\"section-title black\">Let\u2019s talk.\n<br>Tens algun projecte en ment?\n<\/div>\n\t\t\t\t\t\t\t\t<\/div>\n\t\t\t\t\t\t<\/div>\n\t\t\t\t<\/div>\n\t\t\t\t<div class=\"elementor-element elementor-element-d869a0b elementor-widget__width-auto elementor-absolute elementor-widget elementor-widget-archex-social-icon\" data-id=\"d869a0b\" data-element_type=\"widget\" data-e-type=\"widget\" data-settings=\"{&quot;_position&quot;:&quot;absolute&quot;}\" data-widget_type=\"archex-social-icon.default\">\n\t\t\t\t<div class=\"elementor-widget-container\">\n\t\t\t\t\t\t\t\n\t\t<div class=\"sec-social lets-talk\">\n\t\t\t<div class=\"wrap white\">\n\t\t\t\t<div class=\"social\">\n\t\t\t\t\t\t\t\t\t\t\t\t\t\t\t\t\t<a href=\"https:\/\/www.facebook.com\/TheNetRevenue\/\" target=\"_self\" rel=\"noopener noreferrer\" class=\"icon\">\n\t\t\t\t\t\t\t\t\t\t\t\t\t\n\t\t\t\t\t\t\t\t<svg aria-hidden=\"true\" class=\"e-font-icon-svg e-fab-facebook\" viewBox=\"0 0 512 512\" xmlns=\"http:\/\/www.w3.org\/2000\/svg\"><path d=\"M504 256C504 119 393 8 256 8S8 119 8 256c0 123.78 90.69 226.38 209.25 245V327.69h-63V256h63v-54.64c0-62.15 37-96.48 93.67-96.48 27.14 0 55.52 4.84 55.52 4.84v61h-31.28c-30.8 0-40.41 19.12-40.41 38.73V256h68.78l-11 71.69h-57.78V501C413.31 482.38 504 379.78 504 256z\"><\/path><\/svg>\t\t\t\t\t\t\t\t\t\t\t\n\t\t\t\t\t\t<\/a>\n\t\t\t\t\t\t\t\t\t\t\t\t\t\n\t\t\t\t\t\t\t\t\t\t\t\t\t\t\t\t\t<a href=\"http:\/\/instagram.com\/thenetrevenue\" target=\"_self\" rel=\"noopener noreferrer\" class=\"icon\">\n\t\t\t\t\t\t\t\t\t\t\t\t\t\n\t\t\t\t\t\t\t\t<svg aria-hidden=\"true\" class=\"e-font-icon-svg e-fab-instagram\" viewBox=\"0 0 448 512\" xmlns=\"http:\/\/www.w3.org\/2000\/svg\"><path d=\"M224.1 141c-63.6 0-114.9 51.3-114.9 114.9s51.3 114.9 114.9 114.9S339 319.5 339 255.9 287.7 141 224.1 141zm0 189.6c-41.1 0-74.7-33.5-74.7-74.7s33.5-74.7 74.7-74.7 74.7 33.5 74.7 74.7-33.6 74.7-74.7 74.7zm146.4-194.3c0 14.9-12 26.8-26.8 26.8-14.9 0-26.8-12-26.8-26.8s12-26.8 26.8-26.8 26.8 12 26.8 26.8zm76.1 27.2c-1.7-35.9-9.9-67.7-36.2-93.9-26.2-26.2-58-34.4-93.9-36.2-37-2.1-147.9-2.1-184.9 0-35.8 1.7-67.6 9.9-93.9 36.1s-34.4 58-36.2 93.9c-2.1 37-2.1 147.9 0 184.9 1.7 35.9 9.9 67.7 36.2 93.9s58 34.4 93.9 36.2c37 2.1 147.9 2.1 184.9 0 35.9-1.7 67.7-9.9 93.9-36.2 26.2-26.2 34.4-58 36.2-93.9 2.1-37 2.1-147.8 0-184.8zM398.8 388c-7.8 19.6-22.9 34.7-42.6 42.6-29.5 11.7-99.5 9-132.1 9s-102.7 2.6-132.1-9c-19.6-7.8-34.7-22.9-42.6-42.6-11.7-29.5-9-99.5-9-132.1s-2.6-102.7 9-132.1c7.8-19.6 22.9-34.7 42.6-42.6 29.5-11.7 99.5-9 132.1-9s102.7-2.6 132.1 9c19.6 7.8 34.7 22.9 42.6 42.6 11.7 29.5 9 99.5 9 132.1s2.7 102.7-9 132.1z\"><\/path><\/svg>\t\t\t\t\t\t\t\t\t\t\t\n\t\t\t\t\t\t<\/a>\n\t\t\t\t\t\t\t\t\t\t\t\t\t\n\t\t\t\t\t\t\t\t\t\t\t\t\t\t\t\t\t<a href=\"http:\/\/x.com\/thenetrevenue\" target=\"_self\" rel=\"noopener noreferrer\" class=\"icon\">\n\t\t\t\t\t\t\t\t\t\t\t\t\t\n\t\t\t\t\t\t\t\t<svg aria-hidden=\"true\" class=\"e-font-icon-svg e-fab-x-twitter\" viewBox=\"0 0 512 512\" xmlns=\"http:\/\/www.w3.org\/2000\/svg\"><path d=\"M389.2 48h70.6L305.6 224.2 487 464H345L233.7 318.6 106.5 464H35.8L200.7 275.5 26.8 48H172.4L272.9 180.9 389.2 48zM364.4 421.8h39.1L151.1 88h-42L364.4 421.8z\"><\/path><\/svg>\t\t\t\t\t\t\t\t\t\t\t\n\t\t\t\t\t\t<\/a>\n\t\t\t\t\t\t\t\t\t\t\t\t\t\n\t\t\t\t\t\t\t\t\t\t\t\t\t\t\t\t\t<a href=\"https:\/\/www.linkedin.com\/company\/the-net-revenue\/\" target=\"_self\" rel=\"noopener noreferrer\" class=\"icon\">\n\t\t\t\t\t\t\t\t\t\t\t\t\t\n\t\t\t\t\t\t\t\t<svg aria-hidden=\"true\" class=\"e-font-icon-svg e-fab-linkedin\" viewBox=\"0 0 448 512\" xmlns=\"http:\/\/www.w3.org\/2000\/svg\"><path d=\"M416 32H31.9C14.3 32 0 46.5 0 64.3v383.4C0 465.5 14.3 480 31.9 480H416c17.6 0 32-14.5 32-32.3V64.3c0-17.8-14.4-32.3-32-32.3zM135.4 416H69V202.2h66.5V416zm-33.2-243c-21.3 0-38.5-17.3-38.5-38.5S80.9 96 102.2 96c21.2 0 38.5 17.3 38.5 38.5 0 21.3-17.2 38.5-38.5 38.5zm282.1 243h-66.4V312c0-24.8-.5-56.7-34.5-56.7-34.6 0-39.9 27-39.9 54.9V416h-66.4V202.2h63.7v29.2h.9c8.9-16.8 30.6-34.5 62.9-34.5 67.2 0 79.7 44.3 79.7 101.9V416z\"><\/path><\/svg>\t\t\t\t\t\t\t\t\t\t\t\n\t\t\t\t\t\t<\/a>\n\t\t\t\t\t\t\t\t\t\t\t\t\t\n\t\t\t\t\t\t\t\t\t\t\t\t\n\t\t\t\t<\/div>\n\t\t\t<\/div>\n\t\t<\/div>\n\t\t\n\t\t\t\n        \t\t\t\t<\/div>\n\t\t\t\t<\/div>\n\t\t\t\t<div class=\"elementor-element elementor-element-0e8b7df elementor-widget__width-auto elementor-absolute elementor-widget elementor-widget-archex-contact\" data-id=\"0e8b7df\" data-element_type=\"widget\" data-e-type=\"widget\" data-settings=\"{&quot;_position&quot;:&quot;absolute&quot;}\" data-widget_type=\"archex-contact.default\">\n\t\t\t\t<div class=\"elementor-widget-container\">\n\t\t\t\t\t\t\t\t\t<div class=\"lets-talk\">\n\t\t\t<div class=\"wrap white\">\n\t\t\t\t<div class=\"dv\"><\/div>\t\t\t\t\n\t\t\t\t\t\t\t\t\n\t\t\t\t<a \n\t\t\t\t\t\t\t\thref=\"mailto:wecandoit@thenetrevenue.com\"\n\t\t\t\t\t\t\t\t target=\"_self\" rel=\"noopener noreferrer\">\n\t\t\t\t\t\t\t\twecandoit@thenetrevenue.com\t\t\t\t\t\t\t\t\t\t\t\t<\/a>\n\t\t\t\t\t\t\t<\/div>\n        <\/div>\n\t\t        \t\t\t\t<\/div>\n\t\t\t\t<\/div>\n\t\t\t\t<div class=\"elementor-element elementor-element-8a3f8cb elementor-widget__width-auto elementor-absolute elementor-widget elementor-widget-archex-contact\" data-id=\"8a3f8cb\" data-element_type=\"widget\" data-e-type=\"widget\" data-settings=\"{&quot;_position&quot;:&quot;absolute&quot;}\" data-widget_type=\"archex-contact.default\">\n\t\t\t\t<div class=\"elementor-widget-container\">\n\t\t\t\t\t\t\t\t\t<div class=\"lets-talk\">\n\t\t\t<div class=\"wrap white\">\n\t\t\t\t<div class=\"dv\"><\/div>\t\t\t\t\n\t\t\t\t\t\t\t\t\n\t\t\t\t<a \n\t\t\t\t\t\t\t\thref=\"tel:+34930181627 \"\n\t\t\t\t\t\t\t\t target=\"_self\" rel=\"noopener noreferrer\">\n\t\t\t\t\t\t\t\t+34930181627\t\t\t\t\t\t\t\t\t\t\t\t<\/a>\n\t\t\t\t\t\t\t<\/div>\n        <\/div>\n\t\t        \t\t\t\t<\/div>\n\t\t\t\t<\/div>\n\t\t\t\t<div class=\"elementor-element elementor-element-174e0f2 elementor-widget__width-auto elementor-absolute elementor-widget elementor-widget-archex-contact\" data-id=\"174e0f2\" data-element_type=\"widget\" data-e-type=\"widget\" data-settings=\"{&quot;_position&quot;:&quot;absolute&quot;}\" data-widget_type=\"archex-contact.default\">\n\t\t\t\t<div class=\"elementor-widget-container\">\n\t\t\t\t\t\t\t\t\t<div class=\"lets-talk\">\n\t\t\t<div class=\"wrap white\">\n\t\t\t\t<div class=\"dv\"><\/div>\t\t\t\t\n\t\t\t\t\t\t\t\t\n\t\t\t\t<a \n\t\t\t\t\t\t\t\n\t\t\t\thref=\"https:\/\/www.thenetrevenue.com\/ca\/contacte\/\" \n\t\t\t\t\t\t\t\t target=\"_self\" rel=\"noopener noreferrer\">\n\t\t\t\t\t\t\t\tContacte\t\t\t\t\t\t\t\t\t\t\t\t<i class=\"icon-right fa-light fa-arrow-up-right\"><\/i>\n\t\t\t\t\t\t\t\t<\/a>\n\t\t\t\t\t\t\t<\/div>\n        <\/div>\n\t\t        \t\t\t\t<\/div>\n\t\t\t\t<\/div>\n\t\t\t\t<\/div>\n\t\t\t\t<\/div>\n\t\t\t\t\t<\/div>\n\t\t\t\t<\/div>\n\t\t\t\t<\/div>\n\t\t","protected":false},"excerpt":{"rendered":"<p>Serveis per a hotels&lt;\/h6 &gt; Formaci\u00f3 revenue management per a hotels El m\u00e8tode TNR A The Net Revenue no nom\u00e9s oferim serveis integrals i auditories especialitzades en Revenue Management, sin\u00f3 que la nostra aportaci\u00f3 va m\u00e9s enll\u00e0: acompanyem i enfortim els equips interns d&#8217;hotels&#8230;<\/p>\n","protected":false},"author":1,"featured_media":5360,"parent":3726,"menu_order":0,"comment_status":"closed","ping_status":"closed","template":"","meta":{"footnotes":""},"class_list":["post-4144","page","type-page","status-publish","has-post-thumbnail","hentry"],"yoast_head":"<!-- This site is optimized with the Yoast SEO plugin v27.5 - https:\/\/yoast.com\/product\/yoast-seo-wordpress\/ -->\n<title>Formaci\u00f3 Revenue Management per a hotels<\/title>\n<meta name=\"description\" content=\"Formaci\u00f3 en Revenue Management per a hotels boutique i cadenes hoteleres: per a equips o individuals. Potenciem el talent del teu equip.\" \/>\n<meta name=\"robots\" content=\"index, follow, max-snippet:-1, max-image-preview:large, max-video-preview:-1\" \/>\n<link rel=\"canonical\" href=\"https:\/\/www.thenetrevenue.com\/ca\/serveis\/formacio-revenue-management-hotels\/\" \/>\n<meta property=\"og:locale\" content=\"ca_ES\" \/>\n<meta property=\"og:type\" content=\"article\" \/>\n<meta property=\"og:title\" content=\"Formaci\u00f3 Revenue Management per a hotels\" \/>\n<meta property=\"og:description\" content=\"Formaci\u00f3 en Revenue Management per a hotels boutique i cadenes hoteleres: per a equips o individuals. Potenciem el talent del teu equip.\" \/>\n<meta property=\"og:url\" content=\"https:\/\/www.thenetrevenue.com\/ca\/serveis\/formacio-revenue-management-hotels\/\" \/>\n<meta property=\"og:site_name\" content=\"The Net Revenue\" \/>\n<meta property=\"article:publisher\" content=\"https:\/\/www.facebook.com\/thenetrevenue\" \/>\n<meta property=\"article:modified_time\" content=\"2025-11-19T15:17:26+00:00\" \/>\n<meta property=\"og:image\" content=\"https:\/\/www.thenetrevenue.com\/wp-content\/uploads\/2025\/11\/formacion-revenue-management-hoteles.jpg\" \/>\n\t<meta property=\"og:image:width\" content=\"2560\" \/>\n\t<meta property=\"og:image:height\" content=\"1707\" \/>\n\t<meta property=\"og:image:type\" content=\"image\/jpeg\" \/>\n<meta name=\"twitter:card\" content=\"summary_large_image\" \/>\n<meta name=\"twitter:site\" content=\"@thenetrevenue\" \/>\n<meta name=\"twitter:label1\" content=\"Temps estimat de lectura\" \/>\n\t<meta name=\"twitter:data1\" content=\"2 minuts\" \/>\n<script type=\"application\/ld+json\" class=\"yoast-schema-graph\">{\"@context\":\"https:\\\/\\\/schema.org\",\"@graph\":[{\"@type\":\"WebPage\",\"@id\":\"https:\\\/\\\/www.thenetrevenue.com\\\/ca\\\/serveis\\\/formacio-revenue-management-hotels\\\/\",\"url\":\"https:\\\/\\\/www.thenetrevenue.com\\\/ca\\\/serveis\\\/formacio-revenue-management-hotels\\\/\",\"name\":\"Formaci\u00f3 Revenue Management per a hotels\",\"isPartOf\":{\"@id\":\"https:\\\/\\\/www.thenetrevenue.com\\\/ca\\\/#website\"},\"primaryImageOfPage\":{\"@id\":\"https:\\\/\\\/www.thenetrevenue.com\\\/ca\\\/serveis\\\/formacio-revenue-management-hotels\\\/#primaryimage\"},\"image\":{\"@id\":\"https:\\\/\\\/www.thenetrevenue.com\\\/ca\\\/serveis\\\/formacio-revenue-management-hotels\\\/#primaryimage\"},\"thumbnailUrl\":\"https:\\\/\\\/www.thenetrevenue.com\\\/wp-content\\\/uploads\\\/2025\\\/11\\\/formacion-revenue-management-hoteles.jpg\",\"datePublished\":\"2025-08-25T13:09:38+00:00\",\"dateModified\":\"2025-11-19T15:17:26+00:00\",\"description\":\"Formaci\u00f3 en Revenue Management per a hotels boutique i cadenes hoteleres: per a equips o individuals. Potenciem el talent del teu equip.\",\"breadcrumb\":{\"@id\":\"https:\\\/\\\/www.thenetrevenue.com\\\/ca\\\/serveis\\\/formacio-revenue-management-hotels\\\/#breadcrumb\"},\"inLanguage\":\"ca\",\"potentialAction\":[{\"@type\":\"ReadAction\",\"target\":[\"https:\\\/\\\/www.thenetrevenue.com\\\/ca\\\/serveis\\\/formacio-revenue-management-hotels\\\/\"]}]},{\"@type\":\"ImageObject\",\"inLanguage\":\"ca\",\"@id\":\"https:\\\/\\\/www.thenetrevenue.com\\\/ca\\\/serveis\\\/formacio-revenue-management-hotels\\\/#primaryimage\",\"url\":\"https:\\\/\\\/www.thenetrevenue.com\\\/wp-content\\\/uploads\\\/2025\\\/11\\\/formacion-revenue-management-hoteles.jpg\",\"contentUrl\":\"https:\\\/\\\/www.thenetrevenue.com\\\/wp-content\\\/uploads\\\/2025\\\/11\\\/formacion-revenue-management-hoteles.jpg\",\"width\":2560,\"height\":1707},{\"@type\":\"BreadcrumbList\",\"@id\":\"https:\\\/\\\/www.thenetrevenue.com\\\/ca\\\/serveis\\\/formacio-revenue-management-hotels\\\/#breadcrumb\",\"itemListElement\":[{\"@type\":\"ListItem\",\"position\":1,\"name\":\"Portada\",\"item\":\"https:\\\/\\\/www.thenetrevenue.com\\\/ca\\\/\"},{\"@type\":\"ListItem\",\"position\":2,\"name\":\"Serveis\",\"item\":\"https:\\\/\\\/www.thenetrevenue.com\\\/ca\\\/serveis\\\/\"},{\"@type\":\"ListItem\",\"position\":3,\"name\":\"Formaci\u00f3n Revenue Management per a hotels\"}]},{\"@type\":\"WebSite\",\"@id\":\"https:\\\/\\\/www.thenetrevenue.com\\\/ca\\\/#website\",\"url\":\"https:\\\/\\\/www.thenetrevenue.com\\\/ca\\\/\",\"name\":\"The Net Revenue | Servicios de revenue management para hoteles\",\"description\":\"Servicios de revenue management para hoteles\",\"publisher\":{\"@id\":\"https:\\\/\\\/www.thenetrevenue.com\\\/ca\\\/#organization\"},\"potentialAction\":[{\"@type\":\"SearchAction\",\"target\":{\"@type\":\"EntryPoint\",\"urlTemplate\":\"https:\\\/\\\/www.thenetrevenue.com\\\/ca\\\/?s={search_term_string}\"},\"query-input\":{\"@type\":\"PropertyValueSpecification\",\"valueRequired\":true,\"valueName\":\"search_term_string\"}}],\"inLanguage\":\"ca\"},{\"@type\":\"Organization\",\"@id\":\"https:\\\/\\\/www.thenetrevenue.com\\\/ca\\\/#organization\",\"name\":\"The Net Revenue\",\"url\":\"https:\\\/\\\/www.thenetrevenue.com\\\/ca\\\/\",\"logo\":{\"@type\":\"ImageObject\",\"inLanguage\":\"ca\",\"@id\":\"https:\\\/\\\/www.thenetrevenue.com\\\/ca\\\/#\\\/schema\\\/logo\\\/image\\\/\",\"url\":\"https:\\\/\\\/www.thenetrevenue.com\\\/wp-content\\\/uploads\\\/2025\\\/11\\\/TNR_Logo_Black.jpg\",\"contentUrl\":\"https:\\\/\\\/www.thenetrevenue.com\\\/wp-content\\\/uploads\\\/2025\\\/11\\\/TNR_Logo_Black.jpg\",\"width\":1287,\"height\":578,\"caption\":\"The Net Revenue\"},\"image\":{\"@id\":\"https:\\\/\\\/www.thenetrevenue.com\\\/ca\\\/#\\\/schema\\\/logo\\\/image\\\/\"},\"sameAs\":[\"https:\\\/\\\/www.facebook.com\\\/thenetrevenue\",\"https:\\\/\\\/x.com\\\/thenetrevenue\",\"https:\\\/\\\/www.instagram.com\\\/thenetrevenue\",\"https:\\\/\\\/www.linkedin.com\\\/company\\\/the-net-revenue\\\/\"]}]}<\/script>\n<!-- \/ Yoast SEO plugin. -->","yoast_head_json":{"title":"Formaci\u00f3 Revenue Management per a hotels","description":"Formaci\u00f3 en Revenue Management per a hotels boutique i cadenes hoteleres: per a equips o individuals. Potenciem el talent del teu equip.","robots":{"index":"index","follow":"follow","max-snippet":"max-snippet:-1","max-image-preview":"max-image-preview:large","max-video-preview":"max-video-preview:-1"},"canonical":"https:\/\/www.thenetrevenue.com\/ca\/serveis\/formacio-revenue-management-hotels\/","og_locale":"ca_ES","og_type":"article","og_title":"Formaci\u00f3 Revenue Management per a hotels","og_description":"Formaci\u00f3 en Revenue Management per a hotels boutique i cadenes hoteleres: per a equips o individuals. Potenciem el talent del teu equip.","og_url":"https:\/\/www.thenetrevenue.com\/ca\/serveis\/formacio-revenue-management-hotels\/","og_site_name":"The Net Revenue","article_publisher":"https:\/\/www.facebook.com\/thenetrevenue","article_modified_time":"2025-11-19T15:17:26+00:00","og_image":[{"width":2560,"height":1707,"url":"https:\/\/www.thenetrevenue.com\/wp-content\/uploads\/2025\/11\/formacion-revenue-management-hoteles.jpg","type":"image\/jpeg"}],"twitter_card":"summary_large_image","twitter_site":"@thenetrevenue","twitter_misc":{"Temps estimat de lectura":"2 minuts"},"schema":{"@context":"https:\/\/schema.org","@graph":[{"@type":"WebPage","@id":"https:\/\/www.thenetrevenue.com\/ca\/serveis\/formacio-revenue-management-hotels\/","url":"https:\/\/www.thenetrevenue.com\/ca\/serveis\/formacio-revenue-management-hotels\/","name":"Formaci\u00f3 Revenue Management per a hotels","isPartOf":{"@id":"https:\/\/www.thenetrevenue.com\/ca\/#website"},"primaryImageOfPage":{"@id":"https:\/\/www.thenetrevenue.com\/ca\/serveis\/formacio-revenue-management-hotels\/#primaryimage"},"image":{"@id":"https:\/\/www.thenetrevenue.com\/ca\/serveis\/formacio-revenue-management-hotels\/#primaryimage"},"thumbnailUrl":"https:\/\/www.thenetrevenue.com\/wp-content\/uploads\/2025\/11\/formacion-revenue-management-hoteles.jpg","datePublished":"2025-08-25T13:09:38+00:00","dateModified":"2025-11-19T15:17:26+00:00","description":"Formaci\u00f3 en Revenue Management per a hotels boutique i cadenes hoteleres: per a equips o individuals. Potenciem el talent del teu equip.","breadcrumb":{"@id":"https:\/\/www.thenetrevenue.com\/ca\/serveis\/formacio-revenue-management-hotels\/#breadcrumb"},"inLanguage":"ca","potentialAction":[{"@type":"ReadAction","target":["https:\/\/www.thenetrevenue.com\/ca\/serveis\/formacio-revenue-management-hotels\/"]}]},{"@type":"ImageObject","inLanguage":"ca","@id":"https:\/\/www.thenetrevenue.com\/ca\/serveis\/formacio-revenue-management-hotels\/#primaryimage","url":"https:\/\/www.thenetrevenue.com\/wp-content\/uploads\/2025\/11\/formacion-revenue-management-hoteles.jpg","contentUrl":"https:\/\/www.thenetrevenue.com\/wp-content\/uploads\/2025\/11\/formacion-revenue-management-hoteles.jpg","width":2560,"height":1707},{"@type":"BreadcrumbList","@id":"https:\/\/www.thenetrevenue.com\/ca\/serveis\/formacio-revenue-management-hotels\/#breadcrumb","itemListElement":[{"@type":"ListItem","position":1,"name":"Portada","item":"https:\/\/www.thenetrevenue.com\/ca\/"},{"@type":"ListItem","position":2,"name":"Serveis","item":"https:\/\/www.thenetrevenue.com\/ca\/serveis\/"},{"@type":"ListItem","position":3,"name":"Formaci\u00f3n Revenue Management per a hotels"}]},{"@type":"WebSite","@id":"https:\/\/www.thenetrevenue.com\/ca\/#website","url":"https:\/\/www.thenetrevenue.com\/ca\/","name":"The Net Revenue | Servicios de revenue management para hoteles","description":"Servicios de revenue management para hoteles","publisher":{"@id":"https:\/\/www.thenetrevenue.com\/ca\/#organization"},"potentialAction":[{"@type":"SearchAction","target":{"@type":"EntryPoint","urlTemplate":"https:\/\/www.thenetrevenue.com\/ca\/?s={search_term_string}"},"query-input":{"@type":"PropertyValueSpecification","valueRequired":true,"valueName":"search_term_string"}}],"inLanguage":"ca"},{"@type":"Organization","@id":"https:\/\/www.thenetrevenue.com\/ca\/#organization","name":"The Net Revenue","url":"https:\/\/www.thenetrevenue.com\/ca\/","logo":{"@type":"ImageObject","inLanguage":"ca","@id":"https:\/\/www.thenetrevenue.com\/ca\/#\/schema\/logo\/image\/","url":"https:\/\/www.thenetrevenue.com\/wp-content\/uploads\/2025\/11\/TNR_Logo_Black.jpg","contentUrl":"https:\/\/www.thenetrevenue.com\/wp-content\/uploads\/2025\/11\/TNR_Logo_Black.jpg","width":1287,"height":578,"caption":"The Net Revenue"},"image":{"@id":"https:\/\/www.thenetrevenue.com\/ca\/#\/schema\/logo\/image\/"},"sameAs":["https:\/\/www.facebook.com\/thenetrevenue","https:\/\/x.com\/thenetrevenue","https:\/\/www.instagram.com\/thenetrevenue","https:\/\/www.linkedin.com\/company\/the-net-revenue\/"]}]}},"meta_box":[],"_links":{"self":[{"href":"https:\/\/www.thenetrevenue.com\/ca\/wp-json\/wp\/v2\/pages\/4144","targetHints":{"allow":["GET"]}}],"collection":[{"href":"https:\/\/www.thenetrevenue.com\/ca\/wp-json\/wp\/v2\/pages"}],"about":[{"href":"https:\/\/www.thenetrevenue.com\/ca\/wp-json\/wp\/v2\/types\/page"}],"author":[{"embeddable":true,"href":"https:\/\/www.thenetrevenue.com\/ca\/wp-json\/wp\/v2\/users\/1"}],"replies":[{"embeddable":true,"href":"https:\/\/www.thenetrevenue.com\/ca\/wp-json\/wp\/v2\/comments?post=4144"}],"version-history":[{"count":0,"href":"https:\/\/www.thenetrevenue.com\/ca\/wp-json\/wp\/v2\/pages\/4144\/revisions"}],"up":[{"embeddable":true,"href":"https:\/\/www.thenetrevenue.com\/ca\/wp-json\/wp\/v2\/pages\/3726"}],"wp:featuredmedia":[{"embeddable":true,"href":"https:\/\/www.thenetrevenue.com\/ca\/wp-json\/wp\/v2\/media\/5360"}],"wp:attachment":[{"href":"https:\/\/www.thenetrevenue.com\/ca\/wp-json\/wp\/v2\/media?parent=4144"}],"curies":[{"name":"wp","href":"https:\/\/api.w.org\/{rel}","templated":true}]}}