{"id":3735,"date":"2025-08-19T16:44:13","date_gmt":"2025-08-19T14:44:13","guid":{"rendered":"https:\/\/staging.thenetrevenue.com\/thenetrevenue\/politica-cookies\/"},"modified":"2025-10-02T08:11:41","modified_gmt":"2025-10-02T06:11:41","slug":"politica-cookies","status":"publish","type":"page","link":"https:\/\/www.thenetrevenue.com\/ca\/politica-cookies\/","title":{"rendered":"Pol\u00edtica de cookies"},"content":{"rendered":"<p class=\"text\">El responsable del lloc web <a href=\"https:\/\/www.thenetrevenue.com\/\">https:\/\/www.thenetrevenue.com<\/a> (el &#8220;Lloc Web&#8221;) \u00e9s THE NET REVENUE, SL. que pot utilitzar una tecnologia denominada &#8220;cookies&#8221; amb la finalitat de poder recaptar informaci\u00f3 sobre l&#8217;\u00fas del Lloc Web. Us informem que podr\u00edem utilitzar cookies amb la finalitat de facilitar la vostra navegaci\u00f3 a trav\u00e9s del Lloc Web, distingir-vos d&#8217;altres usuaris, proporcionar-vos una millor experi\u00e8ncia en l&#8217;\u00fas d&#8217;aquest, i identificar problemes per millorar el nostre Lloc Web. Aix\u00ed mateix, en cas que prest\u00e9ssiu el vostre consentiment, podr\u00edem utilitzar cookies que ens permetessin obtenir m\u00e9s informaci\u00f3 sobre les vostres prefer\u00e8ncies i personalitzar el nostre Lloc Web de conformitat amb els vostres interessos individuals.<\/p>\n<p class=\"text\">La present pol\u00edtica de cookies t\u00e9 per finalitat informar-te de manera clara i precisa sobre les cookies que s&#8217;utilitzen al nostre Lloc Web en cada moment. En cas que vulguis recaptar m\u00e9s informaci\u00f3 sobre les cookies que utilitzem al Lloc Web, pots enviar un correu electr\u00f2nic a la seg\u00fcent adre\u00e7a:<a href=\"mailto:gdpr@yurbban.com%20\">gdpr@yurbban.com <\/a><\/p>\n<p>&nbsp;<\/p>\n<h2 class=\"title\"><strong>Cookies<\/strong><\/h2>\n<p class=\"text\">Una cookie \u00e9s un fitxer que es descarrega al teu equip (ordinador o dispositiu m\u00f2bil) amb la finalitat d&#8217;emmagatzemar dades que podran ser actualitzades i recuperades per l&#8217;entitat responsable de la seva instal\u00b7laci\u00f3. La informaci\u00f3 recaptada a trav\u00e9s de les cookies pot incloure la data i hora de visites al Lloc Web, les p\u00e0gines visionades, el temps que has estat al nostre lloc Web i els llocs visitats just abans i despr\u00e9s d&#8217;aquest.<\/p>\n<p>&nbsp;<\/p>\n<h2 class=\"title\"><strong>Tipus de cookies que es poden usar al nostre lloc web<\/strong><\/h2>\n<h3 class=\"title\"><strong>Cookies t\u00e8cniques<\/strong><\/h3>\n<p class=\"text\">S\u00f3n aquelles cookies que s\u00f3n enviades al teu ordinador i gestionades exclusivament per nosaltres per al millor funcionament del Web. La informaci\u00f3 que recaptem s&#8217;empra per millorar la qualitat del nostre servei i la teva experi\u00e8ncia com a usuari.<\/p>\n<p>&nbsp;<\/p>\n<h3 class=\"title\"><strong>Cookies de sessi\u00f3<\/strong><\/h3>\n<p class=\"text\">S\u00f3n aquelles cookies que es descarreguen quan utilitzes el nostre web per\u00f2 que un cop finalitza la teva sessi\u00f3 s&#8217;esborren, per la qual cosa no quedaran emmagatzemades al teu ordinador un cop deixis de navegar pel nostre web.<\/p>\n<p>&nbsp;<\/p>\n<h3 class=\"title\"><strong>Cookies persistents<\/strong><\/h3>\n<p class=\"text\">Aquestes cookies romanen al teu navegador m\u00e9s temps, permetent-nos recon\u00e8ixer-te com a visitant recurrent del Lloc Web i adaptar el contingut per oferir-te continguts que s&#8217;ajustin a les teves prefer\u00e8ncies.<\/p>\n<p>&nbsp;<\/p>\n<h3 class=\"title\"><strong>Cookies funcionals<\/strong><\/h3>\n<p class=\"text\">Aquestes cookies permeten la navegaci\u00f3 de l&#8217;usuari a trav\u00e9s del Web i la utilitzaci\u00f3 de les diferents opcions o serveis que hi existeixin, com ara controlar el tr\u00e0nsit i la comunicaci\u00f3 de dades, identificar la sessi\u00f3, comptar visites, utilitzar elements de seguretat durant la navegaci\u00f3.<\/p>\n<p>&nbsp;<\/p>\n<h3 class=\"title\"><strong>Cookies de prefer\u00e8ncies o personalitzaci\u00f3<\/strong><\/h3>\n<p class=\"text\">Aquestes cookies permeten recordar informaci\u00f3 perqu\u00e8 l&#8217;usuari accedeixi al servei amb determinades caracter\u00edstiques que poden diferenciar la seva experi\u00e8ncia de la d&#8217;altres usuaris, com ara l&#8217;idioma, l&#8217;aspecte o contingut del servei en funci\u00f3 del tipus de navegador a trav\u00e9s del qual l&#8217;usuari accedeix al servei o de la regi\u00f3 des de la qual s&#8217;accedeix.<\/p>\n<p>&nbsp;<\/p>\n<h3 class=\"title\"><strong>Cookies anal\u00edtiques o de mesurament<\/strong><\/h3>\n<p class=\"text\">S\u00f3n aquelles que, tractades per nosaltres o per tercers, ens permeten quantificar el nombre d&#8217;usuaris i aix\u00ed realitzar el mesurament i an\u00e0lisi estad\u00edstica de la utilitzaci\u00f3 que fan els usuaris dels serveis oferts. Per a aix\u00f2 s&#8217;analitza la teva navegaci\u00f3 al nostre Web amb la finalitat de millorar l&#8217;oferta dels nostres productes o serveis que t&#8217;oferim.<\/p>\n<p>&nbsp;<\/p>\n<h3 class=\"title\"><strong>Cookies de m\u00e0rqueting o altres<\/strong><\/h3>\n<p class=\"text\">S\u00f3n aquelles que, tractades per nosaltres o per tercers, ens permeten analitzar els teus h\u00e0bits de navegaci\u00f3 a Internet perqu\u00e8 puguem mostrar-te publicitat relacionada amb el teu perfil de navegaci\u00f3.<\/p>\n<p class=\"text\">En concret, actualment utilitzem les seg\u00fcents cookies:<\/p>\n<p><a href=\"https:\/\/www.thenetrevenue.com\/\">https:\/\/www.thenetrevenue.com<\/a><\/p>\n<p>&nbsp;<\/p>\n<h2 class=\"title\"><strong>Cookies de tercers<\/strong><\/h2>\n<p class=\"text\">Actualment, el nostre web no descarrega cookies de tercers.<\/p>\n<p>&nbsp;<\/p>\n<h2 class=\"title\"><strong>Consentiment<\/strong><\/h2>\n<p class=\"text\">Quan entris per primera vegada al nostre web t&#8217;apareixer\u00e0 un b\u00e0ner perqu\u00e8 puguis accedir i con\u00e8ixer les cookies que utilitza el nostre web i, si escau, consentir-ne l&#8217;\u00fas. En cas de no acceptar les cookies, \u00fanicament seran instal\u00b7lades al teu equip les cookies Funcionals que s\u00f3n les estrictament necess\u00e0ries per al funcionament del Lloc Web o de les aplicacions o serveis que utilitzis.<\/p>\n<p>&nbsp;<\/p>\n<h2 class=\"title\"><strong>Deshabilitar i bloquejar cookies o retirar el meu consentiment<\/strong><\/h2>\n<p>En qualsevol cas, t&#8217;informem que, at\u00e8s que les cookies no s\u00f3n imprescindibles per a l&#8217;\u00fas del nostre Lloc Web, pots bloquejar-les o deshabilitar-les activant la configuraci\u00f3 del teu navegador que et permet rebutjar la instal\u00b7laci\u00f3 de totes les cookies o d&#8217;algunes d&#8217;elles. La pr\u00e0ctica majoria dels navegadors permeten advertir de la pres\u00e8ncia de cookies o rebutjar-les autom\u00e0ticament. Si les rebutges podr\u00e0s continuar utilitzant el nostre Lloc Web, encara que l&#8217;\u00fas d&#8217;alguns dels seus serveis podr\u00e0 ser limitat i, per tant, la teva experi\u00e8ncia al nostre Lloc Web menys satisfact\u00f2ria. Per a m\u00e9s informaci\u00f3 sobre l&#8217;eliminaci\u00f3, deshabilitaci\u00f3 o bloqueig de les cookies, si us plau visita:<\/p>\n<p><a href=\"http:\/\/www.aboutcookies.org\/Default.aspx?page=2\">http:\/\/www.aboutcookies.org\/Default.aspx?page=2<\/a><\/p>\n<p>&nbsp;<\/p>\n<p>Igualment, pots trobar informaci\u00f3 sobre com fer-ho als seg\u00fcents enlla\u00e7os depenent del navegador que utilitzis:<\/p>\n<p><a href=\"https:\/\/support.mozilla.org\/es\/kb\/habilitar-y-deshabilitar-cookies-sitios-web-rastrear-preferencias\">https:\/\/support.mozilla.org\/es\/kb\/habilitar-y-deshabilitar-cookies-sitios-web-rastrear-preferencias<\/a><\/p>\n<p><a href=\"http:\/\/support.google.com\/chrome\/bin\/answer.py?hl=es&amp;amp;answer=95647\">http:\/\/support.google.com\/chrome\/bin\/answer.py?hl=es&amp;answer=95647<\/a><\/p>\n<p><a href=\"http:\/\/windows.microsoft.com\/es-es\/windows7\/how-to-manage-cookies-in-internet-explorer-9\">http:\/\/windows.microsoft.com\/es-es\/windows7\/how-to-manage-cookies-in-internet-explorer-9<\/a><\/p>\n<p><a href=\"http:\/\/support.apple.com\/kb\/ph5042\">http:\/\/support.apple.com\/kb\/ph5042<\/a><\/p>\n<p><a href=\"http:\/\/help.opera.com\/Windows\/11.50\/es-ES\/cookies.html\">http:\/\/help.opera.com\/Windows\/11.50\/es-ES\/cookies.html<\/a><\/p>\n<p class=\"text\">Si ho desitges pots veure els v\u00eddeos desenvolupats per l&#8217;Ag\u00e8ncia Espanyola de Protecci\u00f3 de Dades amb la finalitat d&#8217;explicar com configurar les opcions de privadesa des de diferents plataformes i equips. <a href=\"https:\/\/www.aepd.es\/\">https:\/\/www.aepd.es\/<\/a><\/p>\n<p>&nbsp;<\/p>\n<h2 class=\"title\"><strong>Canvis en la pol\u00edtica de cookies<\/strong><\/h2>\n<p>\u00c9s possible que actualitzem la Pol\u00edtica de Cookies del nostre Lloc Web, per aix\u00f2 et recomanem revisar aquesta pol\u00edtica cada vegada que accedeixis al nostre Lloc Web amb l&#8217;objectiu d&#8217;estar adequadament informat sobre com i per a qu\u00e8 fem servir les cookies.<\/p>\n<p class=\"text\">La Pol\u00edtica de Cookies es va actualitzar per \u00faltima vegada al <u>novembre de 2024<\/u><\/p>\n","protected":false},"excerpt":{"rendered":"<p>El responsable del lloc web https:\/\/www.thenetrevenue.com (el &#8220;Lloc Web&#8221;) \u00e9s THE NET REVENUE, SL. que pot utilitzar una tecnologia denominada &#8220;cookies&#8221; amb la finalitat de poder recaptar informaci\u00f3 sobre l&#8217;\u00fas del Lloc Web. Us informem que podr\u00edem utilitzar cookies amb la finalitat de facilitar&#8230;<\/p>\n","protected":false},"author":1,"featured_media":0,"parent":0,"menu_order":0,"comment_status":"closed","ping_status":"open","template":"","meta":{"footnotes":""},"class_list":["post-3735","page","type-page","status-publish","hentry"],"yoast_head":"<!-- This site is optimized with the Yoast SEO plugin v27.5 - https:\/\/yoast.com\/product\/yoast-seo-wordpress\/ -->\n<title>Pol\u00edtica de cookies | The Net Revenue<\/title>\n<meta name=\"description\" content=\"Serveis de revenue management per a hotels. Optimitzem ingressos i rendibilitat amb el millor servei d&#039;atenci\u00f3 i tecnologia bigdata.\" \/>\n<meta name=\"robots\" content=\"index, follow, max-snippet:-1, max-image-preview:large, max-video-preview:-1\" \/>\n<link rel=\"canonical\" href=\"https:\/\/www.thenetrevenue.com\/ca\/politica-cookies\/\" \/>\n<meta property=\"og:locale\" content=\"ca_ES\" \/>\n<meta property=\"og:type\" content=\"article\" \/>\n<meta property=\"og:title\" content=\"Pol\u00edtica de cookies | The Net Revenue\" \/>\n<meta property=\"og:description\" content=\"Serveis de revenue management per a hotels. Optimitzem ingressos i rendibilitat amb el millor servei d&#039;atenci\u00f3 i tecnologia bigdata.\" \/>\n<meta property=\"og:url\" content=\"https:\/\/www.thenetrevenue.com\/ca\/politica-cookies\/\" \/>\n<meta property=\"og:site_name\" content=\"The Net Revenue\" \/>\n<meta property=\"article:publisher\" content=\"https:\/\/www.facebook.com\/thenetrevenue\" \/>\n<meta property=\"article:modified_time\" content=\"2025-10-02T06:11:41+00:00\" \/>\n<meta property=\"og:image\" content=\"https:\/\/www.thenetrevenue.com\/wp-content\/uploads\/2025\/11\/TNR_Logo_Black.jpg\" \/>\n\t<meta property=\"og:image:width\" content=\"1287\" \/>\n\t<meta property=\"og:image:height\" content=\"578\" \/>\n\t<meta property=\"og:image:type\" content=\"image\/jpeg\" \/>\n<meta name=\"twitter:card\" content=\"summary_large_image\" \/>\n<meta name=\"twitter:site\" content=\"@thenetrevenue\" \/>\n<meta name=\"twitter:label1\" content=\"Temps estimat de lectura\" \/>\n\t<meta name=\"twitter:data1\" content=\"4 minuts\" \/>\n<script type=\"application\/ld+json\" class=\"yoast-schema-graph\">{\"@context\":\"https:\\\/\\\/schema.org\",\"@graph\":[{\"@type\":\"WebPage\",\"@id\":\"https:\\\/\\\/www.thenetrevenue.com\\\/ca\\\/politica-cookies\\\/\",\"url\":\"https:\\\/\\\/www.thenetrevenue.com\\\/ca\\\/politica-cookies\\\/\",\"name\":\"Pol\u00edtica de cookies | The Net Revenue\",\"isPartOf\":{\"@id\":\"https:\\\/\\\/www.thenetrevenue.com\\\/ca\\\/#website\"},\"datePublished\":\"2025-08-19T14:44:13+00:00\",\"dateModified\":\"2025-10-02T06:11:41+00:00\",\"description\":\"Serveis de revenue management per a hotels. Optimitzem ingressos i rendibilitat amb el millor servei d'atenci\u00f3 i tecnologia bigdata.\",\"breadcrumb\":{\"@id\":\"https:\\\/\\\/www.thenetrevenue.com\\\/ca\\\/politica-cookies\\\/#breadcrumb\"},\"inLanguage\":\"ca\",\"potentialAction\":[{\"@type\":\"ReadAction\",\"target\":[\"https:\\\/\\\/www.thenetrevenue.com\\\/ca\\\/politica-cookies\\\/\"]}]},{\"@type\":\"BreadcrumbList\",\"@id\":\"https:\\\/\\\/www.thenetrevenue.com\\\/ca\\\/politica-cookies\\\/#breadcrumb\",\"itemListElement\":[{\"@type\":\"ListItem\",\"position\":1,\"name\":\"Portada\",\"item\":\"https:\\\/\\\/www.thenetrevenue.com\\\/ca\\\/\"},{\"@type\":\"ListItem\",\"position\":2,\"name\":\"Pol\u00edtica de cookies\"}]},{\"@type\":\"WebSite\",\"@id\":\"https:\\\/\\\/www.thenetrevenue.com\\\/ca\\\/#website\",\"url\":\"https:\\\/\\\/www.thenetrevenue.com\\\/ca\\\/\",\"name\":\"The Net Revenue | Servicios de revenue management para hoteles\",\"description\":\"Servicios de revenue management para hoteles\",\"publisher\":{\"@id\":\"https:\\\/\\\/www.thenetrevenue.com\\\/ca\\\/#organization\"},\"potentialAction\":[{\"@type\":\"SearchAction\",\"target\":{\"@type\":\"EntryPoint\",\"urlTemplate\":\"https:\\\/\\\/www.thenetrevenue.com\\\/ca\\\/?s={search_term_string}\"},\"query-input\":{\"@type\":\"PropertyValueSpecification\",\"valueRequired\":true,\"valueName\":\"search_term_string\"}}],\"inLanguage\":\"ca\"},{\"@type\":\"Organization\",\"@id\":\"https:\\\/\\\/www.thenetrevenue.com\\\/ca\\\/#organization\",\"name\":\"The Net Revenue\",\"url\":\"https:\\\/\\\/www.thenetrevenue.com\\\/ca\\\/\",\"logo\":{\"@type\":\"ImageObject\",\"inLanguage\":\"ca\",\"@id\":\"https:\\\/\\\/www.thenetrevenue.com\\\/ca\\\/#\\\/schema\\\/logo\\\/image\\\/\",\"url\":\"https:\\\/\\\/www.thenetrevenue.com\\\/wp-content\\\/uploads\\\/2025\\\/11\\\/TNR_Logo_Black.jpg\",\"contentUrl\":\"https:\\\/\\\/www.thenetrevenue.com\\\/wp-content\\\/uploads\\\/2025\\\/11\\\/TNR_Logo_Black.jpg\",\"width\":1287,\"height\":578,\"caption\":\"The Net Revenue\"},\"image\":{\"@id\":\"https:\\\/\\\/www.thenetrevenue.com\\\/ca\\\/#\\\/schema\\\/logo\\\/image\\\/\"},\"sameAs\":[\"https:\\\/\\\/www.facebook.com\\\/thenetrevenue\",\"https:\\\/\\\/x.com\\\/thenetrevenue\",\"https:\\\/\\\/www.instagram.com\\\/thenetrevenue\",\"https:\\\/\\\/www.linkedin.com\\\/company\\\/the-net-revenue\\\/\"]}]}<\/script>\n<!-- \/ Yoast SEO plugin. -->","yoast_head_json":{"title":"Pol\u00edtica de cookies | The Net Revenue","description":"Serveis de revenue management per a hotels. Optimitzem ingressos i rendibilitat amb el millor servei d'atenci\u00f3 i tecnologia bigdata.","robots":{"index":"index","follow":"follow","max-snippet":"max-snippet:-1","max-image-preview":"max-image-preview:large","max-video-preview":"max-video-preview:-1"},"canonical":"https:\/\/www.thenetrevenue.com\/ca\/politica-cookies\/","og_locale":"ca_ES","og_type":"article","og_title":"Pol\u00edtica de cookies | The Net Revenue","og_description":"Serveis de revenue management per a hotels. Optimitzem ingressos i rendibilitat amb el millor servei d'atenci\u00f3 i tecnologia bigdata.","og_url":"https:\/\/www.thenetrevenue.com\/ca\/politica-cookies\/","og_site_name":"The Net Revenue","article_publisher":"https:\/\/www.facebook.com\/thenetrevenue","article_modified_time":"2025-10-02T06:11:41+00:00","og_image":[{"width":1287,"height":578,"url":"https:\/\/www.thenetrevenue.com\/wp-content\/uploads\/2025\/11\/TNR_Logo_Black.jpg","type":"image\/jpeg"}],"twitter_card":"summary_large_image","twitter_site":"@thenetrevenue","twitter_misc":{"Temps estimat de lectura":"4 minuts"},"schema":{"@context":"https:\/\/schema.org","@graph":[{"@type":"WebPage","@id":"https:\/\/www.thenetrevenue.com\/ca\/politica-cookies\/","url":"https:\/\/www.thenetrevenue.com\/ca\/politica-cookies\/","name":"Pol\u00edtica de cookies | The Net Revenue","isPartOf":{"@id":"https:\/\/www.thenetrevenue.com\/ca\/#website"},"datePublished":"2025-08-19T14:44:13+00:00","dateModified":"2025-10-02T06:11:41+00:00","description":"Serveis de revenue management per a hotels. Optimitzem ingressos i rendibilitat amb el millor servei d'atenci\u00f3 i tecnologia bigdata.","breadcrumb":{"@id":"https:\/\/www.thenetrevenue.com\/ca\/politica-cookies\/#breadcrumb"},"inLanguage":"ca","potentialAction":[{"@type":"ReadAction","target":["https:\/\/www.thenetrevenue.com\/ca\/politica-cookies\/"]}]},{"@type":"BreadcrumbList","@id":"https:\/\/www.thenetrevenue.com\/ca\/politica-cookies\/#breadcrumb","itemListElement":[{"@type":"ListItem","position":1,"name":"Portada","item":"https:\/\/www.thenetrevenue.com\/ca\/"},{"@type":"ListItem","position":2,"name":"Pol\u00edtica de cookies"}]},{"@type":"WebSite","@id":"https:\/\/www.thenetrevenue.com\/ca\/#website","url":"https:\/\/www.thenetrevenue.com\/ca\/","name":"The Net Revenue | Servicios de revenue management para hoteles","description":"Servicios de revenue management para hoteles","publisher":{"@id":"https:\/\/www.thenetrevenue.com\/ca\/#organization"},"potentialAction":[{"@type":"SearchAction","target":{"@type":"EntryPoint","urlTemplate":"https:\/\/www.thenetrevenue.com\/ca\/?s={search_term_string}"},"query-input":{"@type":"PropertyValueSpecification","valueRequired":true,"valueName":"search_term_string"}}],"inLanguage":"ca"},{"@type":"Organization","@id":"https:\/\/www.thenetrevenue.com\/ca\/#organization","name":"The Net Revenue","url":"https:\/\/www.thenetrevenue.com\/ca\/","logo":{"@type":"ImageObject","inLanguage":"ca","@id":"https:\/\/www.thenetrevenue.com\/ca\/#\/schema\/logo\/image\/","url":"https:\/\/www.thenetrevenue.com\/wp-content\/uploads\/2025\/11\/TNR_Logo_Black.jpg","contentUrl":"https:\/\/www.thenetrevenue.com\/wp-content\/uploads\/2025\/11\/TNR_Logo_Black.jpg","width":1287,"height":578,"caption":"The Net Revenue"},"image":{"@id":"https:\/\/www.thenetrevenue.com\/ca\/#\/schema\/logo\/image\/"},"sameAs":["https:\/\/www.facebook.com\/thenetrevenue","https:\/\/x.com\/thenetrevenue","https:\/\/www.instagram.com\/thenetrevenue","https:\/\/www.linkedin.com\/company\/the-net-revenue\/"]}]}},"meta_box":[],"_links":{"self":[{"href":"https:\/\/www.thenetrevenue.com\/ca\/wp-json\/wp\/v2\/pages\/3735","targetHints":{"allow":["GET"]}}],"collection":[{"href":"https:\/\/www.thenetrevenue.com\/ca\/wp-json\/wp\/v2\/pages"}],"about":[{"href":"https:\/\/www.thenetrevenue.com\/ca\/wp-json\/wp\/v2\/types\/page"}],"author":[{"embeddable":true,"href":"https:\/\/www.thenetrevenue.com\/ca\/wp-json\/wp\/v2\/users\/1"}],"replies":[{"embeddable":true,"href":"https:\/\/www.thenetrevenue.com\/ca\/wp-json\/wp\/v2\/comments?post=3735"}],"version-history":[{"count":0,"href":"https:\/\/www.thenetrevenue.com\/ca\/wp-json\/wp\/v2\/pages\/3735\/revisions"}],"wp:attachment":[{"href":"https:\/\/www.thenetrevenue.com\/ca\/wp-json\/wp\/v2\/media?parent=3735"}],"curies":[{"name":"wp","href":"https:\/\/api.w.org\/{rel}","templated":true}]}}