{"id":3553,"date":"2025-08-19T16:51:02","date_gmt":"2025-08-19T14:51:02","guid":{"rendered":"https:\/\/staging.thenetrevenue.com\/thenetrevenue\/condiciones-uso-web\/"},"modified":"2025-10-03T13:28:26","modified_gmt":"2025-10-03T11:28:26","slug":"condicions-us-web","status":"publish","type":"page","link":"https:\/\/www.thenetrevenue.com\/ca\/condicions-us-web\/","title":{"rendered":"Condicions d&#8217;\u00fas"},"content":{"rendered":"<h2><strong>1. Abast<\/strong><\/h2>\n<section class=\"mt mb bg-grey basic-page\">\n<div class=\"container\">\n<div class=\"row\">\n<div class=\"col-12\">\n<p class=\"text\">Aquestes Condicions d&#8217;\u00das del Web estableixen les condicions generals que regulen tant l&#8217;acc\u00e9s, com la navegaci\u00f3, aix\u00ed com l&#8217;\u00fas dels continguts del present web.<\/p>\n<p class=\"text\">La informaci\u00f3 continguda en aquesta p\u00e0gina web fa refer\u00e8ncia als serveis oferts per The Net Revenue, SL (d&#8217;ara endavant The Net Revenue). Aquesta informaci\u00f3 nom\u00e9s \u00e9s a efectes enunciatius i en cap cas constitueix una oferta vinculant que obligui l&#8217;usuari a contractar els serveis promocionats. The Net Revenue es reserva el dret de modificar la informaci\u00f3 aqu\u00ed continguda quan ho estimi convenient i sense av\u00eds previ, no sent responsable de l&#8217;exactitud, insufici\u00e8ncia o autenticitat de la informaci\u00f3 subministrada.<\/p>\n<p class=\"text\">Alhora, es reserva el dret de modificar el contingut del present document d&#8217;\u00fas del web. Per tant, l&#8217;Usuari ha de llegir atentament aquest document en cadascuna de les ocasions en qu\u00e8 es proposi utilitzar el lloc web, ja que aquest i les seves condicions d&#8217;\u00fas recollides en el present \u00das del web poden patir modificacions<\/p>\n<p class=\"text\">La prestaci\u00f3 del servei d&#8217;aquest lloc web t\u00e9 una durada limitada al moment en qu\u00e8 l&#8217;Usuari es trobi connectat al lloc web o a algun dels serveis que a trav\u00e9s d&#8217;aquest es faciliten.<\/p>\n<h2 class=\"title\"><strong>2. Condicions d&#8217;\u00fas del web<\/strong><\/h2>\n<p class=\"text\">Amb el simple acc\u00e9s, la navegaci\u00f3 o la utilitzaci\u00f3 de la p\u00e0gina web, s&#8217;adquireix la condici\u00f3 d&#8217;usuari. L&#8217;usuari accepta de forma plena i sense cap tipus de reserva les condicions contingudes en l&#8217;Av\u00eds Legal del web.<\/p>\n<p class=\"text\">L&#8217;usuari es compromet a utilitzar el lloc web juntament amb els seus serveis i continguts, de forma l\u00edcita, d&#8217;acord amb la legislaci\u00f3 vigent, els usos generalment acceptats, la bona fe i l&#8217;ordre p\u00fablic.<\/p>\n<p class=\"text\">L&#8217;usuari es compromet a no realitzar accions que puguin causar danys a la p\u00e0gina web, inutilitzant-la, sobrecarregant-la o deteriorant-la de qualsevol manera, o impedint als altres usuaris el lliure acc\u00e9s, \u00fas o gaudi de la p\u00e0gina web.<\/p>\n<h3 class=\"title\">Menors<\/h3>\n<p class=\"text\">La contractaci\u00f3 dels serveis que ofereix THE NET REVENUE est\u00e0 dirigida a persones majors de 18 anys. En usar aquest lloc web i realitzar una reserva, l&#8217;usuari declara i garanteix que \u00e9s major d&#8217;edat al seu pa\u00eds de resid\u00e8ncia per formar un contracte vinculant amb nosaltres i complir amb tots els requisits establerts. Si no compleix amb tots aquests requisits, no ha de realitzar cap reserva dels nostres serveis.<\/p>\n<p class=\"text\">Per a l&#8217;\u00fas dels serveis web, els menors d&#8217;edat han d&#8217;obtenir sempre i amb car\u00e0cter previ el consentiment dels pares, tutors o representants legals, responsables \u00faltims de tots els actes realitzats pels menors al seu c\u00e0rrec. La responsabilitat en la determinaci\u00f3 de continguts concrets als quals accedeixen els menors correspon a aquests, \u00e9s per aix\u00f2 que, si accedeixen a continguts no apropiats a Internet, s&#8217;hauran d&#8217;establir als seus ordinadors mecanismes, en particular programes inform\u00e0tics, filtres i bloquejos, que permetin limitar els continguts disponibles i, encara que no siguin infal\u00b7libles, s\u00f3n d&#8217;especial utilitat per controlar i restringir els materials als quals poden accedir els menors.<\/p>\n<h2 class=\"title\"><strong>3. Propietat intel\u00b7lectual i \u00fas de continguts<\/strong><\/h2>\n<p class=\"text\">The Net Revenue \u00e9s titular dels drets de propietat intel\u00b7lectual i industrial d&#8217;aquesta p\u00e0gina web i de tots els seus continguts (a t\u00edtol merament enunciatiu: marca i logo de The Net Revenue, textos, fotografies i altres continguts audiovisuals, programari, disseny gr\u00e0fic, etc.) o compta amb la corresponent llic\u00e8ncia o autoritzaci\u00f3 per al seu \u00fas. L&#8217;acc\u00e9s a la navegaci\u00f3 per i l&#8217;\u00fas d&#8217;aquest lloc web per part de l&#8217;usuari no impliquen en cap cas ren\u00fancia, transmissi\u00f3, llic\u00e8ncia ni cessi\u00f3 total o parcial d&#8217;aquells.<\/p>\n<p class=\"text\">Queda expressament prohibit reproduir, modificar, reutilitzar, explotar, comunicar p\u00fablicament, carregar arxius, enviar per correu, transmetre, usar, tractar o distribuir de qualsevol forma la totalitat o part dels continguts inclosos en aquesta p\u00e0gina web, inclosa qualsevol reproducci\u00f3 total o parcial del cat\u00e0leg de serveis comercialitzats per a prop\u00f2sits p\u00fablics o comercials, si no es compta amb l&#8217;autoritzaci\u00f3 expressa i per escrit de The Net Revenue.<\/p>\n<h2 class=\"title\"><strong>4. Enlla\u00e7os<\/strong><\/h2>\n<h3 class=\"title\">4.1. Enlla\u00e7os a altres p\u00e0gines web externes<\/h3>\n<p class=\"text\">The Net Revenue rebutja tota responsabilitat sobre tota informaci\u00f3 present a la World Wide Web no elaborada per The Net Revenue o no publicada sota el seu nom. La p\u00e0gina web pot contenir enlla\u00e7os d&#8217;hipertext cap a altres p\u00e0gines de la World Wide Web que s\u00f3n completament independents d&#8217;aquesta p\u00e0gina web. The Net Revenue no respondr\u00e0 o garantir\u00e0, en cap manera, l&#8217;exactitud, insufici\u00e8ncia o autenticitat de la informaci\u00f3 subministrada per qualsevol persona o entitat, f\u00edsica o jur\u00eddica, amb o sense personalitat jur\u00eddica pr\u00f2pia, a trav\u00e9s d&#8217;aquests enlla\u00e7os d&#8217;hipertext.<\/p>\n<h3 class=\"title\">4.2. Enlla\u00e7os externs amb destinaci\u00f3 a les p\u00e0gines web de The Net Revenue<\/h3>\n<p class=\"text\">Si qualsevol altre lloc web, usuari o entitat, volgu\u00e9s establir un enlla\u00e7 amb destinaci\u00f3 a <a href=\"https:\/\/www.thenetrevenue.com\/\">https:\/\/www.thenetrevenue.com<\/a>, aquest enlla\u00e7 haur\u00e0 de sotmetre&#8217;s a les condicions que a continuaci\u00f3 es detallen:<\/p>\n<ol>\n<li>\n<p class=\"text\">L&#8217;enlla\u00e7 anir\u00e0 dirigit a la p\u00e0gina principal o a qualsevol de les seves seccions. L&#8217;enlla\u00e7, en qualsevol cas ha de ser absolut i complet portant l&#8217;usuari amb un sol clic a la URL de la p\u00e0gina principal o a la URL de qualsevol de les seves seccions. L&#8217;enlla\u00e7 haur\u00e0 d&#8217;abastar tota l&#8217;extensi\u00f3 de pantalla del nostre web de <a href=\"https:\/\/www.thenetrevenue.com\/\">https:\/\/www.thenetrevenue.com<\/a><\/p>\n<\/li>\n<li>\n<p class=\"text\">En cap cas, excepte autoritzaci\u00f3 expressa per escrit per part de The Net Revenue, el lloc web que estableix l&#8217;enlla\u00e7 podr\u00e0 reproduir de qualsevol manera <a href=\"https:\/\/www.thenetrevenue.com\/\">https:\/\/www.thenetrevenue.com<\/a>, incloent-lo com a part integrant del seu web, utilitzant marcs, redireccions o qualsevol altra mesura que suposi ocultar l&#8217;origen de la informaci\u00f3.<\/p>\n<\/li>\n<li>\n<p class=\"text\">No s&#8217;autoritza l&#8217;establiment d&#8217;enlla\u00e7 a <a href=\"https:\/\/www.thenetrevenue.com\/\">https:\/\/www.thenetrevenue.com<\/a>, des de llocs web que continguin continguts il\u00b7l\u00edcits, il\u00b7legals, degradants u obscens, contravenint la moral o l&#8217;ordre p\u00fablic.<\/p>\n<\/li>\n<\/ol>\n<p class=\"text\">El servei d&#8217;acc\u00e9s al lloc web inclou dispositius t\u00e8cnics d&#8217;enlla\u00e7, directoris i fins i tot instruments de cerca que permeten a l&#8217;Usuari accedir a altres p\u00e0gines i portals d&#8217;Internet (d&#8217;ara endavant, &#8216;Llocs Enlla\u00e7ats&#8217;). En aquests casos, The Net Revenue actua com a prestador de serveis d&#8217;intermediaci\u00f3 de conformitat amb la Llei de Serveis de la Informaci\u00f3 i Comer\u00e7 electr\u00f2nic i nom\u00e9s ser\u00e0 responsable dels continguts i serveis subministrats als Llocs Enlla\u00e7ats en la mesura que tingui coneixement efectiu de la il\u00b7licitud i no hagi desactivat l&#8217;enlla\u00e7 amb la dilig\u00e8ncia deguda. En el sup\u00f2sit que l&#8217;Usuari consideri que existeix un Lloc Enlla\u00e7at amb continguts il\u00b7l\u00edcits o inadequats, podr\u00e0 comunicar-ho a The Net Revenue enviant un missatge a <a href=\"mailto:gdpr@thenetrevenue.com\">gdpr@thenetrevenue.com<\/a>, sense que en cap cas aquesta comunicaci\u00f3 comporti l&#8217;obligaci\u00f3 de retirar el corresponent enlla\u00e7.<\/p>\n<p class=\"text\">En cap cas, l&#8217;exist\u00e8ncia de Llocs Enlla\u00e7ats ha de pressuposar l&#8217;exist\u00e8ncia d&#8217;acords amb els responsables o titulars d&#8217;aquests, ni la recomanaci\u00f3, promoci\u00f3 o identificaci\u00f3 de The Net Revenue amb les manifestacions, continguts o serveis prove\u00efts.<\/p>\n<p class=\"text\">The Net Revenue no coneix els continguts i serveis dels Llocs Enlla\u00e7ats i, per tant, no es fa responsable pels danys produ\u00efts per la il\u00b7licitud, qualitat, desactualitzaci\u00f3, indisponibilitat, error i inutilitat dels continguts i\/o serveis dels Llocs Enlla\u00e7ats ni per qualsevol altre dany que no sigui directament imputable a The Net Revenue.<\/p>\n<h2 class=\"title\"><strong>5. Exclusi\u00f3 de responsabilitat<\/strong><\/h2>\n<p class=\"text\">La responsabilitat en l&#8217;\u00fas d&#8217;aquest Lloc Web correspon de forma \u00fanica i exclusiva a l&#8217;Usuari.<\/p>\n<p class=\"text\">The Net Revenue no es fa responsable, en cap cas, dels danys i perjudicis de qualsevol naturalesa que poguessin causar-se per:<\/p>\n<p class=\"text\">1. La no disponibilitat, manteniment i funcionament del Lloc web o dels seus serveis o continguts, ja que requereix de subministraments i serveis de tercers.<\/p>\n<p class=\"text\">2. Els errors i omissions en la informaci\u00f3 publicada, aix\u00ed com la falta d&#8217;utilitat, adequaci\u00f3 o validesa del lloc web o dels seus serveis o continguts per satisfer necessitats, activitats o resultats concrets o expectatives dels Usuaris.<\/p>\n<p class=\"text\">L&#8217;acc\u00e9s al nostre lloc web no implica l&#8217;obligaci\u00f3 per part de The Net Revenue de controlar l&#8217;abs\u00e8ncia de virus o qualsevol altre element inform\u00e0tic nociu. Correspon a l&#8217;Usuari, en tot cas, la disponibilitat d&#8217;eines adequades per a la detecci\u00f3 i desinfecci\u00f3 de programes inform\u00e0tics nocius. The Net Revenue no es responsabilitza dels danys produ\u00efts en els equips inform\u00e0tics dels Usuaris o de tercers durant l&#8217;\u00fas del lloc web.<\/p>\n<h2 class=\"title\"><strong>6. Legislaci\u00f3<\/strong><\/h2>\n<p class=\"text\">El present Av\u00eds Legal es regeix en tots i cadascun dels seus extrems per la normativa europea aplicable.<\/p>\n<h2 class=\"title\"><strong>7. Actualitzaci\u00f3<\/strong><\/h2>\n<p class=\"text\">El present \u00fas del web s&#8217;ha revisat per \u00faltima vegada el <strong><u>novembre de 2024<\/u><\/strong><\/p>\n<\/div>\n<\/div>\n<\/div>\n<\/section>\n<footer class=\"mb-0 position-relative\">\n<div class=\"container\">\n<div class=\"row\">\n<div class=\"col-12\"><\/div>\n<\/div>\n<\/div>\n<\/footer>\n","protected":false},"excerpt":{"rendered":"<p>1. Abast Aquestes Condicions d&#8217;\u00das del Web estableixen les condicions generals que regulen tant l&#8217;acc\u00e9s, com la navegaci\u00f3, aix\u00ed com l&#8217;\u00fas dels continguts del present web. La informaci\u00f3 continguda en aquesta p\u00e0gina web fa refer\u00e8ncia als serveis oferts per The Net Revenue, SL (d&#8217;ara&#8230;<\/p>\n","protected":false},"author":1,"featured_media":0,"parent":0,"menu_order":0,"comment_status":"closed","ping_status":"closed","template":"","meta":{"footnotes":""},"class_list":["post-3553","page","type-page","status-publish","hentry"],"yoast_head":"<!-- This site is optimized with the Yoast SEO plugin v27.5 - https:\/\/yoast.com\/product\/yoast-seo-wordpress\/ -->\n<title>Condicions d&#039;\u00fas del web | The Net Revenue<\/title>\n<meta name=\"description\" content=\"Serveis de revenue management per a hotels. Optimitzem ingressos i rendibilitat amb el millor servei d&#039;atenci\u00f3 i tecnologia bigdata.\" \/>\n<meta name=\"robots\" content=\"index, follow, max-snippet:-1, max-image-preview:large, max-video-preview:-1\" \/>\n<link rel=\"canonical\" href=\"https:\/\/www.thenetrevenue.com\/ca\/condicions-us-web\/\" \/>\n<meta property=\"og:locale\" content=\"ca_ES\" \/>\n<meta property=\"og:type\" content=\"article\" \/>\n<meta property=\"og:title\" content=\"Condicions d&#039;\u00fas del web | The Net Revenue\" \/>\n<meta property=\"og:description\" content=\"Serveis de revenue management per a hotels. Optimitzem ingressos i rendibilitat amb el millor servei d&#039;atenci\u00f3 i tecnologia bigdata.\" \/>\n<meta property=\"og:url\" content=\"https:\/\/www.thenetrevenue.com\/ca\/condicions-us-web\/\" \/>\n<meta property=\"og:site_name\" content=\"The Net Revenue\" \/>\n<meta property=\"article:publisher\" content=\"https:\/\/www.facebook.com\/thenetrevenue\" \/>\n<meta property=\"article:modified_time\" content=\"2025-10-03T11:28:26+00:00\" \/>\n<meta property=\"og:image\" content=\"https:\/\/www.thenetrevenue.com\/wp-content\/uploads\/2025\/11\/TNR_Logo_Black.jpg\" \/>\n\t<meta property=\"og:image:width\" content=\"1287\" \/>\n\t<meta property=\"og:image:height\" content=\"578\" \/>\n\t<meta property=\"og:image:type\" content=\"image\/jpeg\" \/>\n<meta name=\"twitter:card\" content=\"summary_large_image\" \/>\n<meta name=\"twitter:site\" content=\"@thenetrevenue\" \/>\n<meta name=\"twitter:label1\" content=\"Temps estimat de lectura\" \/>\n\t<meta name=\"twitter:data1\" content=\"7 minuts\" \/>\n<script type=\"application\/ld+json\" class=\"yoast-schema-graph\">{\"@context\":\"https:\\\/\\\/schema.org\",\"@graph\":[{\"@type\":\"WebPage\",\"@id\":\"https:\\\/\\\/www.thenetrevenue.com\\\/ca\\\/condicions-us-web\\\/\",\"url\":\"https:\\\/\\\/www.thenetrevenue.com\\\/ca\\\/condicions-us-web\\\/\",\"name\":\"Condicions d'\u00fas del web | The Net Revenue\",\"isPartOf\":{\"@id\":\"https:\\\/\\\/www.thenetrevenue.com\\\/ca\\\/#website\"},\"datePublished\":\"2025-08-19T14:51:02+00:00\",\"dateModified\":\"2025-10-03T11:28:26+00:00\",\"description\":\"Serveis de revenue management per a hotels. Optimitzem ingressos i rendibilitat amb el millor servei d'atenci\u00f3 i tecnologia bigdata.\",\"breadcrumb\":{\"@id\":\"https:\\\/\\\/www.thenetrevenue.com\\\/ca\\\/condicions-us-web\\\/#breadcrumb\"},\"inLanguage\":\"ca\",\"potentialAction\":[{\"@type\":\"ReadAction\",\"target\":[\"https:\\\/\\\/www.thenetrevenue.com\\\/ca\\\/condicions-us-web\\\/\"]}]},{\"@type\":\"BreadcrumbList\",\"@id\":\"https:\\\/\\\/www.thenetrevenue.com\\\/ca\\\/condicions-us-web\\\/#breadcrumb\",\"itemListElement\":[{\"@type\":\"ListItem\",\"position\":1,\"name\":\"Portada\",\"item\":\"https:\\\/\\\/www.thenetrevenue.com\\\/ca\\\/\"},{\"@type\":\"ListItem\",\"position\":2,\"name\":\"Condicions d&#8217;\u00fas\"}]},{\"@type\":\"WebSite\",\"@id\":\"https:\\\/\\\/www.thenetrevenue.com\\\/ca\\\/#website\",\"url\":\"https:\\\/\\\/www.thenetrevenue.com\\\/ca\\\/\",\"name\":\"The Net Revenue | Servicios de revenue management para hoteles\",\"description\":\"Servicios de revenue management para hoteles\",\"publisher\":{\"@id\":\"https:\\\/\\\/www.thenetrevenue.com\\\/ca\\\/#organization\"},\"potentialAction\":[{\"@type\":\"SearchAction\",\"target\":{\"@type\":\"EntryPoint\",\"urlTemplate\":\"https:\\\/\\\/www.thenetrevenue.com\\\/ca\\\/?s={search_term_string}\"},\"query-input\":{\"@type\":\"PropertyValueSpecification\",\"valueRequired\":true,\"valueName\":\"search_term_string\"}}],\"inLanguage\":\"ca\"},{\"@type\":\"Organization\",\"@id\":\"https:\\\/\\\/www.thenetrevenue.com\\\/ca\\\/#organization\",\"name\":\"The Net Revenue\",\"url\":\"https:\\\/\\\/www.thenetrevenue.com\\\/ca\\\/\",\"logo\":{\"@type\":\"ImageObject\",\"inLanguage\":\"ca\",\"@id\":\"https:\\\/\\\/www.thenetrevenue.com\\\/ca\\\/#\\\/schema\\\/logo\\\/image\\\/\",\"url\":\"https:\\\/\\\/www.thenetrevenue.com\\\/wp-content\\\/uploads\\\/2025\\\/11\\\/TNR_Logo_Black.jpg\",\"contentUrl\":\"https:\\\/\\\/www.thenetrevenue.com\\\/wp-content\\\/uploads\\\/2025\\\/11\\\/TNR_Logo_Black.jpg\",\"width\":1287,\"height\":578,\"caption\":\"The Net Revenue\"},\"image\":{\"@id\":\"https:\\\/\\\/www.thenetrevenue.com\\\/ca\\\/#\\\/schema\\\/logo\\\/image\\\/\"},\"sameAs\":[\"https:\\\/\\\/www.facebook.com\\\/thenetrevenue\",\"https:\\\/\\\/x.com\\\/thenetrevenue\",\"https:\\\/\\\/www.instagram.com\\\/thenetrevenue\",\"https:\\\/\\\/www.linkedin.com\\\/company\\\/the-net-revenue\\\/\"]}]}<\/script>\n<!-- \/ Yoast SEO plugin. -->","yoast_head_json":{"title":"Condicions d'\u00fas del web | The Net Revenue","description":"Serveis de revenue management per a hotels. Optimitzem ingressos i rendibilitat amb el millor servei d'atenci\u00f3 i tecnologia bigdata.","robots":{"index":"index","follow":"follow","max-snippet":"max-snippet:-1","max-image-preview":"max-image-preview:large","max-video-preview":"max-video-preview:-1"},"canonical":"https:\/\/www.thenetrevenue.com\/ca\/condicions-us-web\/","og_locale":"ca_ES","og_type":"article","og_title":"Condicions d'\u00fas del web | The Net Revenue","og_description":"Serveis de revenue management per a hotels. Optimitzem ingressos i rendibilitat amb el millor servei d'atenci\u00f3 i tecnologia bigdata.","og_url":"https:\/\/www.thenetrevenue.com\/ca\/condicions-us-web\/","og_site_name":"The Net Revenue","article_publisher":"https:\/\/www.facebook.com\/thenetrevenue","article_modified_time":"2025-10-03T11:28:26+00:00","og_image":[{"width":1287,"height":578,"url":"https:\/\/www.thenetrevenue.com\/wp-content\/uploads\/2025\/11\/TNR_Logo_Black.jpg","type":"image\/jpeg"}],"twitter_card":"summary_large_image","twitter_site":"@thenetrevenue","twitter_misc":{"Temps estimat de lectura":"7 minuts"},"schema":{"@context":"https:\/\/schema.org","@graph":[{"@type":"WebPage","@id":"https:\/\/www.thenetrevenue.com\/ca\/condicions-us-web\/","url":"https:\/\/www.thenetrevenue.com\/ca\/condicions-us-web\/","name":"Condicions d'\u00fas del web | The Net Revenue","isPartOf":{"@id":"https:\/\/www.thenetrevenue.com\/ca\/#website"},"datePublished":"2025-08-19T14:51:02+00:00","dateModified":"2025-10-03T11:28:26+00:00","description":"Serveis de revenue management per a hotels. Optimitzem ingressos i rendibilitat amb el millor servei d'atenci\u00f3 i tecnologia bigdata.","breadcrumb":{"@id":"https:\/\/www.thenetrevenue.com\/ca\/condicions-us-web\/#breadcrumb"},"inLanguage":"ca","potentialAction":[{"@type":"ReadAction","target":["https:\/\/www.thenetrevenue.com\/ca\/condicions-us-web\/"]}]},{"@type":"BreadcrumbList","@id":"https:\/\/www.thenetrevenue.com\/ca\/condicions-us-web\/#breadcrumb","itemListElement":[{"@type":"ListItem","position":1,"name":"Portada","item":"https:\/\/www.thenetrevenue.com\/ca\/"},{"@type":"ListItem","position":2,"name":"Condicions d&#8217;\u00fas"}]},{"@type":"WebSite","@id":"https:\/\/www.thenetrevenue.com\/ca\/#website","url":"https:\/\/www.thenetrevenue.com\/ca\/","name":"The Net Revenue | Servicios de revenue management para hoteles","description":"Servicios de revenue management para hoteles","publisher":{"@id":"https:\/\/www.thenetrevenue.com\/ca\/#organization"},"potentialAction":[{"@type":"SearchAction","target":{"@type":"EntryPoint","urlTemplate":"https:\/\/www.thenetrevenue.com\/ca\/?s={search_term_string}"},"query-input":{"@type":"PropertyValueSpecification","valueRequired":true,"valueName":"search_term_string"}}],"inLanguage":"ca"},{"@type":"Organization","@id":"https:\/\/www.thenetrevenue.com\/ca\/#organization","name":"The Net Revenue","url":"https:\/\/www.thenetrevenue.com\/ca\/","logo":{"@type":"ImageObject","inLanguage":"ca","@id":"https:\/\/www.thenetrevenue.com\/ca\/#\/schema\/logo\/image\/","url":"https:\/\/www.thenetrevenue.com\/wp-content\/uploads\/2025\/11\/TNR_Logo_Black.jpg","contentUrl":"https:\/\/www.thenetrevenue.com\/wp-content\/uploads\/2025\/11\/TNR_Logo_Black.jpg","width":1287,"height":578,"caption":"The Net Revenue"},"image":{"@id":"https:\/\/www.thenetrevenue.com\/ca\/#\/schema\/logo\/image\/"},"sameAs":["https:\/\/www.facebook.com\/thenetrevenue","https:\/\/x.com\/thenetrevenue","https:\/\/www.instagram.com\/thenetrevenue","https:\/\/www.linkedin.com\/company\/the-net-revenue\/"]}]}},"meta_box":[],"_links":{"self":[{"href":"https:\/\/www.thenetrevenue.com\/ca\/wp-json\/wp\/v2\/pages\/3553","targetHints":{"allow":["GET"]}}],"collection":[{"href":"https:\/\/www.thenetrevenue.com\/ca\/wp-json\/wp\/v2\/pages"}],"about":[{"href":"https:\/\/www.thenetrevenue.com\/ca\/wp-json\/wp\/v2\/types\/page"}],"author":[{"embeddable":true,"href":"https:\/\/www.thenetrevenue.com\/ca\/wp-json\/wp\/v2\/users\/1"}],"replies":[{"embeddable":true,"href":"https:\/\/www.thenetrevenue.com\/ca\/wp-json\/wp\/v2\/comments?post=3553"}],"version-history":[{"count":0,"href":"https:\/\/www.thenetrevenue.com\/ca\/wp-json\/wp\/v2\/pages\/3553\/revisions"}],"wp:attachment":[{"href":"https:\/\/www.thenetrevenue.com\/ca\/wp-json\/wp\/v2\/media?parent=3553"}],"curies":[{"name":"wp","href":"https:\/\/api.w.org\/{rel}","templated":true}]}}