{"id":3548,"date":"2025-08-19T16:43:11","date_gmt":"2025-08-19T14:43:11","guid":{"rendered":"https:\/\/staging.thenetrevenue.com\/thenetrevenue\/aviso-legal\/"},"modified":"2025-09-29T12:45:28","modified_gmt":"2025-09-29T10:45:28","slug":"avis-legal","status":"publish","type":"page","link":"https:\/\/www.thenetrevenue.com\/ca\/avis-legal\/","title":{"rendered":"Av\u00eds legal"},"content":{"rendered":"\r\n<section class=\"mt mb bg-grey basic-page\">\r\n<div class=\"container\">\r\n<div class=\"row\">\u00a0<\/div>\r\n<\/div>\r\n<\/section>\r\n<footer class=\"mb-0 position-relative\">\r\n<div class=\"container\">\r\n<div class=\"row\">\r\n<div class=\"col-12\">\u00a0<\/div>\r\n<\/div>\r\n<\/div>\r\n<\/footer>\r\n<table style=\"height: 2688px;\" width=\"1322\">\r\n<tbody>\r\n<tr>\r\n<td width=\"37\">\r\n<p><strong><em>1.-<\/em><\/strong><\/p>\r\n<\/td>\r\n<td width=\"166\">\r\n<p><strong>Responsable del tractament:<\/strong><\/p>\r\n<\/td>\r\n<td width=\"359\">\r\n<p><strong>THE NET REVENUE, SL<\/strong><\/p>\r\n<\/td>\r\n<td width=\"103\">\r\n<p><u>Ampliar info.<\/u><\/p>\r\n<\/td>\r\n<\/tr>\r\n<tr>\r\n<td width=\"37\">\r\n<p><strong><em>2.-<\/em><\/strong><\/p>\r\n<\/td>\r\n<td width=\"166\">\r\n<p><strong>Tipus de dades personals que tractem i amb quina finalitat:<\/strong><\/p>\r\n<\/td>\r\n<td width=\"359\">\r\n<p>Dades de contacte i altres necess\u00e0ries per a les finalitats requerides, com donar resposta a la informaci\u00f3 sol\u00b7licitada a trav\u00e9s del nostre web <a href=\"https:\/\/www.thenetrevenue.com\">https:\/\/www.thenetrevenue.com<\/a> i altres mitjans o gestionar la prestaci\u00f3 dels nostres serveis. Gesti\u00f3 administrativa de l&#8217;empresa i el compliment de les obligacions legals que es generin.<\/p>\r\n<\/td>\r\n<td width=\"103\">\r\n<p><u>Ampliar info.<\/u><\/p>\r\n<\/td>\r\n<\/tr>\r\n<tr>\r\n<td width=\"37\">\r\n<p><strong><em>3.-<\/em><\/strong><\/p>\r\n<\/td>\r\n<td width=\"166\">\r\n<p><strong>Legitimaci\u00f3 del tractament:<\/strong><\/p>\r\n<\/td>\r\n<td width=\"359\">\r\n<p><strong>C<\/strong>onsentiment de l&#8217;usuari, compliment d&#8217;obligacions legals, l&#8217;execuci\u00f3 de les obligacions que es generin entre nosaltres i els nostres clients, prove\u00efdors i treballadors. Els nostres interessos leg\u00edtims, si escau.<\/p>\r\n<\/td>\r\n<td width=\"103\">\r\n<p><u>Ampliar info.<\/u><\/p>\r\n<\/td>\r\n<\/tr>\r\n<tr>\r\n<td width=\"37\">\r\n<p><strong><em>4.-<\/em><\/strong><\/p>\r\n<\/td>\r\n<td width=\"166\">\r\n<p><strong>Termini de conservaci\u00f3:<\/strong><\/p>\r\n<\/td>\r\n<td width=\"359\">\r\n<p>Mentre duri la legitimaci\u00f3 per consentiment, la relaci\u00f3 contractual, l&#8217;obligaci\u00f3 legal o l&#8217;inter\u00e8s leg\u00edtim.<\/p>\r\n<\/td>\r\n<td width=\"103\">\r\n<p><u>Ampliar info.<\/u><\/p>\r\n<\/td>\r\n<\/tr>\r\n<tr>\r\n<td width=\"37\">\r\n<p><strong><em>5.-<\/em><\/strong><\/p>\r\n<\/td>\r\n<td width=\"166\">\r\n<p><strong>Destinataris: <\/strong><\/p>\r\n<\/td>\r\n<td width=\"359\">\r\n<p>Les dades que ens faciliti seran incorporades a una base de dades pertanyent a YURBBAN WORLDWIDE, SL a la qual pertany THE NET REVENUE, SL i podran ser compartides, per motius operatius, amb altres societats del GRUP SOGAMAN, pertanyents al nostre Grup empresarial per\u00f2 no seran cedides a tercers, excepte a aquells que necess\u00e0riament hagin d&#8217;intervenir en la prestaci\u00f3 dels nostres serveis, aix\u00ed com per al compliment de les obligacions legals que ens corresponguin.<\/p>\r\n<\/td>\r\n<td width=\"103\">\r\n<p><u>Ampliar info.<\/u><\/p>\r\n<\/td>\r\n<\/tr>\r\n<tr>\r\n<td width=\"37\">\r\n<p><strong><em>6.-<\/em><\/strong><\/p>\r\n<\/td>\r\n<td width=\"166\">\r\n<p><strong>Exercici de drets:<\/strong><\/p>\r\n<\/td>\r\n<td width=\"359\">\r\n<p>Accedir, rectificar i suprimir les seves dades, aix\u00ed com els altres drets previstos per la normativa vigent.<\/p>\r\n<\/td>\r\n<td width=\"103\">\r\n<p><u>Ampliar info.<\/u><\/p>\r\n<\/td>\r\n<\/tr>\r\n<tr>\r\n<td width=\"37\">\r\n<p><strong><em>7.-<\/em><\/strong><\/p>\r\n<\/td>\r\n<td width=\"166\">\r\n<p><strong>Reclamaci\u00f3 davant l&#8217;Autoritat de Control:<\/strong><\/p>\r\n<\/td>\r\n<td width=\"359\">\r\n<p>Pot dirigir les reclamacions derivades del tractament de les seves dades de car\u00e0cter personal a l&#8217;Ag\u00e8ncia Espanyola de Protecci\u00f3 de Dades (<a href=\"http:\/\/www.aepd.es\">www.aepd.es<\/a>)<\/p>\r\n<\/td>\r\n<td width=\"103\">\r\n<p><u>Ampliar info.<\/u><\/p>\r\n<\/td>\r\n<\/tr>\r\n<tr>\r\n<td width=\"37\">\r\n<p><strong><em>8.-<\/em><\/strong><\/p>\r\n<\/td>\r\n<td width=\"166\">\r\n<p><strong>Legislaci\u00f3 i jurisdicci\u00f3<\/strong><\/p>\r\n<\/td>\r\n<td width=\"359\">\r\n<p>La present pol\u00edtica de privacitat es regeix en tots i cadascun dels seus extrems pel Reglament General de Protecci\u00f3 de dades de la Uni\u00f3 Europea i altra normativa espanyola relacionada.<\/p>\r\n<\/td>\r\n<td width=\"103\">\r\n<p><u>Ampliar info.<\/u><\/p>\r\n<\/td>\r\n<\/tr>\r\n<tr>\r\n<td width=\"37\">\r\n<p><strong><em>9.-<\/em><\/strong><\/p>\r\n<\/td>\r\n<td width=\"166\">\r\n<p><strong>Informaci\u00f3 addicional<\/strong><\/p>\r\n<\/td>\r\n<td width=\"359\">\r\n<p>Informaci\u00f3 addicional sobre seguretat i altres aspectes<\/p>\r\n<\/td>\r\n<td width=\"103\">\r\n<p><u>Ampliar info.<\/u><\/p>\r\n<\/td>\r\n<\/tr>\r\n<tr>\r\n<td width=\"37\">\r\n<p><strong><em>10.-<\/em><\/strong><\/p>\r\n<\/td>\r\n<td width=\"166\">\r\n<p><strong>Actualitzaci\u00f3:<\/strong><\/p>\r\n<\/td>\r\n<td width=\"359\">\r\n<p><strong>Novembre de 2024<\/strong><\/p>\r\n<\/td>\r\n<td width=\"103\">\r\n<p><u>Ampliar info.<\/u><\/p>\r\n<\/td>\r\n<\/tr>\r\n<\/tbody>\r\n<\/table>","protected":false},"excerpt":{"rendered":"<p>\u00a0 \u00a0 1.- Responsable del tractament: THE NET REVENUE, SL Ampliar info. 2.- Tipus de dades personals que tractem i amb quina finalitat: Dades de contacte i altres necess\u00e0ries per a les finalitats requerides, com donar resposta a la informaci\u00f3 sol\u00b7licitada a trav\u00e9s del&#8230;<\/p>\n","protected":false},"author":1,"featured_media":0,"parent":0,"menu_order":0,"comment_status":"closed","ping_status":"open","template":"","meta":{"footnotes":""},"class_list":["post-3548","page","type-page","status-publish","hentry"],"yoast_head":"<!-- This site is optimized with the Yoast SEO plugin v27.5 - https:\/\/yoast.com\/product\/yoast-seo-wordpress\/ -->\n<title>Aviso legal | The Net Revenue<\/title>\n<meta name=\"description\" content=\"Serveis de revenue management per a hotels. Optimitzem els ingressos i la rendibilitat amb el millor servei i tecnologia big data.\" \/>\n<meta name=\"robots\" content=\"index, follow, max-snippet:-1, max-image-preview:large, max-video-preview:-1\" \/>\n<link rel=\"canonical\" href=\"https:\/\/www.thenetrevenue.com\/ca\/avis-legal\/\" \/>\n<meta property=\"og:locale\" content=\"ca_ES\" \/>\n<meta property=\"og:type\" content=\"article\" \/>\n<meta property=\"og:title\" content=\"Aviso legal | The Net Revenue\" \/>\n<meta property=\"og:description\" content=\"Serveis de revenue management per a hotels. Optimitzem els ingressos i la rendibilitat amb el millor servei i tecnologia big data.\" \/>\n<meta property=\"og:url\" content=\"https:\/\/www.thenetrevenue.com\/ca\/avis-legal\/\" \/>\n<meta property=\"og:site_name\" content=\"The Net Revenue\" \/>\n<meta property=\"article:publisher\" content=\"https:\/\/www.facebook.com\/thenetrevenue\" \/>\n<meta property=\"article:modified_time\" content=\"2025-09-29T10:45:28+00:00\" \/>\n<meta property=\"og:image\" content=\"https:\/\/www.thenetrevenue.com\/wp-content\/uploads\/2025\/11\/TNR_Logo_Black.jpg\" \/>\n\t<meta property=\"og:image:width\" content=\"1287\" \/>\n\t<meta property=\"og:image:height\" content=\"578\" \/>\n\t<meta property=\"og:image:type\" content=\"image\/jpeg\" \/>\n<meta name=\"twitter:card\" content=\"summary_large_image\" \/>\n<meta name=\"twitter:site\" content=\"@thenetrevenue\" \/>\n<meta name=\"twitter:label1\" content=\"Temps estimat de lectura\" \/>\n\t<meta name=\"twitter:data1\" content=\"2 minuts\" \/>\n<script type=\"application\/ld+json\" class=\"yoast-schema-graph\">{\"@context\":\"https:\\\/\\\/schema.org\",\"@graph\":[{\"@type\":\"WebPage\",\"@id\":\"https:\\\/\\\/www.thenetrevenue.com\\\/ca\\\/avis-legal\\\/\",\"url\":\"https:\\\/\\\/www.thenetrevenue.com\\\/ca\\\/avis-legal\\\/\",\"name\":\"Aviso legal | The Net Revenue\",\"isPartOf\":{\"@id\":\"https:\\\/\\\/www.thenetrevenue.com\\\/ca\\\/#website\"},\"datePublished\":\"2025-08-19T14:43:11+00:00\",\"dateModified\":\"2025-09-29T10:45:28+00:00\",\"description\":\"Serveis de revenue management per a hotels. Optimitzem els ingressos i la rendibilitat amb el millor servei i tecnologia big data.\",\"breadcrumb\":{\"@id\":\"https:\\\/\\\/www.thenetrevenue.com\\\/ca\\\/avis-legal\\\/#breadcrumb\"},\"inLanguage\":\"ca\",\"potentialAction\":[{\"@type\":\"ReadAction\",\"target\":[\"https:\\\/\\\/www.thenetrevenue.com\\\/ca\\\/avis-legal\\\/\"]}]},{\"@type\":\"BreadcrumbList\",\"@id\":\"https:\\\/\\\/www.thenetrevenue.com\\\/ca\\\/avis-legal\\\/#breadcrumb\",\"itemListElement\":[{\"@type\":\"ListItem\",\"position\":1,\"name\":\"Portada\",\"item\":\"https:\\\/\\\/www.thenetrevenue.com\\\/ca\\\/\"},{\"@type\":\"ListItem\",\"position\":2,\"name\":\"Av\u00eds legal\"}]},{\"@type\":\"WebSite\",\"@id\":\"https:\\\/\\\/www.thenetrevenue.com\\\/ca\\\/#website\",\"url\":\"https:\\\/\\\/www.thenetrevenue.com\\\/ca\\\/\",\"name\":\"The Net Revenue | Servicios de revenue management para hoteles\",\"description\":\"Servicios de revenue management para hoteles\",\"publisher\":{\"@id\":\"https:\\\/\\\/www.thenetrevenue.com\\\/ca\\\/#organization\"},\"potentialAction\":[{\"@type\":\"SearchAction\",\"target\":{\"@type\":\"EntryPoint\",\"urlTemplate\":\"https:\\\/\\\/www.thenetrevenue.com\\\/ca\\\/?s={search_term_string}\"},\"query-input\":{\"@type\":\"PropertyValueSpecification\",\"valueRequired\":true,\"valueName\":\"search_term_string\"}}],\"inLanguage\":\"ca\"},{\"@type\":\"Organization\",\"@id\":\"https:\\\/\\\/www.thenetrevenue.com\\\/ca\\\/#organization\",\"name\":\"The Net Revenue\",\"url\":\"https:\\\/\\\/www.thenetrevenue.com\\\/ca\\\/\",\"logo\":{\"@type\":\"ImageObject\",\"inLanguage\":\"ca\",\"@id\":\"https:\\\/\\\/www.thenetrevenue.com\\\/ca\\\/#\\\/schema\\\/logo\\\/image\\\/\",\"url\":\"https:\\\/\\\/www.thenetrevenue.com\\\/wp-content\\\/uploads\\\/2025\\\/11\\\/TNR_Logo_Black.jpg\",\"contentUrl\":\"https:\\\/\\\/www.thenetrevenue.com\\\/wp-content\\\/uploads\\\/2025\\\/11\\\/TNR_Logo_Black.jpg\",\"width\":1287,\"height\":578,\"caption\":\"The Net Revenue\"},\"image\":{\"@id\":\"https:\\\/\\\/www.thenetrevenue.com\\\/ca\\\/#\\\/schema\\\/logo\\\/image\\\/\"},\"sameAs\":[\"https:\\\/\\\/www.facebook.com\\\/thenetrevenue\",\"https:\\\/\\\/x.com\\\/thenetrevenue\",\"https:\\\/\\\/www.instagram.com\\\/thenetrevenue\",\"https:\\\/\\\/www.linkedin.com\\\/company\\\/the-net-revenue\\\/\"]}]}<\/script>\n<!-- \/ Yoast SEO plugin. -->","yoast_head_json":{"title":"Aviso legal | The Net Revenue","description":"Serveis de revenue management per a hotels. Optimitzem els ingressos i la rendibilitat amb el millor servei i tecnologia big data.","robots":{"index":"index","follow":"follow","max-snippet":"max-snippet:-1","max-image-preview":"max-image-preview:large","max-video-preview":"max-video-preview:-1"},"canonical":"https:\/\/www.thenetrevenue.com\/ca\/avis-legal\/","og_locale":"ca_ES","og_type":"article","og_title":"Aviso legal | The Net Revenue","og_description":"Serveis de revenue management per a hotels. Optimitzem els ingressos i la rendibilitat amb el millor servei i tecnologia big data.","og_url":"https:\/\/www.thenetrevenue.com\/ca\/avis-legal\/","og_site_name":"The Net Revenue","article_publisher":"https:\/\/www.facebook.com\/thenetrevenue","article_modified_time":"2025-09-29T10:45:28+00:00","og_image":[{"width":1287,"height":578,"url":"https:\/\/www.thenetrevenue.com\/wp-content\/uploads\/2025\/11\/TNR_Logo_Black.jpg","type":"image\/jpeg"}],"twitter_card":"summary_large_image","twitter_site":"@thenetrevenue","twitter_misc":{"Temps estimat de lectura":"2 minuts"},"schema":{"@context":"https:\/\/schema.org","@graph":[{"@type":"WebPage","@id":"https:\/\/www.thenetrevenue.com\/ca\/avis-legal\/","url":"https:\/\/www.thenetrevenue.com\/ca\/avis-legal\/","name":"Aviso legal | The Net Revenue","isPartOf":{"@id":"https:\/\/www.thenetrevenue.com\/ca\/#website"},"datePublished":"2025-08-19T14:43:11+00:00","dateModified":"2025-09-29T10:45:28+00:00","description":"Serveis de revenue management per a hotels. Optimitzem els ingressos i la rendibilitat amb el millor servei i tecnologia big data.","breadcrumb":{"@id":"https:\/\/www.thenetrevenue.com\/ca\/avis-legal\/#breadcrumb"},"inLanguage":"ca","potentialAction":[{"@type":"ReadAction","target":["https:\/\/www.thenetrevenue.com\/ca\/avis-legal\/"]}]},{"@type":"BreadcrumbList","@id":"https:\/\/www.thenetrevenue.com\/ca\/avis-legal\/#breadcrumb","itemListElement":[{"@type":"ListItem","position":1,"name":"Portada","item":"https:\/\/www.thenetrevenue.com\/ca\/"},{"@type":"ListItem","position":2,"name":"Av\u00eds legal"}]},{"@type":"WebSite","@id":"https:\/\/www.thenetrevenue.com\/ca\/#website","url":"https:\/\/www.thenetrevenue.com\/ca\/","name":"The Net Revenue | Servicios de revenue management para hoteles","description":"Servicios de revenue management para hoteles","publisher":{"@id":"https:\/\/www.thenetrevenue.com\/ca\/#organization"},"potentialAction":[{"@type":"SearchAction","target":{"@type":"EntryPoint","urlTemplate":"https:\/\/www.thenetrevenue.com\/ca\/?s={search_term_string}"},"query-input":{"@type":"PropertyValueSpecification","valueRequired":true,"valueName":"search_term_string"}}],"inLanguage":"ca"},{"@type":"Organization","@id":"https:\/\/www.thenetrevenue.com\/ca\/#organization","name":"The Net Revenue","url":"https:\/\/www.thenetrevenue.com\/ca\/","logo":{"@type":"ImageObject","inLanguage":"ca","@id":"https:\/\/www.thenetrevenue.com\/ca\/#\/schema\/logo\/image\/","url":"https:\/\/www.thenetrevenue.com\/wp-content\/uploads\/2025\/11\/TNR_Logo_Black.jpg","contentUrl":"https:\/\/www.thenetrevenue.com\/wp-content\/uploads\/2025\/11\/TNR_Logo_Black.jpg","width":1287,"height":578,"caption":"The Net Revenue"},"image":{"@id":"https:\/\/www.thenetrevenue.com\/ca\/#\/schema\/logo\/image\/"},"sameAs":["https:\/\/www.facebook.com\/thenetrevenue","https:\/\/x.com\/thenetrevenue","https:\/\/www.instagram.com\/thenetrevenue","https:\/\/www.linkedin.com\/company\/the-net-revenue\/"]}]}},"meta_box":[],"_links":{"self":[{"href":"https:\/\/www.thenetrevenue.com\/ca\/wp-json\/wp\/v2\/pages\/3548","targetHints":{"allow":["GET"]}}],"collection":[{"href":"https:\/\/www.thenetrevenue.com\/ca\/wp-json\/wp\/v2\/pages"}],"about":[{"href":"https:\/\/www.thenetrevenue.com\/ca\/wp-json\/wp\/v2\/types\/page"}],"author":[{"embeddable":true,"href":"https:\/\/www.thenetrevenue.com\/ca\/wp-json\/wp\/v2\/users\/1"}],"replies":[{"embeddable":true,"href":"https:\/\/www.thenetrevenue.com\/ca\/wp-json\/wp\/v2\/comments?post=3548"}],"version-history":[{"count":0,"href":"https:\/\/www.thenetrevenue.com\/ca\/wp-json\/wp\/v2\/pages\/3548\/revisions"}],"wp:attachment":[{"href":"https:\/\/www.thenetrevenue.com\/ca\/wp-json\/wp\/v2\/media?parent=3548"}],"curies":[{"name":"wp","href":"https:\/\/api.w.org\/{rel}","templated":true}]}}